{"id":1264,"date":"2022-02-28T22:02:22","date_gmt":"2022-02-28T21:02:22","guid":{"rendered":"https:\/\/wodys.net\/?page_id=1264"},"modified":"2022-07-13T22:18:39","modified_gmt":"2022-07-13T20:18:39","slug":"2003-sardinien","status":"publish","type":"page","link":"https:\/\/wodys.net\/index.php\/blog\/reisetagebuecher-beus\/2003-sardinien\/","title":{"rendered":"2003 Sardinien"},"content":{"rendered":"\n<p>Sardinien &#8211; September 2003<br>Ein Reisetagebuch<\/p>\n\n\n\n<hr class=\"wp-block-separator has-css-opacity is-style-default\"\/>\n\n\n\n<p>Veranstalter: BEUS-Reisen<\/p>\n\n\n\n<p><br><strong>Samstag, 13.09.<\/strong><\/p>\n\n\n\n<p><strong>Anreise<\/strong><br>Duschschlauch geplatzt! Toll!!! F\u00e4ngt ja gut an!<br>50 Minuten bis zum K\u00f6ln-Bonner Flughafen (lt. der besten Mamutschika der Welt &#8222;am A&#8230; der Welt&#8220;)<br>Nach der Landung auf Sardinien\/Olbia erst einmal einen fahrbaren Untersatz besorgen. Die Touri-Schlangen an den bekannten Leihwagenfirmen waren unendlich, also ab zu einem inl\u00e4ndischen Autovermieter.<br>Den fast niegelnagelneuen Clio beladen und ab ging die Post. Bis zur <strong>Isola Rossa<\/strong> haben wir knappe 2 Stunden gebraucht. Als erstes haben wir uns ein supi-leckeres Schokoladen-Eis geg\u00f6nnt, bevor wir zur Wohnungsagentur mussten. Ein Sarde fuhr vor (eine erste Geschmacksprobe des sardischen Fahrstils) unser Appartement lag ein gutes St\u00fcck von Isola Rossa entfernt, abseits der Stra\u00dfe im Nirgendwo. Der n\u00e4chste Strand &#8211; eine felsige, mit Sandbuchten versehende naturbelassende Bucht, lag ca. eineinhalb Kilometer entfernt.<br>Mondnacht<br>Spagetti mit Tomatensauce<\/p>\n\n\n\n<p><strong>Sonntag, 14.09.<\/strong><\/p>\n\n\n\n<p>Ernst wollte Br\u00f6tchen holen, aber der Laden hatte zu. Es ist st\u00fcrmisch und kalt. Die W\u00e4sche trocknet in 5 Minuten im Wind.<\/p>\n\n\n\n<p><strong><em>Fahrroute<\/em><\/strong>: Isola Rossa &#8211; Castelsardo &#8211; Sassari &#8211; Santissina Trinit\u00e1 di Saccorgio (Logudoro)<br>essen gegangen <\/p>\n\n\n\n<p><strong>Montag, 15.09.<\/strong><\/p>\n\n\n\n<p>Ernst macht sich auf den Weg Br\u00f6tchen zu holen &#8211; prust, lach &#8211; der Laden macht erst um 9:00 Uhr auf. pP<\/p>\n\n\n\n<p>Es ist wieder mal st\u00fcrmisch und kalt an diesen morgen<br><strong>Strecke<\/strong>: Capo Testa &#8211; Arzachena &#8211; Luogosanto &#8211; Nuraghe Maiori &#8211; T\u00e9mpio &#8211; Aggius &#8211; Valle della Luna &#8211; Trinita &#8211; Isola Rossa<br>Pute in Rotwein-Sahne-Knobi-Sauce<\/p>\n\n\n\n<p><strong>Dienstag, 16.09.<\/strong><\/p>\n\n\n\n<p>Sonnenschein, fast kein Wind<br>Ab ins Tal des Mondes, danach zum Aussichtspunkt von <strong>Aggius<\/strong><br>anschl. zu unserem Naturstrand: schwimmen, faulenzen<br>abgelegene Bucht, alles besetzt, felsige Bucht, Mini-Garnelen (Jaques! Qui, mon &#8230;) machten sich als Putzkolonnen \u00fcber die F\u00fc\u00dfe her.<br>Sonnenbrand gepflegt und als Abendbrot gab es Fruchtsalat<\/p>\n\n\n\n<p><strong>Mittwoch, 17.09.<\/strong><\/p>\n\n\n\n<p>Auf dem Programm steht die <strong>Tour Nr. 1 von Marco Polo<\/strong><br>nach <strong>Porto Torres<\/strong> &#8211; kurzer Halt bei &#8222;Sella e Mosca&#8220; zum Weinkauf.<\/p>\n\n\n\n<p>Wir mussten erst einmal ein &#8222;Weisskopfseeadler-Geschwader&#8220; an uns vorbeiziehen lassen. Ein Palaver wie auf einen Wochenmarkt.<br>Durch <strong>Alghero<\/strong> &#8211; <strong>Villanova<\/strong> &#8211; <strong>Pozzomaggiore<\/strong> (hier hatten wir uns verfahren, den Fehler erst einmal lachend zur Kenntnis genommen, getankt am Tankomat) &#8211; <strong>Macomer<\/strong> &#8211; <strong>San Leonardo<\/strong> &#8211; <strong>Monte San \u00b4t Antionio<\/strong> (Nuraghe von Tavuli); Fahrt abgebrochen, es war schon sp\u00e4t<\/p>\n\n\n\n<p>Schnell noch einkaufen, ohne Einkaufswagen, wir brauchen doch nur Br\u00f6tchen!!!! Vollgepackt wie zwei Mulis kamen wir an die Kasse!!!<\/p>\n\n\n\n<p>R\u00fcckweg \u00fcber die <strong>131<\/strong> bis <strong>Mores<\/strong>, dort am Stra\u00dfenrand gerastet, einen Snack eingeworfen und den Sonnenuntergang genossen. Im dunkeln \u00fcber <strong>Oschiri<\/strong> &#8211; <strong>Tempio<\/strong> &#8211; <strong>Aggius<\/strong> nach Hause. Ankunft um 21:30 Uhr; sp\u00e4t ins Bett: halb eins<br>H\u00e4hnchen<\/p>\n\n\n\n<p><strong>Donnerstag, 18.09.<\/strong><\/p>\n\n\n\n<p>Ab nach <strong>Olbia<\/strong> zum shoppen!<br><strong>Aggius<\/strong> &#8211; <strong>Tempio<\/strong> &#8211; <strong>Calangianus<\/strong> &#8211; <strong>Telti<\/strong> &#8211; <strong>Olbia<\/strong> &#8211; <strong>Monti<\/strong>.<\/p>\n\n\n\n<p>Auf der suche nach dem Weg bin ich mit dem Wagen fast in der Stra\u00dfe eines Bergdorfes stecken geblieben. Aber, wo man reinkommt, kommt man auch wieder raus. Und wenn die H\u00e4user immer kuscheliger werden kann Frau auch mal die Au\u00dfenspiegel einklappen, damit das Auto doch noch durch die Gasse pa\u00dft.<br>H\u00e4hnchen<\/p>\n\n\n\n<p><strong>Freitag, 19.09.<\/strong><\/p>\n\n\n\n<p><strong>Aggius<\/strong> (wir waren sp\u00e4t dran)<br>wir haben &#8222;unsere rote Inselspitze&#8220; gefunden<br>Strand<br>Ernst hat gemerkt das Freitag ist; ich nicht &#8211; f\u00fcr mich ist immer Freitag<br>Spagetti + Tomatensauce<\/p>\n\n\n\n<p><strong>Samstag, 20.09.<\/strong><\/p>\n\n\n\n<p>Strandtag bis 15 Uhr; anschliessend Taucherbrille + Schnorchel f\u00fcr Ernst gekauft; Eis gegessen und in <strong>Trinita<\/strong> fotografiert + Friedhof besucht<br>Essen &#8222;gegangen&#8220; (nat\u00fcrlich aus unserem Hinterland mit dem Auto hingefahren)<br>Vorspeise mit 4 Tellern<br>Vorgericht drei Verschiedenen kleine H\u00e4ppchen (Ravioli + Nudeln + ?)<br>Hauptgericht: Lammspie\u00dfe, Bauch und Bratwurst mit Pommes, dazu Brot, Wasser und Wein<br>zum Abschluss &#8211; mir war schlecht, so voll war ich &#8211; gab es einen Myrrhten-Schnaps<\/p>\n\n\n\n<p><strong>Sonntag, 21.09.<\/strong><\/p>\n\n\n\n<p>18469 Kurven durchfahren<br>&#8211; <strong>Badesi<\/strong> &#8211; <strong>Viddalba<\/strong> (Prozession verpasst) &#8211; <strong>Perfugas<\/strong> (Besuch Museum) &#8211; <strong>Sedini<\/strong> (Domus de Janas, es war &#8222;sau&#8220;-warm + ich pitschnass nach einem Bad im Brunnen) &#8211; <strong>Monti<\/strong> &#8211; <strong>M\u00f3res<\/strong> (hier haben wir Dolmen gesucht + nicht gefunden) &#8211; <strong>Ittiredda<\/strong> (Schafherde gesehen und fotografiert, Domus de Janas gefunden und erkundet, 1 Stunde Klettertour siehe Reisef\u00fchrer, sardische Machos zum r\u00fcckw\u00e4rtsfahren gezwungen &#8211; die \u00fcben noch) &#8211; <strong>Ozieri<\/strong> &#8211; <strong>Pattada<\/strong> (Messer begutachtet ab 145 Euro) &#8211; \u00dcber <strong>Oschieri<\/strong> &#8211; <strong>Tempio<\/strong> &#8230;der Rest ist ja schon bekannt zur\u00fcck gefahren<br>Strammer Max f\u00fcr Rheinl\u00e4nder (Schinkenbrot mit Spiegelei f\u00fcr Ruhris)<\/p>\n\n\n\n<p><strong>Montag, 22.09.<\/strong><\/p>\n\n\n\n<p>\u00fcber <strong>Porto Torres<\/strong> &#8211; R\u00f6misches Bad am Hafen &#8211; <strong>Silberstadt<\/strong> &#8211; Wein gekauft &#8211; <strong>Sassari<\/strong> &#8211; und zur\u00fcck<\/p>\n\n\n\n<p><strong>Dienstag, 23.09.<\/strong><\/p>\n\n\n\n<p>Santa Theresa bis Mittags, anschl. zum Strand; Ernst konnte zum ersten Mal schnorcheln und ist dabei einem riesengrossem Tintenfisch begegnet<\/p>\n\n\n\n<p><strong>Mittwoch, 24.09.<\/strong><\/p>\n\n\n\n<p>Schlechtes Wetter; nach <strong>Badesi<\/strong> zum einkaufen gefahren<br>Strand + Sonne + Wind = Sonnenbrand; Ernst beim schnorcheln, Biggi beim lesen eingeschlafen (verbrannt wie &#8222;Sau&#8220;)<br>nach <strong>Aggius<\/strong> zum <strong>I.S.O.L.A.-Laden<\/strong> gefahren<br>anschl. &#8222;in den Bergen&#8220; essen gewesen, es war f\u00fcrstlich<\/p>\n\n\n\n<p><strong>Donnerstag, 25.09.<\/strong><\/p>\n\n\n\n<p>die geplante &#8222;lange&#8220; Tour ist wegen Sitzfleischverbrennungen ausgefallen; haben einen neuen Weg nach Tempio ausprobiert, Sightseeingtour durch Tempio, anschl. nach <strong>S. Teresa<\/strong> zum Fischerhafen<br>Sonnenuntergang in unserer Bucht genossen<\/p>\n\n\n\n<p><strong>Freitag, 26.09.<\/strong><\/p>\n\n\n\n<p>8 Uhr aufgestanden<br><strong>&#8211; Agliente &#8211; Tempio &#8211; Calangi\u00e1nus &#8211; Telti &#8211; Monti &#8211; Al\u00e1 dei Sardi &#8211; Budduso &#8211; Bitti &#8211; Orune &#8211; Nuoro &#8211; Org\u00f3solo<\/strong><br>in <strong>Orune<\/strong> Brunnenheiligtum besucht, in <strong>Org\u00f3solo<\/strong> die <strong>Murales<\/strong><br>zur\u00fcck \u00fcber die <strong>131d + 125<\/strong>; um 23 Uhr wieder zu hause<\/p>\n\n\n\n<p><strong>Samstag, 27.09.<\/strong><\/p>\n\n\n\n<p>Fahrt nach <strong>Porto Cervo, Costa Smeralda<\/strong>; Fototour; am sp\u00e4ten Nachmittag wieder zur\u00fcck; bedeckter Himmel und Regen; in S. Teresa einen Eis-Stopp eingelegt und eingekauft<\/p>\n\n\n\n<p><strong>Sonntag, 28.09.<\/strong><\/p>\n\n\n\n<p>8 Uhr aufgestanden<br>um 10 Uhr losgefahren \u00fcber <strong>Sassari<\/strong> &#8211; die 131 bis <strong>Arbus<\/strong> &#8211; \u00fcber die Berge: <strong>Fluminimaggiore<\/strong> &#8211; <strong>Igl\u00e9sias<\/strong><\/p>\n\n\n\n<p>erste Bergwerke gesehen; Zimmer bezogen in <strong>Gonnesa<\/strong><br>nach <strong>Carbonia<\/strong> gefahren: altes Braunkohlenbergwerk gefunden, auf der R\u00fcckfahrt <strong>Bunxit BWS<\/strong> gesichtet<br>abends in einer Pizzeria: ich bin verhungert!!!! (Warum bestelle ich etwas und bekomme nichts?) &#8211; Ernst war pappsatt; um 22 Uhr kamen dann endlich drei Garnelen<br>musste anschl. eine T\u00fcte Erdn\u00fcsse zu mir nehmen, sonst h\u00e4tte ich den n\u00e4chsten Laden \u00fcberfallen<\/p>\n\n\n\n<p><strong>Montag, 29.09.<\/strong><\/p>\n\n\n\n<p>durch Bauerbeiten geweckt; erst einmal gefr\u00fchst\u00fcckt<br>Sirai &#8211; <strong>CARBONIA<\/strong> Zechenschrott &#8211; <strong>Narcao<\/strong> &#8211; Bergwerk Rosas &#8211; &#8230;\u00fcber Land &#8211; <strong>Domusn\u00f3vas<\/strong> &#8211; <strong>S. Giovanni <\/strong>Tropfsteinh\u00f6hle besichtigt (da f\u00fchrte fr\u00fcher mal eine Stra\u00dfe durch) &#8211; verfahren und durch+\u00fcber die Berge eine Bergbautour gemacht &#8211; \u00fcber Iglesias wieder zur\u00fcck<br>Ich habe das fahren verweigert, soll doch fahren wer will, ICH NICHT MEHR<br>Essen gegangen<\/p>\n\n\n\n<p><strong>Dienstag, 30.09.<\/strong><\/p>\n\n\n\n<p>&#8211; <strong>Iglesias<\/strong> &#8211; <strong>Nebida<\/strong> &#8211; <strong>Masua<\/strong> &#8211; und zur\u00fcck; &#8211; <strong>Fluminimaggiore<\/strong> &#8211; <strong>Arbus<\/strong> &#8211; <strong>Guspini<\/strong> &#8211; <strong>Montev\u00e9cchio<\/strong> &#8211; <strong>Marina di Arbus<\/strong> &#8211; <strong>Le Dune<\/strong> (hier war das Nobelhotel ausgebucht) &#8211; und wieder zur\u00fcck bis <strong>Guspini<\/strong>, zwischenzeitlich war es schon dunkel &#8211; Guspini &#8211; <strong>Uras<\/strong> &#8211; 131 bis <strong>Sassari<\/strong> &#8211; <strong>Sorso<\/strong><br>um Mitternacht waren wir wieder zu Hause; die Hunde haben einen Freudentanz veranstaltet<\/p>\n\n\n\n<p><strong>Mittwoch, 01.10.<\/strong><\/p>\n\n\n\n<p>haben bis 10 Uhr geschlafen und einen gem\u00fctlichen Strandtag eingelegt<\/p>\n\n\n\n<p><strong>Donnerstag, 02.10.<\/strong><\/p>\n\n\n\n<p><strong>Aggius<\/strong> &#8211; <strong>Tempio<\/strong> &#8211; <strong>Mores<\/strong> &#8211; <strong>Ittireddu<\/strong> &#8211; <strong>Alghero<\/strong> &#8211; zur\u00fcck \u00fcber <strong>Sassari<\/strong> &#8211;<strong>Soro<\/strong><br>essen gegangen<\/p>\n\n\n\n<p><strong>Freitag, 03.10.<\/strong><\/p>\n\n\n\n<p>Strandtag<\/p>\n\n\n\n<p><strong>Samstag, 04.10.<\/strong><\/p>\n\n\n\n<p>Abreise; \u00fcber 5.000 km mit dem Leihwagen<\/p>\n","protected":false},"excerpt":{"rendered":"<p>Sardinien &#8211; September 2003Ein Reisetagebuch Veranstalter: BEUS-Reisen Samstag, 13.09. AnreiseDuschschlauch geplatzt! Toll!!! F\u00e4ngt ja gut an!50 Minuten bis zum K\u00f6ln-Bonner Flughafen (lt. der besten Mamutschika der Welt &#8222;am A&#8230; der Welt&#8220;)Nach der Landung auf Sardinien\/Olbia erst einmal einen fahrbaren Untersatz besorgen. Die Touri-Schlangen an den bekannten Leihwagenfirmen waren unendlich, also ab zu einem inl\u00e4ndischen Autovermieter.Den [&hellip;]<\/p>\n","protected":false},"author":1,"featured_media":0,"parent":154,"menu_order":0,"comment_status":"closed","ping_status":"closed","template":"","meta":{"footnotes":""},"class_list":["post-1264","page","type-page","status-publish","hentry"],"_links":{"self":[{"href":"https:\/\/wodys.net\/index.php\/wp-json\/wp\/v2\/pages\/1264","targetHints":{"allow":["GET"]}}],"collection":[{"href":"https:\/\/wodys.net\/index.php\/wp-json\/wp\/v2\/pages"}],"about":[{"href":"https:\/\/wodys.net\/index.php\/wp-json\/wp\/v2\/types\/page"}],"author":[{"embeddable":true,"href":"https:\/\/wodys.net\/index.php\/wp-json\/wp\/v2\/users\/1"}],"replies":[{"embeddable":true,"href":"https:\/\/wodys.net\/index.php\/wp-json\/wp\/v2\/comments?post=1264"}],"version-history":[{"count":6,"href":"https:\/\/wodys.net\/index.php\/wp-json\/wp\/v2\/pages\/1264\/revisions"}],"predecessor-version":[{"id":1561,"href":"https:\/\/wodys.net\/index.php\/wp-json\/wp\/v2\/pages\/1264\/revisions\/1561"}],"up":[{"embeddable":true,"href":"https:\/\/wodys.net\/index.php\/wp-json\/wp\/v2\/pages\/154"}],"wp:attachment":[{"href":"https:\/\/wodys.net\/index.php\/wp-json\/wp\/v2\/media?parent=1264"}],"curies":[{"name":"wp","href":"https:\/\/api.w.org\/{rel}","templated":true}]}}