{"id":1493,"date":"2022-07-10T00:38:44","date_gmt":"2022-07-09T22:38:44","guid":{"rendered":"https:\/\/wodys.net\/?page_id=1493"},"modified":"2022-07-13T21:43:43","modified_gmt":"2022-07-13T19:43:43","slug":"entenbrust","status":"publish","type":"page","link":"https:\/\/wodys.net\/index.php\/rezepte\/federvieh\/entenbrust\/","title":{"rendered":"Entenbrust"},"content":{"rendered":"\n<h3 class=\"wp-block-heading\">Entenbrust auf Glasnudeln mit Gem\u00fcse in Kokos-Curry-Sauce<\/h3>\n\n\n\n<p><strong>Ich nehme:<\/strong><br>1 Entenbrust<br>2 kleine Knoblauchzehen<br>Ingwer (ca. so viel wie eine Knoblauchzehe) 1 rote Peperoni<br>1 rote Paprika<br>1 gelbe Paprika<br>2 Fr\u00fchlingszwiebeln<br>1 Handvoll Mungobohnenkeime<br>1 Handvoll gr\u00fcner Bohnen<br>125 g breite Reisnudeln<br>1 Dose Kokosmilch<br>rote Curry Paste<br>Kardamom<\/p>\n\n\n\n<p><strong>Zubereitung:<\/strong><\/p>\n\n\n\n<p>Die Entenhaut rautenf\u00f6rmig einschneiden.<\/p>\n\n\n\n<p>Den Ingwer und den Knoblauch hacken, die rote Peperoni &#8211; ich habe nur die H\u00e4lfte verbraucht &#8211; entkernen und in schmale Ringe schneiden. Die Paprika in breite Streifen und die die Fr\u00fchlingszwiebeln in dicke Ringe schneiden.&nbsp;<\/p>\n\n\n\n<p>\u00d6l in einem Wok erhitzen und die Entenbrust mit der Haut nach unten bei mittlerer Hitze mit etwas Kardamom knusprig braten. Nach 10 Minuten wenden und weitere 3 Minuten fertig garen. Die Entenbrust herausnehmen und ruhen lassen.<br>Die Reisnudeln nun (nach Packungsanleitung) vor- und zubereiten. Das \u00fcbersch\u00fcssige \u00d6l aus dem Wok abgiessen.<\/p>\n\n\n\n<p>gemahlenen Kardamom, Ingwer, Knoblauch, Peperoni, Paprika, Fr\u00fchlingszwiebeln und die gr\u00fcnen Bohnen im Wok anbraten, mit einem Schuss Weisswein abl\u00f6schen. Die H\u00e4lfte der Kokosmilch erw\u00e4rmen und mit der roten Currypaste abschmecken, anschlie\u00dfend zu dem Gem\u00fcse geben und die Reisnudeln unterheben. Die Mungobohnenkeime \u00fcber das Gem\u00fcse geben.<br>Die Entenbrust in breite Streifen schneiden und auf die Gem\u00fcse-Nudeln drapieren.<\/p>\n\n\n\n<figure class=\"wp-block-gallery has-nested-images columns-default is-cropped wp-block-gallery-1 is-layout-flex wp-block-gallery-is-layout-flex\">\n<figure class=\"wp-block-image size-large\"><img loading=\"lazy\" decoding=\"async\" width=\"300\" height=\"220\" data-id=\"1507\" src=\"https:\/\/wodys.net\/wp-content\/uploads\/2022\/07\/entenbrust1.png\" alt=\"\" class=\"wp-image-1507\" srcset=\"https:\/\/wodys.net\/wp-content\/uploads\/2022\/07\/entenbrust1.png 300w, https:\/\/wodys.net\/wp-content\/uploads\/2022\/07\/entenbrust1-150x110.png 150w\" sizes=\"auto, (max-width: 300px) 100vw, 300px\" \/><figcaption>Rauten<\/figcaption><\/figure>\n\n\n\n<figure class=\"wp-block-image size-large\"><img loading=\"lazy\" decoding=\"async\" width=\"300\" height=\"300\" data-id=\"1508\" src=\"https:\/\/wodys.net\/wp-content\/uploads\/2022\/07\/entenbrust2.jpg\" alt=\"\" class=\"wp-image-1508\" srcset=\"https:\/\/wodys.net\/wp-content\/uploads\/2022\/07\/entenbrust2.jpg 300w, https:\/\/wodys.net\/wp-content\/uploads\/2022\/07\/entenbrust2-150x150.jpg 150w\" sizes=\"auto, (max-width: 300px) 100vw, 300px\" \/><figcaption>Ingwer &#8230;<\/figcaption><\/figure>\n\n\n\n<figure class=\"wp-block-image size-large\"><img loading=\"lazy\" decoding=\"async\" width=\"393\" height=\"300\" data-id=\"1510\" src=\"https:\/\/wodys.net\/wp-content\/uploads\/2022\/07\/entenbrust3.jpeg\" alt=\"\" class=\"wp-image-1510\" srcset=\"https:\/\/wodys.net\/wp-content\/uploads\/2022\/07\/entenbrust3.jpeg 393w, https:\/\/wodys.net\/wp-content\/uploads\/2022\/07\/entenbrust3-300x229.jpeg 300w, https:\/\/wodys.net\/wp-content\/uploads\/2022\/07\/entenbrust3-150x115.jpeg 150w\" sizes=\"auto, (max-width: 393px) 100vw, 393px\" \/><figcaption>Paprika &#8230;<\/figcaption><\/figure>\n\n\n\n<figure class=\"wp-block-image size-large\"><img loading=\"lazy\" decoding=\"async\" width=\"300\" height=\"197\" data-id=\"1509\" src=\"https:\/\/wodys.net\/wp-content\/uploads\/2022\/07\/entenbrust4.jpg\" alt=\"\" class=\"wp-image-1509\" srcset=\"https:\/\/wodys.net\/wp-content\/uploads\/2022\/07\/entenbrust4.jpg 300w, https:\/\/wodys.net\/wp-content\/uploads\/2022\/07\/entenbrust4-150x99.jpg 150w\" sizes=\"auto, (max-width: 300px) 100vw, 300px\" \/><figcaption>scharf anbraten<\/figcaption><\/figure>\n\n\n\n<figure class=\"wp-block-image size-large\"><img loading=\"lazy\" decoding=\"async\" width=\"300\" height=\"311\" data-id=\"1511\" src=\"https:\/\/wodys.net\/wp-content\/uploads\/2022\/07\/entenbrust5.jpg\" alt=\"\" class=\"wp-image-1511\" srcset=\"https:\/\/wodys.net\/wp-content\/uploads\/2022\/07\/entenbrust5.jpg 300w, https:\/\/wodys.net\/wp-content\/uploads\/2022\/07\/entenbrust5-289x300.jpg 289w, https:\/\/wodys.net\/wp-content\/uploads\/2022\/07\/entenbrust5-145x150.jpg 145w\" sizes=\"auto, (max-width: 300px) 100vw, 300px\" \/><figcaption>Anrichten<\/figcaption><\/figure>\n<\/figure>\n\n\n\n<p><\/p>\n","protected":false},"excerpt":{"rendered":"<p>Entenbrust auf Glasnudeln mit Gem\u00fcse in Kokos-Curry-Sauce Ich nehme:1 Entenbrust2 kleine KnoblauchzehenIngwer (ca. so viel wie eine Knoblauchzehe) 1 rote Peperoni1 rote Paprika1 gelbe Paprika2 Fr\u00fchlingszwiebeln1 Handvoll Mungobohnenkeime1 Handvoll gr\u00fcner Bohnen125 g breite Reisnudeln1 Dose Kokosmilchrote Curry PasteKardamom Zubereitung: Die Entenhaut rautenf\u00f6rmig einschneiden. Den Ingwer und den Knoblauch hacken, die rote Peperoni &#8211; ich habe [&hellip;]<\/p>\n","protected":false},"author":1,"featured_media":0,"parent":1474,"menu_order":0,"comment_status":"closed","ping_status":"closed","template":"","meta":{"footnotes":""},"class_list":["post-1493","page","type-page","status-publish","hentry"],"_links":{"self":[{"href":"https:\/\/wodys.net\/index.php\/wp-json\/wp\/v2\/pages\/1493","targetHints":{"allow":["GET"]}}],"collection":[{"href":"https:\/\/wodys.net\/index.php\/wp-json\/wp\/v2\/pages"}],"about":[{"href":"https:\/\/wodys.net\/index.php\/wp-json\/wp\/v2\/types\/page"}],"author":[{"embeddable":true,"href":"https:\/\/wodys.net\/index.php\/wp-json\/wp\/v2\/users\/1"}],"replies":[{"embeddable":true,"href":"https:\/\/wodys.net\/index.php\/wp-json\/wp\/v2\/comments?post=1493"}],"version-history":[{"count":6,"href":"https:\/\/wodys.net\/index.php\/wp-json\/wp\/v2\/pages\/1493\/revisions"}],"predecessor-version":[{"id":1535,"href":"https:\/\/wodys.net\/index.php\/wp-json\/wp\/v2\/pages\/1493\/revisions\/1535"}],"up":[{"embeddable":true,"href":"https:\/\/wodys.net\/index.php\/wp-json\/wp\/v2\/pages\/1474"}],"wp:attachment":[{"href":"https:\/\/wodys.net\/index.php\/wp-json\/wp\/v2\/media?parent=1493"}],"curies":[{"name":"wp","href":"https:\/\/api.w.org\/{rel}","templated":true}]}}