{"id":150,"date":"2021-10-28T09:41:23","date_gmt":"2021-10-28T09:41:23","guid":{"rendered":"https:\/\/wodys.net\/?page_id=150"},"modified":"2026-04-16T21:09:12","modified_gmt":"2026-04-16T19:09:12","slug":"reisetagebuecher-afrika","status":"publish","type":"page","link":"https:\/\/wodys.net\/index.php\/blog\/reisetagebuecher-afrika\/","title":{"rendered":"Reisetageb\u00fccher Afrika"},"content":{"rendered":"\n<p>Viele fragen mich &#8222;Warum f\u00e4hrst du immer wieder nach Afrika?&#8220; Ich kann es nicht genau sagen, warum ich dem Afrika-Virus verfallen bin.<\/p>\n\n\n\n<p>Vielleicht liegen die Wurzeln in meiner Kindheit. Ich war damals fasziniert von dem Buch &#8222;<strong>Guten Tag, Afrika!<\/strong> &#8211; Romys Safari&#8220;, eine 19j\u00e4hrige f\u00e4hrt mit ihrem VW von \u00c4thiopien, \u00fcber Tanzania &#8211; hier besteigt sie den Kilimandscharo &#8211; bis nach S\u00fcdafrika. Vielleicht war es der Film &#8222;<strong>Serengeti darf nicht sterben<\/strong>&#8220; oder einfach die Idee als <strong>Daktari<\/strong>\/Tier\u00e4rztin in Afrika eine Tierstation zu leiten. Auf jeden Fall war es aber meine erste Tour 2004 nach Tanzania und Sansibar. Was f\u00fcr Eindr\u00fccke, was f\u00fcr eine weite Landschaft und zahlreiche Tierwelt. Welch Unterschied, kulturell &amp; Zwischenmenschlich, zu meinem Umfeld.<\/p>\n\n\n\n<figure class=\"wp-block-image aligncenter size-full has-custom-border\"><a href=\"https:\/\/wodys.net\/index.php\/2025-kruger\/\" target=\"_blank\" rel=\" noreferrer noopener\"><img loading=\"lazy\" decoding=\"async\" width=\"2560\" height=\"1920\" src=\"https:\/\/wodys.net\/wp-content\/uploads\/2025\/12\/20251114_0934_SB141117-1-scaled.jpg\" alt=\"\" class=\"has-border-color has-base-border-color wp-image-5179\" style=\"border-width:25px;box-shadow:var(--wp--preset--shadow--natural)\" srcset=\"https:\/\/wodys.net\/wp-content\/uploads\/2025\/12\/20251114_0934_SB141117-1-scaled.jpg 2560w, https:\/\/wodys.net\/wp-content\/uploads\/2025\/12\/20251114_0934_SB141117-1-300x225.jpg 300w, https:\/\/wodys.net\/wp-content\/uploads\/2025\/12\/20251114_0934_SB141117-1-1024x768.jpg 1024w, https:\/\/wodys.net\/wp-content\/uploads\/2025\/12\/20251114_0934_SB141117-1-150x113.jpg 150w, https:\/\/wodys.net\/wp-content\/uploads\/2025\/12\/20251114_0934_SB141117-1-768x576.jpg 768w, https:\/\/wodys.net\/wp-content\/uploads\/2025\/12\/20251114_0934_SB141117-1-1536x1152.jpg 1536w, https:\/\/wodys.net\/wp-content\/uploads\/2025\/12\/20251114_0934_SB141117-1-2048x1536.jpg 2048w\" sizes=\"auto, (max-width: 2560px) 100vw, 2560px\" \/><\/a><figcaption class=\"wp-element-caption\">2025 Kruger National Park<\/figcaption><\/figure>\n\n\n\n<div class=\"wp-block-columns is-layout-flex wp-container-core-columns-is-layout-28f84493 wp-block-columns-is-layout-flex\">\n<div class=\"wp-block-column is-layout-flow wp-block-column-is-layout-flow\">\n<figure class=\"wp-block-image aligncenter size-large has-custom-border\"><a href=\"https:\/\/wodys.net\/index.php\/blog\/2024-knp\/\" target=\"_blank\" rel=\" noreferrer noopener\"><img loading=\"lazy\" decoding=\"async\" width=\"1024\" height=\"768\" src=\"https:\/\/wodys.net\/wp-content\/uploads\/2024\/02\/2023-12-07-13.56.17-1024x768.jpg\" alt=\"BeD\" class=\"has-border-color has-base-border-color wp-image-3432\" style=\"border-width:25px;box-shadow:var(--wp--preset--shadow--natural)\" srcset=\"https:\/\/wodys.net\/wp-content\/uploads\/2024\/02\/2023-12-07-13.56.17-1024x768.jpg 1024w, https:\/\/wodys.net\/wp-content\/uploads\/2024\/02\/2023-12-07-13.56.17-300x225.jpg 300w, https:\/\/wodys.net\/wp-content\/uploads\/2024\/02\/2023-12-07-13.56.17-150x113.jpg 150w, https:\/\/wodys.net\/wp-content\/uploads\/2024\/02\/2023-12-07-13.56.17-768x576.jpg 768w, https:\/\/wodys.net\/wp-content\/uploads\/2024\/02\/2023-12-07-13.56.17-1536x1152.jpg 1536w, https:\/\/wodys.net\/wp-content\/uploads\/2024\/02\/2023-12-07-13.56.17-2048x1536.jpg 2048w, https:\/\/wodys.net\/wp-content\/uploads\/2024\/02\/2023-12-07-13.56.17-1568x1176.jpg 1568w\" sizes=\"auto, (max-width: 1024px) 100vw, 1024px\" \/><\/a><figcaption class=\"wp-element-caption\">2024 KNP<\/figcaption><\/figure>\n<\/div>\n\n\n\n<div class=\"wp-block-column is-layout-flow wp-block-column-is-layout-flow\">\n<figure class=\"wp-block-image aligncenter size-large has-custom-border\"><a href=\"https:\/\/wodys.net\/index.php\/blog\/2023-knp\/\" target=\"_blank\" rel=\" noreferrer noopener\"><img loading=\"lazy\" decoding=\"async\" width=\"1024\" height=\"768\" src=\"https:\/\/wodys.net\/wp-content\/uploads\/2023\/12\/20231128_0511_49220-1024x768.jpg\" alt=\"Impala Kitz\" class=\"has-border-color has-base-border-color wp-image-2998\" style=\"border-width:25px;box-shadow:var(--wp--preset--shadow--natural)\" srcset=\"https:\/\/wodys.net\/wp-content\/uploads\/2023\/12\/20231128_0511_49220-1024x768.jpg 1024w, https:\/\/wodys.net\/wp-content\/uploads\/2023\/12\/20231128_0511_49220-300x225.jpg 300w, https:\/\/wodys.net\/wp-content\/uploads\/2023\/12\/20231128_0511_49220-150x113.jpg 150w, https:\/\/wodys.net\/wp-content\/uploads\/2023\/12\/20231128_0511_49220-768x576.jpg 768w, https:\/\/wodys.net\/wp-content\/uploads\/2023\/12\/20231128_0511_49220-1536x1152.jpg 1536w, https:\/\/wodys.net\/wp-content\/uploads\/2023\/12\/20231128_0511_49220-2048x1536.jpg 2048w, https:\/\/wodys.net\/wp-content\/uploads\/2023\/12\/20231128_0511_49220-1568x1176.jpg 1568w\" sizes=\"auto, (max-width: 1024px) 100vw, 1024px\" \/><\/a><figcaption class=\"wp-element-caption\">2023 KNP<\/figcaption><\/figure>\n<\/div>\n<\/div>\n\n\n\n<div class=\"wp-block-columns are-vertically-aligned-bottom is-layout-flex wp-container-core-columns-is-layout-28f84493 wp-block-columns-is-layout-flex\">\n<div class=\"wp-block-column is-vertically-aligned-bottom has-global-padding is-layout-constrained wp-block-column-is-layout-constrained\">\n<div class=\"wp-block-columns are-vertically-aligned-top is-layout-flex wp-container-core-columns-is-layout-28f84493 wp-block-columns-is-layout-flex\">\n<div class=\"wp-block-column is-vertically-aligned-top is-layout-flow wp-block-column-is-layout-flow\">\n<figure class=\"wp-block-image aligncenter size-large is-resized has-custom-border is-style-twentytwentyone-image-frame\"><a href=\"https:\/\/wodys.net\/index.php\/blog\/reisetagebuecher-afrika\/2022-suedafrika\/\" target=\"_blank\" rel=\" noreferrer noopener\"><img loading=\"lazy\" decoding=\"async\" width=\"1024\" height=\"1024\" src=\"https:\/\/wodys.net\/wp-content\/uploads\/2023\/02\/20221028_1246_26952-1024x1024.jpg\" alt=\"2022 ZA Tusker\" class=\"has-border-color has-base-border-color wp-image-1995\" style=\"border-width:25px;box-shadow:var(--wp--preset--shadow--natural);width:400px;height:auto\" srcset=\"https:\/\/wodys.net\/wp-content\/uploads\/2023\/02\/20221028_1246_26952-1024x1024.jpg 1024w, https:\/\/wodys.net\/wp-content\/uploads\/2023\/02\/20221028_1246_26952-300x300.jpg 300w, https:\/\/wodys.net\/wp-content\/uploads\/2023\/02\/20221028_1246_26952-150x150.jpg 150w, https:\/\/wodys.net\/wp-content\/uploads\/2023\/02\/20221028_1246_26952-768x768.jpg 768w, https:\/\/wodys.net\/wp-content\/uploads\/2023\/02\/20221028_1246_26952-1536x1536.jpg 1536w, https:\/\/wodys.net\/wp-content\/uploads\/2023\/02\/20221028_1246_26952-2048x2048.jpg 2048w, https:\/\/wodys.net\/wp-content\/uploads\/2023\/02\/20221028_1246_26952-1568x1568.jpg 1568w\" sizes=\"auto, (max-width: 1024px) 100vw, 1024px\" \/><\/a><figcaption class=\"wp-element-caption\">2022 South Africa the fifth<\/figcaption><\/figure>\n<\/div>\n\n\n\n<div class=\"wp-block-column is-vertically-aligned-top is-layout-flow wp-block-column-is-layout-flow\">\n<figure class=\"wp-block-image aligncenter size-full is-resized has-custom-border is-style-twentytwentyone-image-frame\"><a href=\"https:\/\/wodys.net\/index.php\/blog\/reisetagebuecher-afrika\/2018-za\/\" target=\"_blank\" rel=\" noreferrer noopener\"><img loading=\"lazy\" decoding=\"async\" width=\"320\" height=\"256\" src=\"https:\/\/wodys.net\/wp-content\/uploads\/2021\/10\/2018za_map.jpg\" alt=\"2018 ZA\" class=\"has-border-color has-base-border-color wp-image-187\" style=\"border-width:25px;box-shadow:var(--wp--preset--shadow--natural);width:410px;height:auto\" srcset=\"https:\/\/wodys.net\/wp-content\/uploads\/2021\/10\/2018za_map.jpg 320w, https:\/\/wodys.net\/wp-content\/uploads\/2021\/10\/2018za_map-300x240.jpg 300w, https:\/\/wodys.net\/wp-content\/uploads\/2021\/10\/2018za_map-150x120.jpg 150w\" sizes=\"auto, (max-width: 320px) 100vw, 320px\" \/><\/a><figcaption class=\"wp-element-caption\">Oktober\/November 2018<br><strong>South Africa No. 4<\/strong><br>Johannesburg &#8211; Panorama Route &#8211; KNP &#8211; eSwatini &#8211; Tembe &#8211; St. Lucia &#8211; Oudtshoorn &#8211; Cape Agulhas &#8211; Springfontein Wine Estate &#8211; Cape Town <\/figcaption><\/figure>\n<\/div>\n<\/div>\n\n\n\n<div class=\"wp-block-columns is-layout-flex wp-container-core-columns-is-layout-28f84493 wp-block-columns-is-layout-flex\">\n<div class=\"wp-block-column is-vertically-aligned-center is-layout-flow wp-block-column-is-layout-flow\">\n<figure class=\"wp-block-image aligncenter size-full is-resized has-custom-border is-style-twentytwentyone-image-frame\"><a href=\"https:\/\/wodys.net\/index.php\/blog\/reisetagebuecher-afrika\/2016-suedafrika\/\" target=\"_blank\" rel=\" noreferrer noopener\"><img loading=\"lazy\" decoding=\"async\" width=\"1700\" height=\"1700\" src=\"https:\/\/wodys.net\/wp-content\/uploads\/2022\/12\/20161104_0947__DSC6310_D300s.jpg\" alt=\"2016 eSwatini\" class=\"has-border-color has-base-border-color wp-image-1814\" style=\"border-width:25px;box-shadow:var(--wp--preset--shadow--natural);width:430px;height:auto\" srcset=\"https:\/\/wodys.net\/wp-content\/uploads\/2022\/12\/20161104_0947__DSC6310_D300s.jpg 1700w, https:\/\/wodys.net\/wp-content\/uploads\/2022\/12\/20161104_0947__DSC6310_D300s-300x300.jpg 300w, https:\/\/wodys.net\/wp-content\/uploads\/2022\/12\/20161104_0947__DSC6310_D300s-1024x1024.jpg 1024w, https:\/\/wodys.net\/wp-content\/uploads\/2022\/12\/20161104_0947__DSC6310_D300s-150x150.jpg 150w, https:\/\/wodys.net\/wp-content\/uploads\/2022\/12\/20161104_0947__DSC6310_D300s-768x768.jpg 768w, https:\/\/wodys.net\/wp-content\/uploads\/2022\/12\/20161104_0947__DSC6310_D300s-1536x1536.jpg 1536w, https:\/\/wodys.net\/wp-content\/uploads\/2022\/12\/20161104_0947__DSC6310_D300s-1568x1568.jpg 1568w\" sizes=\"auto, (max-width: 1700px) 100vw, 1700px\" \/><\/a><figcaption class=\"wp-element-caption\">November 2016<br>South Africa No. 3<\/figcaption><\/figure>\n<\/div>\n\n\n\n<div class=\"wp-block-column is-layout-flow wp-block-column-is-layout-flow\">\n<figure class=\"wp-block-image aligncenter size-full is-resized has-custom-border is-style-twentytwentyone-image-frame\"><a href=\"https:\/\/wodys.net\/index.php\/blog\/reisetagebuecher-afrika\/2015-kapstadt\/\" target=\"_blank\" rel=\" noreferrer noopener\"><img loading=\"lazy\" decoding=\"async\" width=\"2560\" height=\"1920\" src=\"https:\/\/wodys.net\/wp-content\/uploads\/2021\/12\/20181119_1232_15597-scaled.jpg\" alt=\"\" class=\"has-border-color has-base-border-color wp-image-865\" style=\"border-width:25px;box-shadow:var(--wp--preset--shadow--natural);width:445px;height:auto\" srcset=\"https:\/\/wodys.net\/wp-content\/uploads\/2021\/12\/20181119_1232_15597-scaled.jpg 2560w, https:\/\/wodys.net\/wp-content\/uploads\/2021\/12\/20181119_1232_15597-300x225.jpg 300w, https:\/\/wodys.net\/wp-content\/uploads\/2021\/12\/20181119_1232_15597-1024x768.jpg 1024w, https:\/\/wodys.net\/wp-content\/uploads\/2021\/12\/20181119_1232_15597-150x113.jpg 150w, https:\/\/wodys.net\/wp-content\/uploads\/2021\/12\/20181119_1232_15597-768x576.jpg 768w, https:\/\/wodys.net\/wp-content\/uploads\/2021\/12\/20181119_1232_15597-1536x1152.jpg 1536w, https:\/\/wodys.net\/wp-content\/uploads\/2021\/12\/20181119_1232_15597-2048x1536.jpg 2048w, https:\/\/wodys.net\/wp-content\/uploads\/2021\/12\/20181119_1232_15597-1568x1176.jpg 1568w\" sizes=\"auto, (max-width: 2560px) 100vw, 2560px\" \/><\/a><figcaption class=\"wp-element-caption\">August 2015 Kapstadt<br>Cape Town, South Africa<\/figcaption><\/figure>\n<\/div>\n<\/div>\n\n\n\n<div class=\"wp-block-columns is-layout-flex wp-container-core-columns-is-layout-28f84493 wp-block-columns-is-layout-flex\">\n<div class=\"wp-block-column is-layout-flow wp-block-column-is-layout-flow\">\n<figure class=\"wp-block-image aligncenter size-full is-resized has-custom-border is-style-twentytwentyone-image-frame\"><a href=\"https:\/\/wodys.net\/index.php\/blog\/reisetagebuecher-afrika\/2012-afrika-pur\/\" target=\"_blank\" rel=\" noreferrer noopener\"><img loading=\"lazy\" decoding=\"async\" width=\"250\" height=\"157\" src=\"https:\/\/wodys.net\/wp-content\/uploads\/2021\/10\/2012_za.gif\" alt=\"2012 ZA\" class=\"has-border-color has-base-border-color wp-image-183\" style=\"border-width:25px;box-shadow:var(--wp--preset--shadow--natural);width:463px;height:auto\"\/><\/a><figcaption class=\"wp-element-caption\">Afrika pur &#8211; von Kapstadt, S\u00fcdafrika bis Livingstone, Sambia<br>Oktober\/November 2012<\/figcaption><\/figure>\n<\/div>\n\n\n\n<div class=\"wp-block-column is-layout-flow wp-block-column-is-layout-flow\">\n<figure class=\"wp-block-image aligncenter size-full is-resized has-custom-border is-style-twentytwentyone-image-frame\"><a href=\"https:\/\/wodys.net\/index.php\/blog\/reisetagebuecher-beus\/2004-tanzania\/\" target=\"_blank\" rel=\" noreferrer noopener\"><img loading=\"lazy\" decoding=\"async\" width=\"250\" height=\"162\" src=\"https:\/\/wodys.net\/wp-content\/uploads\/2021\/10\/klein_2004_afrika_serengeti.jpg\" alt=\"2004 Tanzania Serengeti\" class=\"has-border-color has-base-border-color wp-image-165\" style=\"border-width:25px;box-shadow:var(--wp--preset--shadow--natural);width:469px;height:auto\" srcset=\"https:\/\/wodys.net\/wp-content\/uploads\/2021\/10\/klein_2004_afrika_serengeti.jpg 250w, https:\/\/wodys.net\/wp-content\/uploads\/2021\/10\/klein_2004_afrika_serengeti-150x97.jpg 150w\" sizes=\"auto, (max-width: 250px) 100vw, 250px\" \/><\/a><figcaption class=\"wp-element-caption\">2004 Tanzania Serengeti<\/figcaption><\/figure>\n<\/div>\n<\/div>\n<\/div>\n<\/div>\n\n\n\n<p><\/p>\n","protected":false},"excerpt":{"rendered":"<p>Viele fragen mich &#8222;Warum f\u00e4hrst du immer wieder nach Afrika?&#8220; Ich kann es nicht genau sagen, warum ich dem Afrika-Virus verfallen bin. Vielleicht liegen die Wurzeln in meiner Kindheit. Ich war damals fasziniert von dem Buch &#8222;Guten Tag, Afrika! &#8211; Romys Safari&#8220;, eine 19j\u00e4hrige f\u00e4hrt mit ihrem VW von \u00c4thiopien, \u00fcber Tanzania &#8211; hier besteigt [&hellip;]<\/p>\n","protected":false},"author":1,"featured_media":0,"parent":26,"menu_order":0,"comment_status":"closed","ping_status":"closed","template":"","meta":{"footnotes":""},"class_list":["post-150","page","type-page","status-publish","hentry"],"_links":{"self":[{"href":"https:\/\/wodys.net\/index.php\/wp-json\/wp\/v2\/pages\/150","targetHints":{"allow":["GET"]}}],"collection":[{"href":"https:\/\/wodys.net\/index.php\/wp-json\/wp\/v2\/pages"}],"about":[{"href":"https:\/\/wodys.net\/index.php\/wp-json\/wp\/v2\/types\/page"}],"author":[{"embeddable":true,"href":"https:\/\/wodys.net\/index.php\/wp-json\/wp\/v2\/users\/1"}],"replies":[{"embeddable":true,"href":"https:\/\/wodys.net\/index.php\/wp-json\/wp\/v2\/comments?post=150"}],"version-history":[{"count":117,"href":"https:\/\/wodys.net\/index.php\/wp-json\/wp\/v2\/pages\/150\/revisions"}],"predecessor-version":[{"id":5427,"href":"https:\/\/wodys.net\/index.php\/wp-json\/wp\/v2\/pages\/150\/revisions\/5427"}],"up":[{"embeddable":true,"href":"https:\/\/wodys.net\/index.php\/wp-json\/wp\/v2\/pages\/26"}],"wp:attachment":[{"href":"https:\/\/wodys.net\/index.php\/wp-json\/wp\/v2\/media?parent=150"}],"curies":[{"name":"wp","href":"https:\/\/api.w.org\/{rel}","templated":true}]}}