{"id":1539,"date":"2022-07-13T21:50:18","date_gmt":"2022-07-13T19:50:18","guid":{"rendered":"https:\/\/wodys.net\/?page_id=1539"},"modified":"2022-07-13T21:53:00","modified_gmt":"2022-07-13T19:53:00","slug":"fuer-den-grillrost","status":"publish","type":"page","link":"https:\/\/wodys.net\/index.php\/rezepte\/fuer-den-grillrost\/","title":{"rendered":"f\u00fcr den Grillrost"},"content":{"rendered":"\n<h3 class=\"wp-block-heading\">Championspie\u00dfe<\/h3>\n\n\n\n<p>Nach belieben best\u00fccken z.B. mit Zwiebeln, Paprika<br>ich habe Pilze und Speck genommen<\/p>\n\n\n\n<h3 class=\"wp-block-heading\">gef\u00fcllte Championk\u00f6pfe<\/h3>\n\n\n\n<p>einfach mit Ziegenk\u00e4se gef\u00fcllt und mit Fr\u00fchst\u00fccksspeck umwickelt<br>damit der Wickel sich nicht l\u00f6st mit einem Zahnstocher fixiert<br>ab auf den Grill und wenn der Speck cross wird bzw. der K\u00e4se in dieser hei\u00dfen Umarmung dahinschmilzt, ab auffem Teller<\/p>\n\n\n\n<h3 class=\"wp-block-heading\">Lachsfilet auf einem Gem\u00fcsebett<\/h3>\n\n\n\n<p><strong>Zutaten:<\/strong>&nbsp;4 Lachssteaks mit Haut \u00e0 180 g, 1 Bund Dill, 4 EL \u00d6l, 3 Limetten, Meersalz, wei\u00dfer Pfeffer<\/p>\n\n\n\n<p><strong>Zubereitung:<\/strong><br>F\u00fcr 4 Fischpakete habe ich 2 gro\u00dfe Lachsfilets (halbiert).<br>Bund Dill von den Stielen zupfen und klein schneiden. Mit dem \u00d6l und etwas Limettensaft verr\u00fchren und mit etwas Meersalz und wei\u00dfem Pfeffer w\u00fcrzen.<br>Die Lachssteaks absp\u00fclen, trocken tupfen und auf beiden Seiten mit dem Dill-\u00d6l bestreichen.<br>Eine gr\u00fcne und eine gelbe Zucchini klein geschnitten, Karotten in Streifen und Scheiben, Limonen geachtet und geachtelt, Tomaten entkernen und gew\u00fcrfelt, rote Zwiebeln (weil ich kein Knoblauch benutzen durfte), Kartoffeln, eine Aubergine klein geschnitten<br>alle Zutaten auf Alufolie geschichtet, das halbe Filetst\u00fcck oben drauf\u00a0<\/p>\n","protected":false},"excerpt":{"rendered":"<p>Championspie\u00dfe Nach belieben best\u00fccken z.B. mit Zwiebeln, Paprikaich habe Pilze und Speck genommen gef\u00fcllte Championk\u00f6pfe einfach mit Ziegenk\u00e4se gef\u00fcllt und mit Fr\u00fchst\u00fccksspeck umwickeltdamit der Wickel sich nicht l\u00f6st mit einem Zahnstocher fixiertab auf den Grill und wenn der Speck cross wird bzw. der K\u00e4se in dieser hei\u00dfen Umarmung dahinschmilzt, ab auffem Teller Lachsfilet auf einem [&hellip;]<\/p>\n","protected":false},"author":1,"featured_media":0,"parent":1458,"menu_order":0,"comment_status":"closed","ping_status":"closed","template":"","meta":{"footnotes":""},"class_list":["post-1539","page","type-page","status-publish","hentry"],"_links":{"self":[{"href":"https:\/\/wodys.net\/index.php\/wp-json\/wp\/v2\/pages\/1539","targetHints":{"allow":["GET"]}}],"collection":[{"href":"https:\/\/wodys.net\/index.php\/wp-json\/wp\/v2\/pages"}],"about":[{"href":"https:\/\/wodys.net\/index.php\/wp-json\/wp\/v2\/types\/page"}],"author":[{"embeddable":true,"href":"https:\/\/wodys.net\/index.php\/wp-json\/wp\/v2\/users\/1"}],"replies":[{"embeddable":true,"href":"https:\/\/wodys.net\/index.php\/wp-json\/wp\/v2\/comments?post=1539"}],"version-history":[{"count":3,"href":"https:\/\/wodys.net\/index.php\/wp-json\/wp\/v2\/pages\/1539\/revisions"}],"predecessor-version":[{"id":1543,"href":"https:\/\/wodys.net\/index.php\/wp-json\/wp\/v2\/pages\/1539\/revisions\/1543"}],"up":[{"embeddable":true,"href":"https:\/\/wodys.net\/index.php\/wp-json\/wp\/v2\/pages\/1458"}],"wp:attachment":[{"href":"https:\/\/wodys.net\/index.php\/wp-json\/wp\/v2\/media?parent=1539"}],"curies":[{"name":"wp","href":"https:\/\/api.w.org\/{rel}","templated":true}]}}