{"id":1556,"date":"2022-07-13T22:14:27","date_gmt":"2022-07-13T20:14:27","guid":{"rendered":"https:\/\/wodys.net\/?page_id=1556"},"modified":"2022-07-13T22:14:27","modified_gmt":"2022-07-13T20:14:27","slug":"spargel","status":"publish","type":"page","link":"https:\/\/wodys.net\/index.php\/rezepte\/spargel\/","title":{"rendered":"Spargel"},"content":{"rendered":"\n<h3 class=\"wp-block-heading\">Gr\u00fcner Spargel auf dem hei\u00dfen Backblech<\/h3>\n\n\n\n<p><strong>Zutaten:<\/strong>&nbsp;1 Bund gr\u00fcner Spargel, 4 EL \u00d6l, Meersalz, 1 Knoblauchzehe, 4 M\u00f6hren<br><strong>Zubereitung:<\/strong><br>trockene Spargelenden abschneiden, M\u00f6hren je nach Dicke, halbieren oder vierteln, Knoblauchzehe kleinhacken mit Oliven\u00f6l und groben Salz auf dem Spargel und den M\u00f6hren verteilen. bei mittlerer Hitze (200 C) ca 20 Minuten -&gt; fertsch!<\/p>\n","protected":false},"excerpt":{"rendered":"<p>Gr\u00fcner Spargel auf dem hei\u00dfen Backblech Zutaten:&nbsp;1 Bund gr\u00fcner Spargel, 4 EL \u00d6l, Meersalz, 1 Knoblauchzehe, 4 M\u00f6hrenZubereitung:trockene Spargelenden abschneiden, M\u00f6hren je nach Dicke, halbieren oder vierteln, Knoblauchzehe kleinhacken mit Oliven\u00f6l und groben Salz auf dem Spargel und den M\u00f6hren verteilen. bei mittlerer Hitze (200 C) ca 20 Minuten -&gt; fertsch!<\/p>\n","protected":false},"author":1,"featured_media":0,"parent":1458,"menu_order":0,"comment_status":"closed","ping_status":"closed","template":"","meta":{"footnotes":""},"class_list":["post-1556","page","type-page","status-publish","hentry"],"_links":{"self":[{"href":"https:\/\/wodys.net\/index.php\/wp-json\/wp\/v2\/pages\/1556","targetHints":{"allow":["GET"]}}],"collection":[{"href":"https:\/\/wodys.net\/index.php\/wp-json\/wp\/v2\/pages"}],"about":[{"href":"https:\/\/wodys.net\/index.php\/wp-json\/wp\/v2\/types\/page"}],"author":[{"embeddable":true,"href":"https:\/\/wodys.net\/index.php\/wp-json\/wp\/v2\/users\/1"}],"replies":[{"embeddable":true,"href":"https:\/\/wodys.net\/index.php\/wp-json\/wp\/v2\/comments?post=1556"}],"version-history":[{"count":1,"href":"https:\/\/wodys.net\/index.php\/wp-json\/wp\/v2\/pages\/1556\/revisions"}],"predecessor-version":[{"id":1557,"href":"https:\/\/wodys.net\/index.php\/wp-json\/wp\/v2\/pages\/1556\/revisions\/1557"}],"up":[{"embeddable":true,"href":"https:\/\/wodys.net\/index.php\/wp-json\/wp\/v2\/pages\/1458"}],"wp:attachment":[{"href":"https:\/\/wodys.net\/index.php\/wp-json\/wp\/v2\/media?parent=1556"}],"curies":[{"name":"wp","href":"https:\/\/api.w.org\/{rel}","templated":true}]}}