{"id":1597,"date":"2022-07-25T22:35:46","date_gmt":"2022-07-25T20:35:46","guid":{"rendered":"https:\/\/wodys.net\/?page_id=1597"},"modified":"2022-07-25T22:35:58","modified_gmt":"2022-07-25T20:35:58","slug":"bueffelmozzarella-im-parmaschinkenmantel","status":"publish","type":"page","link":"https:\/\/wodys.net\/index.php\/rezepte\/bueffelmozzarella-im-parmaschinkenmantel\/","title":{"rendered":"B\u00fcffelmozzarella im Parmaschinkenmantel"},"content":{"rendered":"\n<p><strong>Grundrezept a la M\u00fcller:<\/strong><\/p>\n\n\n\n<p>Brot, Parmaschinken, B\u00fcffelmozzarella, Tomaten, Rucula<br>Brot mit Oliven\u00f6l und Knoblauch einreiben. Mozzarella mit Tomate im Schinken einrollen und aufs Brot legen.\u00a0<br>180 Grad Umluft plus Oberhitze, 10 Minuten<\/p>\n\n\n\n<p>Ich habe das Rezept heute einmal ausprobiert, mit altem Schinken, einfachen Mozzarella, feingew\u00fcrfelten Tomaten (ohne Innenteil), frischem Basilikum.<\/p>\n\n\n\n<p>Den Westf\u00e4lischen Schinken habe ich doppelt gelegt, die Mozzarellakugel habe ich klein geschnitten, so das ich die Streifen auf die 4 Schinken verteilen konnte, dazu kam die klein gew\u00fcrfelte Tomate (ohne Geh\u00e4use) und frische Basilikumbl\u00e4tter fein geschnitten. Alles wurde aufgerollt und auf getoasteten Brotscheiben gelegt, welche vorher mit Knoblauch und Oliven\u00f6l bestrichen wurde. Alles zusammen in den vorgeheizten Ofen bei 180 Grad f\u00fcr ca. 10 Minuten.<\/p>\n\n\n\n<figure class=\"wp-block-gallery has-nested-images columns-default is-cropped wp-block-gallery-1 is-layout-flex wp-block-gallery-is-layout-flex\">\n<figure class=\"wp-block-image size-large\"><img loading=\"lazy\" decoding=\"async\" width=\"768\" height=\"1024\" data-id=\"1603\" src=\"https:\/\/wodys.net\/wp-content\/uploads\/2022\/07\/2022-07-25-18.45.03-768x1024.jpg\" alt=\"\" class=\"wp-image-1603\" srcset=\"https:\/\/wodys.net\/wp-content\/uploads\/2022\/07\/2022-07-25-18.45.03-768x1024.jpg 768w, https:\/\/wodys.net\/wp-content\/uploads\/2022\/07\/2022-07-25-18.45.03-225x300.jpg 225w, https:\/\/wodys.net\/wp-content\/uploads\/2022\/07\/2022-07-25-18.45.03-113x150.jpg 113w, https:\/\/wodys.net\/wp-content\/uploads\/2022\/07\/2022-07-25-18.45.03-1152x1536.jpg 1152w, https:\/\/wodys.net\/wp-content\/uploads\/2022\/07\/2022-07-25-18.45.03-1536x2048.jpg 1536w, https:\/\/wodys.net\/wp-content\/uploads\/2022\/07\/2022-07-25-18.45.03-1568x2091.jpg 1568w, https:\/\/wodys.net\/wp-content\/uploads\/2022\/07\/2022-07-25-18.45.03-scaled.jpg 1920w\" sizes=\"auto, (max-width: 768px) 100vw, 768px\" \/><\/figure>\n\n\n\n<figure class=\"wp-block-image size-large\"><img loading=\"lazy\" decoding=\"async\" width=\"768\" height=\"1024\" data-id=\"1604\" src=\"https:\/\/wodys.net\/wp-content\/uploads\/2022\/07\/2022-07-25-18.56.54-768x1024.jpg\" alt=\"\" class=\"wp-image-1604\" srcset=\"https:\/\/wodys.net\/wp-content\/uploads\/2022\/07\/2022-07-25-18.56.54-768x1024.jpg 768w, https:\/\/wodys.net\/wp-content\/uploads\/2022\/07\/2022-07-25-18.56.54-225x300.jpg 225w, https:\/\/wodys.net\/wp-content\/uploads\/2022\/07\/2022-07-25-18.56.54-113x150.jpg 113w, https:\/\/wodys.net\/wp-content\/uploads\/2022\/07\/2022-07-25-18.56.54-1152x1536.jpg 1152w, https:\/\/wodys.net\/wp-content\/uploads\/2022\/07\/2022-07-25-18.56.54-1536x2048.jpg 1536w, https:\/\/wodys.net\/wp-content\/uploads\/2022\/07\/2022-07-25-18.56.54-1568x2091.jpg 1568w, https:\/\/wodys.net\/wp-content\/uploads\/2022\/07\/2022-07-25-18.56.54-scaled.jpg 1920w\" sizes=\"auto, (max-width: 768px) 100vw, 768px\" \/><\/figure>\n\n\n\n<figure class=\"wp-block-image size-large\"><img loading=\"lazy\" decoding=\"async\" width=\"1024\" height=\"768\" data-id=\"1599\" src=\"https:\/\/wodys.net\/wp-content\/uploads\/2022\/07\/2022-07-25-19.00.26-1024x768.jpg\" alt=\"\" class=\"wp-image-1599\" srcset=\"https:\/\/wodys.net\/wp-content\/uploads\/2022\/07\/2022-07-25-19.00.26-1024x768.jpg 1024w, https:\/\/wodys.net\/wp-content\/uploads\/2022\/07\/2022-07-25-19.00.26-300x225.jpg 300w, https:\/\/wodys.net\/wp-content\/uploads\/2022\/07\/2022-07-25-19.00.26-150x113.jpg 150w, https:\/\/wodys.net\/wp-content\/uploads\/2022\/07\/2022-07-25-19.00.26-768x576.jpg 768w, https:\/\/wodys.net\/wp-content\/uploads\/2022\/07\/2022-07-25-19.00.26-1536x1152.jpg 1536w, https:\/\/wodys.net\/wp-content\/uploads\/2022\/07\/2022-07-25-19.00.26-2048x1536.jpg 2048w, https:\/\/wodys.net\/wp-content\/uploads\/2022\/07\/2022-07-25-19.00.26-1568x1176.jpg 1568w\" sizes=\"auto, (max-width: 1024px) 100vw, 1024px\" \/><\/figure>\n\n\n\n<figure class=\"wp-block-image size-large\"><img loading=\"lazy\" decoding=\"async\" width=\"1024\" height=\"768\" data-id=\"1605\" src=\"https:\/\/wodys.net\/wp-content\/uploads\/2022\/07\/2022-07-25-19.08.11-1024x768.jpg\" alt=\"\" class=\"wp-image-1605\" srcset=\"https:\/\/wodys.net\/wp-content\/uploads\/2022\/07\/2022-07-25-19.08.11-1024x768.jpg 1024w, https:\/\/wodys.net\/wp-content\/uploads\/2022\/07\/2022-07-25-19.08.11-300x225.jpg 300w, https:\/\/wodys.net\/wp-content\/uploads\/2022\/07\/2022-07-25-19.08.11-150x113.jpg 150w, https:\/\/wodys.net\/wp-content\/uploads\/2022\/07\/2022-07-25-19.08.11-768x576.jpg 768w, https:\/\/wodys.net\/wp-content\/uploads\/2022\/07\/2022-07-25-19.08.11-1536x1152.jpg 1536w, https:\/\/wodys.net\/wp-content\/uploads\/2022\/07\/2022-07-25-19.08.11-2048x1536.jpg 2048w, https:\/\/wodys.net\/wp-content\/uploads\/2022\/07\/2022-07-25-19.08.11-1568x1176.jpg 1568w\" sizes=\"auto, (max-width: 1024px) 100vw, 1024px\" \/><\/figure>\n\n\n\n<figure class=\"wp-block-image size-large\"><img loading=\"lazy\" decoding=\"async\" width=\"1024\" height=\"768\" data-id=\"1602\" src=\"https:\/\/wodys.net\/wp-content\/uploads\/2022\/07\/2022-07-25-19.14.30-1024x768.jpg\" alt=\"\" class=\"wp-image-1602\" srcset=\"https:\/\/wodys.net\/wp-content\/uploads\/2022\/07\/2022-07-25-19.14.30-1024x768.jpg 1024w, https:\/\/wodys.net\/wp-content\/uploads\/2022\/07\/2022-07-25-19.14.30-300x225.jpg 300w, https:\/\/wodys.net\/wp-content\/uploads\/2022\/07\/2022-07-25-19.14.30-150x113.jpg 150w, https:\/\/wodys.net\/wp-content\/uploads\/2022\/07\/2022-07-25-19.14.30-768x576.jpg 768w, https:\/\/wodys.net\/wp-content\/uploads\/2022\/07\/2022-07-25-19.14.30-1536x1152.jpg 1536w, https:\/\/wodys.net\/wp-content\/uploads\/2022\/07\/2022-07-25-19.14.30-2048x1536.jpg 2048w, https:\/\/wodys.net\/wp-content\/uploads\/2022\/07\/2022-07-25-19.14.30-1568x1176.jpg 1568w\" sizes=\"auto, (max-width: 1024px) 100vw, 1024px\" \/><\/figure>\n\n\n\n<figure class=\"wp-block-image size-large\"><img loading=\"lazy\" decoding=\"async\" width=\"1024\" height=\"768\" data-id=\"1600\" src=\"https:\/\/wodys.net\/wp-content\/uploads\/2022\/07\/2022-07-25-19.14.38-1024x768.jpg\" alt=\"\" class=\"wp-image-1600\" srcset=\"https:\/\/wodys.net\/wp-content\/uploads\/2022\/07\/2022-07-25-19.14.38-1024x768.jpg 1024w, https:\/\/wodys.net\/wp-content\/uploads\/2022\/07\/2022-07-25-19.14.38-300x225.jpg 300w, https:\/\/wodys.net\/wp-content\/uploads\/2022\/07\/2022-07-25-19.14.38-150x113.jpg 150w, https:\/\/wodys.net\/wp-content\/uploads\/2022\/07\/2022-07-25-19.14.38-768x576.jpg 768w, https:\/\/wodys.net\/wp-content\/uploads\/2022\/07\/2022-07-25-19.14.38-1536x1152.jpg 1536w, https:\/\/wodys.net\/wp-content\/uploads\/2022\/07\/2022-07-25-19.14.38-2048x1536.jpg 2048w, https:\/\/wodys.net\/wp-content\/uploads\/2022\/07\/2022-07-25-19.14.38-1568x1176.jpg 1568w\" sizes=\"auto, (max-width: 1024px) 100vw, 1024px\" \/><\/figure>\n<\/figure>\n","protected":false},"excerpt":{"rendered":"<p>Grundrezept a la M\u00fcller: Brot, Parmaschinken, B\u00fcffelmozzarella, Tomaten, RuculaBrot mit Oliven\u00f6l und Knoblauch einreiben. Mozzarella mit Tomate im Schinken einrollen und aufs Brot legen.\u00a0180 Grad Umluft plus Oberhitze, 10 Minuten Ich habe das Rezept heute einmal ausprobiert, mit altem Schinken, einfachen Mozzarella, feingew\u00fcrfelten Tomaten (ohne Innenteil), frischem Basilikum. Den Westf\u00e4lischen Schinken habe ich doppelt gelegt, [&hellip;]<\/p>\n","protected":false},"author":1,"featured_media":0,"parent":1458,"menu_order":0,"comment_status":"closed","ping_status":"closed","template":"","meta":{"footnotes":""},"class_list":["post-1597","page","type-page","status-publish","hentry"],"_links":{"self":[{"href":"https:\/\/wodys.net\/index.php\/wp-json\/wp\/v2\/pages\/1597","targetHints":{"allow":["GET"]}}],"collection":[{"href":"https:\/\/wodys.net\/index.php\/wp-json\/wp\/v2\/pages"}],"about":[{"href":"https:\/\/wodys.net\/index.php\/wp-json\/wp\/v2\/types\/page"}],"author":[{"embeddable":true,"href":"https:\/\/wodys.net\/index.php\/wp-json\/wp\/v2\/users\/1"}],"replies":[{"embeddable":true,"href":"https:\/\/wodys.net\/index.php\/wp-json\/wp\/v2\/comments?post=1597"}],"version-history":[{"count":1,"href":"https:\/\/wodys.net\/index.php\/wp-json\/wp\/v2\/pages\/1597\/revisions"}],"predecessor-version":[{"id":1607,"href":"https:\/\/wodys.net\/index.php\/wp-json\/wp\/v2\/pages\/1597\/revisions\/1607"}],"up":[{"embeddable":true,"href":"https:\/\/wodys.net\/index.php\/wp-json\/wp\/v2\/pages\/1458"}],"wp:attachment":[{"href":"https:\/\/wodys.net\/index.php\/wp-json\/wp\/v2\/media?parent=1597"}],"curies":[{"name":"wp","href":"https:\/\/api.w.org\/{rel}","templated":true}]}}