{"id":1826,"date":"2023-03-11T19:19:48","date_gmt":"2023-03-11T18:19:48","guid":{"rendered":"https:\/\/wodys.net\/?page_id=1826"},"modified":"2024-10-06T12:43:35","modified_gmt":"2024-10-06T10:43:35","slug":"2023-tallinn","status":"publish","type":"page","link":"https:\/\/wodys.net\/index.php\/blog\/2023-tallinn\/","title":{"rendered":"2023 Tallinn"},"content":{"rendered":"\n<p>Melissa, Jannik und ich fliegen nach Estland, genauer nach Tallinn. <\/p>\n\n\n\n<p>11.03.2023: Heute habe ich mir eine kleine Leselekt\u00fcre gekauft.<\/p>\n\n\n\n<p>13.03.2023: Melissa hat dankenswerterweise die Fl\u00fcge gebucht und einen kosteng\u00fcnstigen Parkplatz f\u00fcr den Wagen reserviert. Jannik ben\u00f6tigt noch eine Fahrradreisetasche, da der Rahmen in keinen Koffer\/Tasche passt.<\/p>\n\n\n\n<p>16.03.2023: Wir haben uns f\u00fcr eine AirBnB Unterkunft ausgesucht &#8211; 100qm mit Sauna, 3 Schafzimmer und gro\u00dfer Wohnk\u00fcche &#8211; im Stadtteil Toompea, dem Domberg. Das Apartment kostet 160,00 \u20ac pro Person.<\/p>\n\n\n\n<p>11.03.2023: Das BMX Rad ist nun auch als Sportgep\u00e4ck deklariert.<\/p>\n\n\n\n<h3 class=\"wp-block-heading has-text-color\" style=\"color:#0d00ff\"><span style=\"text-decoration: underline;\">24. April 2023<\/span><\/h3>\n\n\n\n<h4 class=\"wp-block-heading has-black-color has-text-color\">Anreise oder Der Tag des verlorenen Rucksacks<\/h4>\n\n\n\n<p>Ich musste wirklich fr\u00fch aufstehen, es war 2:00 Uhr. Nach einem spartanischen Fr\u00fchst\u00fcck, lud ich gegen 3:00 Uhr Jannik mit seinem Bike ein und wir fuhren \u00fcber die Autobahn zu Melissa. <\/p>\n\n\n\n<p>Die A 43, A 1 und A 3 waren nur sp\u00e4rlich befahren. Erst ab der Rastst\u00e4tte Camberg, gegen 5:00 Uhr wurde es langsam voller auf den Stra\u00dfen. An der Rastst\u00e4tte Camberg g\u00f6nnten wir uns einen Kaffee und Jannik nahm sich noch ein Br\u00f6tchen dazu. Bevor wir weiterfuhren meldete Melissa uns in Kriftel bei unserem Parkplatz an. <\/p>\n\n\n\n<p>Der Shuttlebus wartete bereits auf uns. Wir waren eine Stunde vor der Zeit vor Ort und somit schon um 6:35 Uhr am Terminal B und eine Stunde sp\u00e4ter war unser Gep\u00e4ck am Schalter 65 (Sperrgep\u00e4ck) aufgegeben und wir passierten die Sicherheitskontrolle.<\/p>\n\n\n\n<p>Der Flug verlief ruhig, au\u00dfer einmal, da gab es kurz heftige Turbulenzen, als Entsch\u00e4digung daf\u00fcr sind wir bei Sonnenschein, butterweich in Tallinn gelandet. Am Gep\u00e4ckband lichteten sich langsam die Reihen, dann kam die Tasche mit dem BMX-Rad, Melissa\u2018s Tasche, Jannik sein Koffer. Zwei Personen gingen leer aus, ein junger Mann und ich. Ich meldete meinen Rucksack als vermisst, es wurde uns eine Quittung ausgestellt, das war es.<\/p>\n\n\n\n<p>Nachdem Melissa uns am R-Kiosk drei Tickets f\u00fcr den Nahverkehr besorgt hatte, ging es erst mit dem Bus Richtung Unterkunft. <br>Mit der <strong>Buslinie 2<\/strong> fuhren wir bis an den Fu\u00df des Domberges. Danach machten wir uns \u00fcber einen Treppenaufgang, welcher an der alten Burgmauer hinauf f\u00fchrte, auf den Weg den Domberg zu erklimmen.<\/p>\n\n\n\n<p>Nun brauchte ich wenigstens zwei Shirts, Unterw\u00e4sche und Socken, sowie eine Zahnb\u00fcrste. Auf den Weg durch die Gassen fanden wir sehr schnell einen Laden mit tollen Shirts und einer netten \u00e4lteren Dame als Verk\u00e4uferin. Sie w\u00fcnschte mir noch Gl\u00fcck, das die Tasche schnell wiederkam und gab mir bei den Shirts einen Rabatt.<\/p>\n\n\n\n<p>Wir a\u00dfen im Rukis, M\u00fc\u00fcrivahe 27b, Viru 11. Ein kleines Fr\u00fchst\u00fccks-Kuchen-Dinner-Restaurant in entspannter Atmosph\u00e4re. Bevor wir den Heimweg antraten.<\/p>\n\n\n\n<figure class=\"wp-block-gallery has-nested-images columns-default is-cropped wp-block-gallery-1 is-layout-flex wp-block-gallery-is-layout-flex\">\n<figure class=\"wp-block-image size-large\"><img loading=\"lazy\" decoding=\"async\" width=\"1024\" height=\"768\" data-id=\"2607\" src=\"https:\/\/wodys.net\/wp-content\/uploads\/2023\/04\/20230424_1527_38391-1024x768.jpg\" alt=\"\" class=\"wp-image-2607\" srcset=\"https:\/\/wodys.net\/wp-content\/uploads\/2023\/04\/20230424_1527_38391-1024x768.jpg 1024w, https:\/\/wodys.net\/wp-content\/uploads\/2023\/04\/20230424_1527_38391-300x225.jpg 300w, https:\/\/wodys.net\/wp-content\/uploads\/2023\/04\/20230424_1527_38391-150x113.jpg 150w, https:\/\/wodys.net\/wp-content\/uploads\/2023\/04\/20230424_1527_38391-768x576.jpg 768w, https:\/\/wodys.net\/wp-content\/uploads\/2023\/04\/20230424_1527_38391-1536x1152.jpg 1536w, https:\/\/wodys.net\/wp-content\/uploads\/2023\/04\/20230424_1527_38391-2048x1536.jpg 2048w, https:\/\/wodys.net\/wp-content\/uploads\/2023\/04\/20230424_1527_38391-1568x1176.jpg 1568w\" sizes=\"auto, (max-width: 1024px) 100vw, 1024px\" \/><\/figure>\n\n\n\n<figure class=\"wp-block-image size-large\"><img loading=\"lazy\" decoding=\"async\" width=\"768\" height=\"1024\" data-id=\"2608\" src=\"https:\/\/wodys.net\/wp-content\/uploads\/2023\/04\/20230424_1526_38381-768x1024.jpg\" alt=\"\" class=\"wp-image-2608\" srcset=\"https:\/\/wodys.net\/wp-content\/uploads\/2023\/04\/20230424_1526_38381-768x1024.jpg 768w, https:\/\/wodys.net\/wp-content\/uploads\/2023\/04\/20230424_1526_38381-225x300.jpg 225w, https:\/\/wodys.net\/wp-content\/uploads\/2023\/04\/20230424_1526_38381-113x150.jpg 113w, https:\/\/wodys.net\/wp-content\/uploads\/2023\/04\/20230424_1526_38381-1152x1536.jpg 1152w, https:\/\/wodys.net\/wp-content\/uploads\/2023\/04\/20230424_1526_38381-1536x2048.jpg 1536w, https:\/\/wodys.net\/wp-content\/uploads\/2023\/04\/20230424_1526_38381-1568x2091.jpg 1568w, https:\/\/wodys.net\/wp-content\/uploads\/2023\/04\/20230424_1526_38381-scaled.jpg 1920w\" sizes=\"auto, (max-width: 768px) 100vw, 768px\" \/><\/figure>\n\n\n\n<figure class=\"wp-block-image size-large\"><img loading=\"lazy\" decoding=\"async\" width=\"768\" height=\"1024\" data-id=\"2604\" src=\"https:\/\/wodys.net\/wp-content\/uploads\/2023\/04\/20230424_1534_38393-768x1024.jpg\" alt=\"Rathaus\" class=\"wp-image-2604\" srcset=\"https:\/\/wodys.net\/wp-content\/uploads\/2023\/04\/20230424_1534_38393-768x1024.jpg 768w, https:\/\/wodys.net\/wp-content\/uploads\/2023\/04\/20230424_1534_38393-225x300.jpg 225w, https:\/\/wodys.net\/wp-content\/uploads\/2023\/04\/20230424_1534_38393-113x150.jpg 113w, https:\/\/wodys.net\/wp-content\/uploads\/2023\/04\/20230424_1534_38393-1152x1536.jpg 1152w, https:\/\/wodys.net\/wp-content\/uploads\/2023\/04\/20230424_1534_38393-1536x2048.jpg 1536w, https:\/\/wodys.net\/wp-content\/uploads\/2023\/04\/20230424_1534_38393-1568x2091.jpg 1568w, https:\/\/wodys.net\/wp-content\/uploads\/2023\/04\/20230424_1534_38393-scaled.jpg 1920w\" sizes=\"auto, (max-width: 768px) 100vw, 768px\" \/><\/figure>\n\n\n\n<figure class=\"wp-block-image size-large\"><img loading=\"lazy\" decoding=\"async\" width=\"768\" height=\"1024\" data-id=\"2611\" src=\"https:\/\/wodys.net\/wp-content\/uploads\/2023\/04\/20230424_1615_38415-768x1024.jpg\" alt=\"\" class=\"wp-image-2611\" srcset=\"https:\/\/wodys.net\/wp-content\/uploads\/2023\/04\/20230424_1615_38415-768x1024.jpg 768w, https:\/\/wodys.net\/wp-content\/uploads\/2023\/04\/20230424_1615_38415-225x300.jpg 225w, https:\/\/wodys.net\/wp-content\/uploads\/2023\/04\/20230424_1615_38415-113x150.jpg 113w, https:\/\/wodys.net\/wp-content\/uploads\/2023\/04\/20230424_1615_38415-1152x1536.jpg 1152w, https:\/\/wodys.net\/wp-content\/uploads\/2023\/04\/20230424_1615_38415-1536x2048.jpg 1536w, https:\/\/wodys.net\/wp-content\/uploads\/2023\/04\/20230424_1615_38415-1568x2091.jpg 1568w, https:\/\/wodys.net\/wp-content\/uploads\/2023\/04\/20230424_1615_38415-scaled.jpg 1920w\" sizes=\"auto, (max-width: 768px) 100vw, 768px\" \/><\/figure>\n<\/figure>\n\n\n\n<h3 class=\"wp-block-heading has-text-color\" style=\"color:#0d00ff\"><span style=\"text-decoration: underline;\"><span style=\"text-decoration: underline;\">25. April 2023<\/span><\/span><\/h3>\n\n\n\n<h4 class=\"wp-block-heading has-black-color has-text-color\">Tag der Stadtwanderung<\/h4>\n\n\n\n<div class=\"wp-block-media-text alignwide is-stacked-on-mobile\" style=\"grid-template-columns:26% auto\"><figure class=\"wp-block-media-text__media\"><img loading=\"lazy\" decoding=\"async\" width=\"633\" height=\"1024\" src=\"https:\/\/wodys.net\/wp-content\/uploads\/2023\/04\/8703DF44-063B-45BE-9DEE-8E82B6DE5544-633x1024.jpeg\" alt=\"Tallinn Stadtrundgang\" class=\"wp-image-2591 size-full\" srcset=\"https:\/\/wodys.net\/wp-content\/uploads\/2023\/04\/8703DF44-063B-45BE-9DEE-8E82B6DE5544-633x1024.jpeg 633w, https:\/\/wodys.net\/wp-content\/uploads\/2023\/04\/8703DF44-063B-45BE-9DEE-8E82B6DE5544-186x300.jpeg 186w, https:\/\/wodys.net\/wp-content\/uploads\/2023\/04\/8703DF44-063B-45BE-9DEE-8E82B6DE5544-93x150.jpeg 93w, https:\/\/wodys.net\/wp-content\/uploads\/2023\/04\/8703DF44-063B-45BE-9DEE-8E82B6DE5544.jpeg 691w\" sizes=\"auto, (max-width: 633px) 100vw, 633px\" \/><\/figure><div class=\"wp-block-media-text__content\">\n<p>Ich bin heute fr\u00fch um 8:00 Uhr wach gewesen und weil ich nicht mehr schlafen konnte, habe ich den Fr\u00fchst\u00fcckstisch gedeckt. Kurze Zeit sp\u00e4ter kam Melissa und wir haben eine Yoga Runde eingelegt. Danach habe ich Jannik geweckt, Speck und R\u00fchreier gemacht und wir haben in aller Ruhe gefr\u00fchst\u00fcckt. Gegen 11:00 Uhr haben wie uns auf den Weg gemacht den <strong>Domberg<\/strong> (Toompea) und die <strong>Altstadt<\/strong> (Vanalinn) zu erkunden und mit dem Bus zum Meer zu fahren.<\/p>\n\n\n\n<p>Abends gab es erst eine Runde Zirkeltraining, dann machten wir uns einen Salat und nach einer kleinen Ruhephasen ging es wie am Vortag wieder in die Sauna.<\/p>\n<\/div><\/div>\n\n\n\n<figure class=\"wp-block-gallery has-nested-images columns-default is-cropped wp-block-gallery-2 is-layout-flex wp-block-gallery-is-layout-flex\">\n<figure class=\"wp-block-image size-large\"><img loading=\"lazy\" decoding=\"async\" width=\"1024\" height=\"768\" data-id=\"2625\" src=\"https:\/\/wodys.net\/wp-content\/uploads\/2023\/04\/2023-04-25-10.49.09-1024x768.jpg\" alt=\"\" class=\"wp-image-2625\" srcset=\"https:\/\/wodys.net\/wp-content\/uploads\/2023\/04\/2023-04-25-10.49.09-1024x768.jpg 1024w, https:\/\/wodys.net\/wp-content\/uploads\/2023\/04\/2023-04-25-10.49.09-300x225.jpg 300w, https:\/\/wodys.net\/wp-content\/uploads\/2023\/04\/2023-04-25-10.49.09-150x113.jpg 150w, https:\/\/wodys.net\/wp-content\/uploads\/2023\/04\/2023-04-25-10.49.09-768x576.jpg 768w, https:\/\/wodys.net\/wp-content\/uploads\/2023\/04\/2023-04-25-10.49.09-1536x1152.jpg 1536w, https:\/\/wodys.net\/wp-content\/uploads\/2023\/04\/2023-04-25-10.49.09-2048x1536.jpg 2048w, https:\/\/wodys.net\/wp-content\/uploads\/2023\/04\/2023-04-25-10.49.09-1568x1176.jpg 1568w\" sizes=\"auto, (max-width: 1024px) 100vw, 1024px\" \/><\/figure>\n\n\n\n<figure class=\"wp-block-image size-large\"><img loading=\"lazy\" decoding=\"async\" width=\"768\" height=\"1024\" data-id=\"2624\" src=\"https:\/\/wodys.net\/wp-content\/uploads\/2023\/04\/2023-04-25-10.56.20-768x1024.jpg\" alt=\"\" class=\"wp-image-2624\" srcset=\"https:\/\/wodys.net\/wp-content\/uploads\/2023\/04\/2023-04-25-10.56.20-768x1024.jpg 768w, https:\/\/wodys.net\/wp-content\/uploads\/2023\/04\/2023-04-25-10.56.20-225x300.jpg 225w, https:\/\/wodys.net\/wp-content\/uploads\/2023\/04\/2023-04-25-10.56.20-113x150.jpg 113w, https:\/\/wodys.net\/wp-content\/uploads\/2023\/04\/2023-04-25-10.56.20-1152x1536.jpg 1152w, https:\/\/wodys.net\/wp-content\/uploads\/2023\/04\/2023-04-25-10.56.20-1536x2048.jpg 1536w, https:\/\/wodys.net\/wp-content\/uploads\/2023\/04\/2023-04-25-10.56.20-1568x2091.jpg 1568w, https:\/\/wodys.net\/wp-content\/uploads\/2023\/04\/2023-04-25-10.56.20-scaled.jpg 1920w\" sizes=\"auto, (max-width: 768px) 100vw, 768px\" \/><\/figure>\n\n\n\n<figure class=\"wp-block-image size-large\"><img loading=\"lazy\" decoding=\"async\" width=\"768\" height=\"1024\" data-id=\"2627\" src=\"https:\/\/wodys.net\/wp-content\/uploads\/2023\/04\/2023-04-25-19.48.12-768x1024.jpg\" alt=\"\" class=\"wp-image-2627\" srcset=\"https:\/\/wodys.net\/wp-content\/uploads\/2023\/04\/2023-04-25-19.48.12-768x1024.jpg 768w, https:\/\/wodys.net\/wp-content\/uploads\/2023\/04\/2023-04-25-19.48.12-225x300.jpg 225w, https:\/\/wodys.net\/wp-content\/uploads\/2023\/04\/2023-04-25-19.48.12-113x150.jpg 113w, https:\/\/wodys.net\/wp-content\/uploads\/2023\/04\/2023-04-25-19.48.12-1152x1536.jpg 1152w, https:\/\/wodys.net\/wp-content\/uploads\/2023\/04\/2023-04-25-19.48.12-1536x2048.jpg 1536w, https:\/\/wodys.net\/wp-content\/uploads\/2023\/04\/2023-04-25-19.48.12-1568x2091.jpg 1568w, https:\/\/wodys.net\/wp-content\/uploads\/2023\/04\/2023-04-25-19.48.12-scaled.jpg 1920w\" sizes=\"auto, (max-width: 768px) 100vw, 768px\" \/><\/figure>\n\n\n\n<figure class=\"wp-block-image size-large\"><img loading=\"lazy\" decoding=\"async\" width=\"1024\" height=\"768\" data-id=\"2628\" src=\"https:\/\/wodys.net\/wp-content\/uploads\/2023\/04\/20230425_0938_38845-1024x768.jpg\" alt=\"\" class=\"wp-image-2628\" srcset=\"https:\/\/wodys.net\/wp-content\/uploads\/2023\/04\/20230425_0938_38845-1024x768.jpg 1024w, https:\/\/wodys.net\/wp-content\/uploads\/2023\/04\/20230425_0938_38845-300x225.jpg 300w, https:\/\/wodys.net\/wp-content\/uploads\/2023\/04\/20230425_0938_38845-150x113.jpg 150w, https:\/\/wodys.net\/wp-content\/uploads\/2023\/04\/20230425_0938_38845-768x576.jpg 768w, https:\/\/wodys.net\/wp-content\/uploads\/2023\/04\/20230425_0938_38845-1536x1152.jpg 1536w, https:\/\/wodys.net\/wp-content\/uploads\/2023\/04\/20230425_0938_38845-2048x1536.jpg 2048w, https:\/\/wodys.net\/wp-content\/uploads\/2023\/04\/20230425_0938_38845-1568x1176.jpg 1568w\" sizes=\"auto, (max-width: 1024px) 100vw, 1024px\" \/><\/figure>\n<\/figure>\n\n\n\n<h3 class=\"wp-block-heading has-text-color\" style=\"color:#0d00ff\"><span style=\"text-decoration: underline;\"><span style=\"text-decoration: underline;\">26. April 2023<\/span><\/span><\/h3>\n\n\n\n<h4 class=\"wp-block-heading has-black-color has-text-color\">Tag des R\u00fcckenschmerzes und des Busfahrens<\/h4>\n\n\n\n<p>Heute fr\u00fch bin ich mit starken R\u00fcckenschmerzen wach geworden. Wie bl\u00f6d. Trotzdem habe ich versucht etwas R\u00fccken Yoga zu machen. <br>Zum Fr\u00fchst\u00fcck gab es diesmal M\u00fcsli mit Apfel, Banane und Apfelsine dazu Hafermilch. <\/p>\n\n\n\n<p>Jannik wollte heute in die BMX Halle <strong>Spot of Tallinn<\/strong>, also machten wir uns gemeinsam auf den Weg zur Busstation Estonia. Hier fuhren wir mit dem <strong>Bus 164<\/strong> bis zur Busstation an der Halle. W\u00e4hrend Jannik sich warm fuhr, g\u00f6nnten wir uns einen Cappuccino und ein paar Sushi H\u00e4ppchen. Gest\u00e4rkt konnten wir nun Bilder und Video-Clips aufnehmen.<\/p>\n\n\n\n<figure class=\"wp-block-image size-large\"><img loading=\"lazy\" decoding=\"async\" width=\"1024\" height=\"768\" src=\"https:\/\/wodys.net\/wp-content\/uploads\/2023\/04\/2023-04-26-14.04.19-1024x768.jpg\" alt=\"\" class=\"wp-image-2631\" srcset=\"https:\/\/wodys.net\/wp-content\/uploads\/2023\/04\/2023-04-26-14.04.19-1024x768.jpg 1024w, https:\/\/wodys.net\/wp-content\/uploads\/2023\/04\/2023-04-26-14.04.19-300x225.jpg 300w, https:\/\/wodys.net\/wp-content\/uploads\/2023\/04\/2023-04-26-14.04.19-150x113.jpg 150w, https:\/\/wodys.net\/wp-content\/uploads\/2023\/04\/2023-04-26-14.04.19-768x576.jpg 768w, https:\/\/wodys.net\/wp-content\/uploads\/2023\/04\/2023-04-26-14.04.19-1536x1152.jpg 1536w, https:\/\/wodys.net\/wp-content\/uploads\/2023\/04\/2023-04-26-14.04.19-2048x1536.jpg 2048w, https:\/\/wodys.net\/wp-content\/uploads\/2023\/04\/2023-04-26-14.04.19-1568x1176.jpg 1568w\" sizes=\"auto, (max-width: 1024px) 100vw, 1024px\" \/><\/figure>\n\n\n\n<p>Nachdem wir wieder in der Altstadt angekommen sind, fuhr Jannik zur Wohnung hoch, Melissa und ich gingen noch zu Lindex schoppen. Da die Lufthansa wohl meinen Rucksack in Frankfurt gefunden hatte, dieser aber bisher nicht eingetroffen war, ben\u00f6tigte ich jetzt dringend ein paar Kleidungsst\u00fccke. Mit einer frischen Jeans, einer Bluse und zwei weiteren Teilen verlie\u00df ich das Gesch\u00e4ft. F\u00fcr unseren Besuch im Restaurant hatte ich nun auch saubere, frische W\u00e4sche.<\/p>\n\n\n\n<p>Melissa hatte am Vortag im \u201e<strong>Pika Jala Restauran<\/strong>\u201c einen Tisch bestellt. Wir a\u00dfen Garnelen und Chicken-Wings, Ente und Fisch, hei\u00dfe Schokok\u00fcchlein, dazu gab es Mineralwasser und eine Flasche Sancerre.<\/p>\n\n\n\n<p>Es fing an zu regnen, so das wir unsere geplante Nacht-Foto-Tour ausfallen lie\u00dfen. Jetzt um 21:30 Uhr schl\u00e4ft schon ein Teil, ich gehe gleich auch ins Bett.<\/p>\n\n\n\n<h3 class=\"wp-block-heading has-text-color\" style=\"color:#0d00ff\"><span style=\"text-decoration: underline;\">27. April 2023<\/span><\/h3>\n\n\n\n<h4 class=\"wp-block-heading has-black-color has-text-color\">Tag der getrennten Wege<\/h4>\n\n\n\n<p>W\u00e4hrend Melissa und Jannik joggen waren, habe ich geduscht und den Fr\u00fchst\u00fcckstisch gedeckt. Zum Fr\u00fchst\u00fcck gab es R\u00fchreier und M\u00fcsli mit Obst. <br>Einer fuhr zur BMX Halle und zwei sind \u00fcber die <strong>Patkuli Treppe<\/strong> den Domberg hinab gestiegen und durch die Gassen am <strong>Sauna-Turm<\/strong> bis zum Anfang des Parkes und dann r\u00fcber in den Stadtteil <strong>Kalamaja<\/strong>. Hier gibt es noch ganze Stra\u00dfenz\u00fcge mit den urspr\u00fcnglichen Holzh\u00e4usern. Ganz alte, frisch gestrichene, neue und renovierte.<\/p>\n\n\n\n<p>\u00dcber den alten Waldfriedhof von Kalamaja ging es dann zum Port Noblesse. Hier g\u00f6nnten wir uns einen Cappuccino zum aufw\u00e4rmen, bevor wir zur\u00fcck gingen zur Telliskivi Stra\u00dfe.<\/p>\n\n\n\n<p>Gegen 16:00 Uhr machten wir uns auf den R\u00fcckweg, da Jannik von der BMX Halle auch auf dem R\u00fcckweg war.<\/p>\n\n\n\n<p>Abends a\u00dfen wir sehr gut im Ratskeller. Vorspeise, Hauptgericht und Nachtisch. Mit einem kleinen Verdauungsspaziergang holten wir noch Wasser f\u00fcr den Abend und machten uns auf den Heimweg um unsere Taschen zu packen. Da ich ja kein Gep\u00e4ck hatte, verstaute ich meine neue W\u00e4sche bei den beiden anderen.<\/p>\n\n\n\n<figure class=\"wp-block-gallery has-nested-images columns-default is-cropped wp-block-gallery-3 is-layout-flex wp-block-gallery-is-layout-flex\">\n<figure class=\"wp-block-image size-large\"><img loading=\"lazy\" decoding=\"async\" width=\"768\" height=\"1024\" data-id=\"2634\" src=\"https:\/\/wodys.net\/wp-content\/uploads\/2023\/05\/20230427_1758_39006-768x1024.jpg\" alt=\"\" class=\"wp-image-2634\" srcset=\"https:\/\/wodys.net\/wp-content\/uploads\/2023\/05\/20230427_1758_39006-768x1024.jpg 768w, https:\/\/wodys.net\/wp-content\/uploads\/2023\/05\/20230427_1758_39006-225x300.jpg 225w, https:\/\/wodys.net\/wp-content\/uploads\/2023\/05\/20230427_1758_39006-113x150.jpg 113w, https:\/\/wodys.net\/wp-content\/uploads\/2023\/05\/20230427_1758_39006-1152x1536.jpg 1152w, https:\/\/wodys.net\/wp-content\/uploads\/2023\/05\/20230427_1758_39006-1536x2048.jpg 1536w, https:\/\/wodys.net\/wp-content\/uploads\/2023\/05\/20230427_1758_39006-1568x2091.jpg 1568w, https:\/\/wodys.net\/wp-content\/uploads\/2023\/05\/20230427_1758_39006-scaled.jpg 1920w\" sizes=\"auto, (max-width: 768px) 100vw, 768px\" \/><\/figure>\n\n\n\n<figure class=\"wp-block-image size-large\"><img loading=\"lazy\" decoding=\"async\" width=\"768\" height=\"1024\" data-id=\"2635\" src=\"https:\/\/wodys.net\/wp-content\/uploads\/2023\/05\/20230427_1800_39014-768x1024.jpg\" alt=\"\" class=\"wp-image-2635\" srcset=\"https:\/\/wodys.net\/wp-content\/uploads\/2023\/05\/20230427_1800_39014-768x1024.jpg 768w, https:\/\/wodys.net\/wp-content\/uploads\/2023\/05\/20230427_1800_39014-225x300.jpg 225w, https:\/\/wodys.net\/wp-content\/uploads\/2023\/05\/20230427_1800_39014-113x150.jpg 113w, https:\/\/wodys.net\/wp-content\/uploads\/2023\/05\/20230427_1800_39014-1152x1536.jpg 1152w, https:\/\/wodys.net\/wp-content\/uploads\/2023\/05\/20230427_1800_39014-1536x2048.jpg 1536w, https:\/\/wodys.net\/wp-content\/uploads\/2023\/05\/20230427_1800_39014-1568x2091.jpg 1568w, https:\/\/wodys.net\/wp-content\/uploads\/2023\/05\/20230427_1800_39014-scaled.jpg 1920w\" sizes=\"auto, (max-width: 768px) 100vw, 768px\" \/><\/figure>\n<\/figure>\n\n\n\n<h3 class=\"wp-block-heading has-text-color\" style=\"color:#0d00ff\"><span style=\"text-decoration: underline;\">28. April 2023<\/span><\/h3>\n\n\n\n<h4 class=\"wp-block-heading has-black-color has-text-color\">Tag des Wiederfindens des verlorenen Rucksacks<\/h4>\n\n\n\n<p>Um 8 Uhr hie\u00df es aufstehen, duschen, Sp\u00fclmaschine ausr\u00e4umen, Betten abziehen, M\u00fcll raus bringen, Taschen schultern, abschlie\u00dfen, Schl\u00fcssel zur\u00fccklegen und das Appartement auf dem Domberg verlassen.<\/p>\n\n\n\n<p>Unser Weg f\u00fchrte uns hinab in die Altstadt, zum Rukis. Hier fr\u00fchst\u00fcckten wir und machten uns gegen 11:00 Uhr auf den Weg zum Flughafen. Wir wollten den Bus Nummer 2 an der Estonia Station nehmen. <\/p>\n\n\n\n<p>Der Bus fuhr bis vor das Flughafengeb\u00e4ude, hier gaben wir die Busfahrkarten zur\u00fcck &#8211; da sind je Karte 2 Euro Pfand drauf &#8211; und gingen zur Abflughalle. <\/p>\n\n\n\n<p>Nachdem wir unser Gep\u00e4ck aufgegeben hatten, und zugig durch die Sicherheitskontrolle kamen, nutzte ich die Zeit um endlich noch ein paar wichtige Postkarten zu schreiben. Wie immer, eine f\u00fcr mich selber.<\/p>\n\n\n\n<p>Der Flug verging ohne besondere Ereignisse. Nach der Landung lie\u00df ich Melissa und Jannik am Gep\u00e4ckband alleine, um zum LH Lost&amp;Found Schalter zu gehen um nach meinen Gep\u00e4ck zu fragen. Die Antworten sind eine eigene Geschichte wert. Um es kurz zu machen, wir mussten zum Ende des Flughafens (Terminal C) zum Zoll-Haupt-Lager, dort lag mein zerrissener Rucksack. <\/p>\n\n\n\n<p>Am Terminal A &#8211; also wieder durch die gesamte L\u00e4nge zur\u00fcck, erwartete uns unser Shuttle Service. Die Autobahnen waren aufgrund des langen Wochenendes voll, wir g\u00f6nnten uns einen Burger an einer Rastst\u00e4tte und Jannik fuhr den Rest der Strecke.<\/p>\n\n\n\n<p>Tallinn hat mich begeistert, die Stadt, die Leute &#8211; welche als zur\u00fcckhaltend beschrieben wurden, aber offen und freundlich waren -, das Eis und die Restaurants.<\/p>\n\n\n\n<figure class=\"wp-block-image size-large\"><img loading=\"lazy\" decoding=\"async\" width=\"1024\" height=\"768\" src=\"https:\/\/wodys.net\/wp-content\/uploads\/2023\/05\/20230425_0903_38457-1024x768.jpg\" alt=\"\" class=\"wp-image-2644\" srcset=\"https:\/\/wodys.net\/wp-content\/uploads\/2023\/05\/20230425_0903_38457-1024x768.jpg 1024w, https:\/\/wodys.net\/wp-content\/uploads\/2023\/05\/20230425_0903_38457-300x225.jpg 300w, https:\/\/wodys.net\/wp-content\/uploads\/2023\/05\/20230425_0903_38457-150x113.jpg 150w, https:\/\/wodys.net\/wp-content\/uploads\/2023\/05\/20230425_0903_38457-768x576.jpg 768w, https:\/\/wodys.net\/wp-content\/uploads\/2023\/05\/20230425_0903_38457-1536x1152.jpg 1536w, https:\/\/wodys.net\/wp-content\/uploads\/2023\/05\/20230425_0903_38457-2048x1536.jpg 2048w, https:\/\/wodys.net\/wp-content\/uploads\/2023\/05\/20230425_0903_38457-1568x1176.jpg 1568w\" sizes=\"auto, (max-width: 1024px) 100vw, 1024px\" \/><\/figure>\n","protected":false},"excerpt":{"rendered":"<p>Melissa, Jannik und ich fliegen nach Estland, genauer nach Tallinn. 11.03.2023: Heute habe ich mir eine kleine Leselekt\u00fcre gekauft. 13.03.2023: Melissa hat dankenswerterweise die Fl\u00fcge gebucht und einen kosteng\u00fcnstigen Parkplatz f\u00fcr den Wagen reserviert. Jannik ben\u00f6tigt noch eine Fahrradreisetasche, da der Rahmen in keinen Koffer\/Tasche passt. 16.03.2023: Wir haben uns f\u00fcr eine AirBnB Unterkunft ausgesucht [&hellip;]<\/p>\n","protected":false},"author":1,"featured_media":0,"parent":26,"menu_order":0,"comment_status":"closed","ping_status":"closed","template":"","meta":{"footnotes":""},"class_list":["post-1826","page","type-page","status-publish","hentry"],"_links":{"self":[{"href":"https:\/\/wodys.net\/index.php\/wp-json\/wp\/v2\/pages\/1826","targetHints":{"allow":["GET"]}}],"collection":[{"href":"https:\/\/wodys.net\/index.php\/wp-json\/wp\/v2\/pages"}],"about":[{"href":"https:\/\/wodys.net\/index.php\/wp-json\/wp\/v2\/types\/page"}],"author":[{"embeddable":true,"href":"https:\/\/wodys.net\/index.php\/wp-json\/wp\/v2\/users\/1"}],"replies":[{"embeddable":true,"href":"https:\/\/wodys.net\/index.php\/wp-json\/wp\/v2\/comments?post=1826"}],"version-history":[{"count":52,"href":"https:\/\/wodys.net\/index.php\/wp-json\/wp\/v2\/pages\/1826\/revisions"}],"predecessor-version":[{"id":3961,"href":"https:\/\/wodys.net\/index.php\/wp-json\/wp\/v2\/pages\/1826\/revisions\/3961"}],"up":[{"embeddable":true,"href":"https:\/\/wodys.net\/index.php\/wp-json\/wp\/v2\/pages\/26"}],"wp:attachment":[{"href":"https:\/\/wodys.net\/index.php\/wp-json\/wp\/v2\/media?parent=1826"}],"curies":[{"name":"wp","href":"https:\/\/api.w.org\/{rel}","templated":true}]}}