{"id":2130,"date":"2023-05-22T21:38:23","date_gmt":"2023-05-22T19:38:23","guid":{"rendered":"https:\/\/wodys.net\/?page_id=2130"},"modified":"2023-10-03T13:13:29","modified_gmt":"2023-10-03T11:13:29","slug":"2023-potsdam","status":"publish","type":"page","link":"https:\/\/wodys.net\/index.php\/blog\/2023-potsdam\/","title":{"rendered":"2023 Potsdam"},"content":{"rendered":"\n<h2 class=\"wp-block-heading\">Hermannswerder<\/h2>\n\n\n\n<p>Andere fahren in die Provence, wir fahren nach Potsdam. Schon vor l\u00e4ngerer Zeit stand Potsdam auf dem Wunschzettel, jetzt wird der Wunsch erf\u00fcllt. Ich habe uns eine 4**** Unterkunft mit Balkon und Fr\u00fchst\u00fcck gebucht und f\u00fcr den Tag der Anreise einen Tisch im Restaurant.<\/p>\n\n\n\n<p>Zus\u00e4tzlich habe ich einen illustrierten Stadtplan und das Buch &#8222;Gl\u00fccksorte in Potsdam&#8220; bestellt. <\/p>\n\n\n\n<h3 class=\"wp-block-heading has-text-color\" style=\"color:#0d00ff\"><span style=\"text-decoration: underline;\">Freitag, 28. Juli 2023<\/span><\/h3>\n\n\n\n<h4 class=\"wp-block-heading has-black-color has-text-color\">Gem\u00fctliche Anreise<\/h4>\n\n\n\n<p>Wir sind gem\u00fctlich, mit mehreren kleinen Pausen auf oder an der A 2 \u00fcber ebendiese, der A10 und der B 2 nach Hermannswerder gefahren. <br>Kaum hatten wir unser Hotelzimmer bezogen, zogen sich die Wolken zusammen und es fing an zu sch\u00fctten, so chillten wir noch etwas bevor es in das angrenzende Restaurant ging.<\/p>\n\n\n\n<p>Nach einem Forellenfilet, einem kleinen Glas Chardonnay und eines Wellness-Eisbechers nutzten wir die Stunde vor dem Dunkel werden und vertraten uns die Beine zwischen den alten Backsteingeb\u00e4uden der Hoffbauer Stiftung.<\/p>\n\n\n\n<h3 class=\"wp-block-heading has-text-color\" style=\"color:#0d00ff\"><span style=\"text-decoration: underline;\">Samstag, 29. Juli 2023<\/span><\/h3>\n\n\n\n<h4 class=\"wp-block-heading has-black-color has-text-color\">Regenreicher Tag &#8211; Hop on Hop off<\/h4>\n\n\n\n<p>Nach einem gem\u00fctlichen Fr\u00fchst\u00fcck machten wir uns um 10:00 Uhr auf den Weg zur Busstation. An der Haltestelle Hoffbauer-Stiftung fuhren wir mit dem Bus  eine Haltestelle weiter und wechselten in den 694 in Richtung Potsdam Hbf. <\/p>\n\n\n\n<p>Im Bus machten wir Bekanntschaft mit einem \u00e4lteren Ehepaar, welches uns gerne bei den richtigen Ausstiegstationen half und auch sonst eine am\u00fcsante und informative Reisebegleitung war.<\/p>\n\n\n\n<p>Am Bahnhof gingen wir zu den Hopper-Bussen und l\u00f6sten zwei 24 Stundentickets f\u00fcr je 17 \u20ac. An der dritten Haltestelle, auf der Hebbelstra\u00dfe am <strong>holl\u00e4ndischen Viertel<\/strong>, stiegen wir aus und liefen die Mittelstra\u00dfe hinab. Die H\u00e4user auf der Mittelstra\u00dfe scheinen sich rechts und links zu spiegeln. Am <strong>Nauener Tor<\/strong> folgten wir dem dortigen Wochenmarkt und bogen in die J\u00e4gerstra\u00dfe ein. <\/p>\n\n\n\n<p>An der Brandenburger Str. schl\u00fcpften wir schnell durch die T\u00fcren des Karstadt Kaufhauses, um uns &#8211; nach einer schnellen Pullerpause &#8211; umgehend auf den R\u00fcckweg zu machen, da eine dunkle Regenwand auf uns zuzog. Wir schafften es, mit den ersten Regentropfen, am Nauener Tor in das <strong>Caf\u00e9 Heider<\/strong>. Bevor ein langer, kr\u00e4ftiger Platzregen hernieder ging.<\/p>\n\n\n\n<p>Nachdem der Regen aufgeh\u00f6rt hatte, machten wir uns auf den Weg zur Haltestelle, doch der n\u00e4chste Regenguss \u00fcberraschte uns. Bis der Bus kam, waren wir nicht mehr trocken hinter den Ohren. Wir fuhren die 16 Punkte der Tour ab und machten uns schon einmal ein Bild der Sehensw\u00fcrdigen der Stadt. <\/p>\n\n\n\n<p>Auf dem R\u00fcckweg \u00fcberraschte uns ein Gewitter, als wir den Bus verlie\u00dfen. Wir warteten, bis es vorbeigezogen war und liefen dann zum Hotel, ich barfuss, durch die Pf\u00fctzen plantschend.<\/p>\n\n\n\n<p>Morgen wollen wir, wenn es trocken bleibt, erst zum Schloss Sanssouci mit den Weinbergterrassen und vielleicht auch noch das Neue Palais, das Brandenburger Tor &#8230;<\/p>\n\n\n\n<p>Essen wollen wir ausserhalb.<\/p>\n\n\n\n<figure class=\"wp-block-gallery alignwide has-nested-images columns-default is-cropped wp-block-gallery-1 is-layout-flex wp-block-gallery-is-layout-flex\">\n<figure class=\"wp-block-image size-large is-style-twentytwentyone-image-frame\"><img loading=\"lazy\" decoding=\"async\" width=\"768\" height=\"1024\" data-id=\"2741\" src=\"https:\/\/wodys.net\/wp-content\/uploads\/2023\/08\/20230729_1008_41070-768x1024.jpg\" alt=\"\" class=\"wp-image-2741\" srcset=\"https:\/\/wodys.net\/wp-content\/uploads\/2023\/08\/20230729_1008_41070-768x1024.jpg 768w, https:\/\/wodys.net\/wp-content\/uploads\/2023\/08\/20230729_1008_41070-225x300.jpg 225w, https:\/\/wodys.net\/wp-content\/uploads\/2023\/08\/20230729_1008_41070-112x150.jpg 112w, https:\/\/wodys.net\/wp-content\/uploads\/2023\/08\/20230729_1008_41070-1152x1536.jpg 1152w, https:\/\/wodys.net\/wp-content\/uploads\/2023\/08\/20230729_1008_41070-1536x2048.jpg 1536w, https:\/\/wodys.net\/wp-content\/uploads\/2023\/08\/20230729_1008_41070-1568x2091.jpg 1568w, https:\/\/wodys.net\/wp-content\/uploads\/2023\/08\/20230729_1008_41070-scaled.jpg 1920w\" sizes=\"auto, (max-width: 768px) 100vw, 768px\" \/><\/figure>\n\n\n\n<figure class=\"wp-block-image size-large is-style-twentytwentyone-image-frame\"><img loading=\"lazy\" decoding=\"async\" width=\"1024\" height=\"768\" data-id=\"2742\" src=\"https:\/\/wodys.net\/wp-content\/uploads\/2023\/08\/20230729_1144_41090-1024x768.jpg\" alt=\"\" class=\"wp-image-2742\" srcset=\"https:\/\/wodys.net\/wp-content\/uploads\/2023\/08\/20230729_1144_41090-1024x768.jpg 1024w, https:\/\/wodys.net\/wp-content\/uploads\/2023\/08\/20230729_1144_41090-300x225.jpg 300w, https:\/\/wodys.net\/wp-content\/uploads\/2023\/08\/20230729_1144_41090-150x113.jpg 150w, https:\/\/wodys.net\/wp-content\/uploads\/2023\/08\/20230729_1144_41090-768x576.jpg 768w, https:\/\/wodys.net\/wp-content\/uploads\/2023\/08\/20230729_1144_41090-1536x1152.jpg 1536w, https:\/\/wodys.net\/wp-content\/uploads\/2023\/08\/20230729_1144_41090-2048x1536.jpg 2048w, https:\/\/wodys.net\/wp-content\/uploads\/2023\/08\/20230729_1144_41090-1568x1176.jpg 1568w\" sizes=\"auto, (max-width: 1024px) 100vw, 1024px\" \/><\/figure>\n\n\n\n<figure class=\"wp-block-image size-large is-style-twentytwentyone-image-frame\"><img loading=\"lazy\" decoding=\"async\" width=\"1024\" height=\"768\" data-id=\"2740\" src=\"https:\/\/wodys.net\/wp-content\/uploads\/2023\/08\/20230729_1145_41098-1024x768.jpg\" alt=\"\" class=\"wp-image-2740\" srcset=\"https:\/\/wodys.net\/wp-content\/uploads\/2023\/08\/20230729_1145_41098-1024x768.jpg 1024w, https:\/\/wodys.net\/wp-content\/uploads\/2023\/08\/20230729_1145_41098-300x225.jpg 300w, https:\/\/wodys.net\/wp-content\/uploads\/2023\/08\/20230729_1145_41098-150x113.jpg 150w, https:\/\/wodys.net\/wp-content\/uploads\/2023\/08\/20230729_1145_41098-768x576.jpg 768w, https:\/\/wodys.net\/wp-content\/uploads\/2023\/08\/20230729_1145_41098-1536x1152.jpg 1536w, https:\/\/wodys.net\/wp-content\/uploads\/2023\/08\/20230729_1145_41098-2048x1536.jpg 2048w, https:\/\/wodys.net\/wp-content\/uploads\/2023\/08\/20230729_1145_41098-1568x1176.jpg 1568w\" sizes=\"auto, (max-width: 1024px) 100vw, 1024px\" \/><\/figure>\n<\/figure>\n\n\n\n<h3 class=\"wp-block-heading has-text-color\" style=\"color:#0d00ff\"><span style=\"text-decoration: underline;\">Sonntag, 30. Juli 2023<\/span><\/h3>\n\n\n\n<h4 class=\"wp-block-heading has-black-color has-text-color\">Sanssouci, Neues Palais und Brandenburger Tor<\/h4>\n\n\n\n<p>Heute war ich fr\u00fch wach und habe die Schwalben am Hotelsteg und den Kleiber auf der Wiese beobachtet. Wir haben sp\u00e4t gefr\u00fchst\u00fcckt und sind erst nach 11:00 Uhr los nach <strong>Sanssouci<\/strong>. Die Parkplatzsuche war etwas konfus, doch letztendlich fand ich einen Platz. Wir mussten den Berg zum Haupteinagng an der <strong>Alten M\u00fchle<\/strong> hochlaufen und haben das Schloss einmal in aller Ruhe umrundet.<\/p>\n\n\n\n<div class=\"wp-block-group has-global-padding is-layout-constrained wp-block-group-is-layout-constrained\">\n<figure class=\"wp-block-gallery has-nested-images columns-default is-cropped wp-block-gallery-2 is-layout-flex wp-block-gallery-is-layout-flex\">\n<figure class=\"wp-block-image size-large is-style-twentytwentyone-image-frame\"><img loading=\"lazy\" decoding=\"async\" width=\"1024\" height=\"768\" data-id=\"2745\" src=\"https:\/\/wodys.net\/wp-content\/uploads\/2023\/08\/20230730_1221_41220-1024x768.jpg\" alt=\"\" class=\"wp-image-2745\" srcset=\"https:\/\/wodys.net\/wp-content\/uploads\/2023\/08\/20230730_1221_41220-1024x768.jpg 1024w, https:\/\/wodys.net\/wp-content\/uploads\/2023\/08\/20230730_1221_41220-300x225.jpg 300w, https:\/\/wodys.net\/wp-content\/uploads\/2023\/08\/20230730_1221_41220-150x112.jpg 150w, https:\/\/wodys.net\/wp-content\/uploads\/2023\/08\/20230730_1221_41220-768x576.jpg 768w, https:\/\/wodys.net\/wp-content\/uploads\/2023\/08\/20230730_1221_41220-1536x1152.jpg 1536w, https:\/\/wodys.net\/wp-content\/uploads\/2023\/08\/20230730_1221_41220-2048x1536.jpg 2048w, https:\/\/wodys.net\/wp-content\/uploads\/2023\/08\/20230730_1221_41220-1568x1176.jpg 1568w\" sizes=\"auto, (max-width: 1024px) 100vw, 1024px\" \/><\/figure>\n\n\n\n<figure class=\"wp-block-image size-large is-style-twentytwentyone-image-frame\"><img loading=\"lazy\" decoding=\"async\" width=\"768\" height=\"1024\" data-id=\"2747\" src=\"https:\/\/wodys.net\/wp-content\/uploads\/2023\/08\/20230730_1224_41226-768x1024.jpg\" alt=\"\" class=\"wp-image-2747\" srcset=\"https:\/\/wodys.net\/wp-content\/uploads\/2023\/08\/20230730_1224_41226-768x1024.jpg 768w, https:\/\/wodys.net\/wp-content\/uploads\/2023\/08\/20230730_1224_41226-225x300.jpg 225w, https:\/\/wodys.net\/wp-content\/uploads\/2023\/08\/20230730_1224_41226-113x150.jpg 113w, https:\/\/wodys.net\/wp-content\/uploads\/2023\/08\/20230730_1224_41226-1152x1536.jpg 1152w, https:\/\/wodys.net\/wp-content\/uploads\/2023\/08\/20230730_1224_41226-1536x2048.jpg 1536w, https:\/\/wodys.net\/wp-content\/uploads\/2023\/08\/20230730_1224_41226-1568x2091.jpg 1568w, https:\/\/wodys.net\/wp-content\/uploads\/2023\/08\/20230730_1224_41226-scaled.jpg 1920w\" sizes=\"auto, (max-width: 768px) 100vw, 768px\" \/><\/figure>\n\n\n\n<figure class=\"wp-block-image size-large is-style-twentytwentyone-image-frame\"><img loading=\"lazy\" decoding=\"async\" width=\"1024\" height=\"768\" data-id=\"2746\" src=\"https:\/\/wodys.net\/wp-content\/uploads\/2023\/08\/20230730_1237_41234-1024x768.jpg\" alt=\"\" class=\"wp-image-2746\" srcset=\"https:\/\/wodys.net\/wp-content\/uploads\/2023\/08\/20230730_1237_41234-1024x768.jpg 1024w, https:\/\/wodys.net\/wp-content\/uploads\/2023\/08\/20230730_1237_41234-300x225.jpg 300w, https:\/\/wodys.net\/wp-content\/uploads\/2023\/08\/20230730_1237_41234-150x113.jpg 150w, https:\/\/wodys.net\/wp-content\/uploads\/2023\/08\/20230730_1237_41234-768x576.jpg 768w, https:\/\/wodys.net\/wp-content\/uploads\/2023\/08\/20230730_1237_41234-1536x1152.jpg 1536w, https:\/\/wodys.net\/wp-content\/uploads\/2023\/08\/20230730_1237_41234-2048x1536.jpg 2048w, https:\/\/wodys.net\/wp-content\/uploads\/2023\/08\/20230730_1237_41234-1568x1176.jpg 1568w\" sizes=\"auto, (max-width: 1024px) 100vw, 1024px\" \/><\/figure>\n\n\n\n<figure class=\"wp-block-image size-large is-style-twentytwentyone-image-frame\"><img loading=\"lazy\" decoding=\"async\" width=\"1024\" height=\"576\" data-id=\"2744\" src=\"https:\/\/wodys.net\/wp-content\/uploads\/2023\/08\/20230730_1238_41240-1024x576.jpg\" alt=\"\" class=\"wp-image-2744\" srcset=\"https:\/\/wodys.net\/wp-content\/uploads\/2023\/08\/20230730_1238_41240-1024x576.jpg 1024w, https:\/\/wodys.net\/wp-content\/uploads\/2023\/08\/20230730_1238_41240-300x169.jpg 300w, https:\/\/wodys.net\/wp-content\/uploads\/2023\/08\/20230730_1238_41240-150x84.jpg 150w, https:\/\/wodys.net\/wp-content\/uploads\/2023\/08\/20230730_1238_41240-768x432.jpg 768w, https:\/\/wodys.net\/wp-content\/uploads\/2023\/08\/20230730_1238_41240-1536x864.jpg 1536w, https:\/\/wodys.net\/wp-content\/uploads\/2023\/08\/20230730_1238_41240-2048x1152.jpg 2048w, https:\/\/wodys.net\/wp-content\/uploads\/2023\/08\/20230730_1238_41240-1568x882.jpg 1568w\" sizes=\"auto, (max-width: 1024px) 100vw, 1024px\" \/><\/figure>\n<\/figure>\n<\/div>\n\n\n\n<p>Leider war der Weg hinab zur <strong>Gro\u00dfen Fontaine<\/strong> nicht wirklich gut f\u00fcr uns geeignet, so verlie\u00dfen wir den Ort wieder, um entweder etwas weiter unten einen Parkplatz und einen Zugang zu finden oder direkt zum Neuen Palais zu fahren.<\/p>\n\n\n\n<p>Ich dachte man k\u00f6nnte an, bei oder in der N\u00e4he der Orangerie halten, aber das war leider nicht der Fall, so fuhren wir bis zum <strong>Neuen Palais<\/strong> und gingen durch die <strong>Columes<\/strong> zum Palais und durch den Seiteneingang zur\u00fcck zum Auto.<\/p>\n\n\n\n<figure class=\"wp-block-gallery has-nested-images columns-default is-cropped wp-block-gallery-3 is-layout-flex wp-block-gallery-is-layout-flex\">\n<figure class=\"wp-block-image size-large is-style-twentytwentyone-image-frame\"><img loading=\"lazy\" decoding=\"async\" width=\"768\" height=\"1024\" data-id=\"2754\" src=\"https:\/\/wodys.net\/wp-content\/uploads\/2023\/08\/20230730_1443_40692-768x1024.jpg\" alt=\"\" class=\"wp-image-2754\" srcset=\"https:\/\/wodys.net\/wp-content\/uploads\/2023\/08\/20230730_1443_40692-768x1024.jpg 768w, https:\/\/wodys.net\/wp-content\/uploads\/2023\/08\/20230730_1443_40692-225x300.jpg 225w, https:\/\/wodys.net\/wp-content\/uploads\/2023\/08\/20230730_1443_40692-113x150.jpg 113w, https:\/\/wodys.net\/wp-content\/uploads\/2023\/08\/20230730_1443_40692-1152x1536.jpg 1152w, https:\/\/wodys.net\/wp-content\/uploads\/2023\/08\/20230730_1443_40692-1536x2048.jpg 1536w, https:\/\/wodys.net\/wp-content\/uploads\/2023\/08\/20230730_1443_40692-1568x2091.jpg 1568w, https:\/\/wodys.net\/wp-content\/uploads\/2023\/08\/20230730_1443_40692-scaled.jpg 1920w\" sizes=\"auto, (max-width: 768px) 100vw, 768px\" \/><\/figure>\n\n\n\n<figure class=\"wp-block-image size-large is-style-twentytwentyone-image-frame\"><img loading=\"lazy\" decoding=\"async\" width=\"768\" height=\"1024\" data-id=\"2750\" src=\"https:\/\/wodys.net\/wp-content\/uploads\/2023\/08\/20230730_1440_40682-768x1024.jpg\" alt=\"\" class=\"wp-image-2750\" srcset=\"https:\/\/wodys.net\/wp-content\/uploads\/2023\/08\/20230730_1440_40682-768x1024.jpg 768w, https:\/\/wodys.net\/wp-content\/uploads\/2023\/08\/20230730_1440_40682-225x300.jpg 225w, https:\/\/wodys.net\/wp-content\/uploads\/2023\/08\/20230730_1440_40682-113x150.jpg 113w, https:\/\/wodys.net\/wp-content\/uploads\/2023\/08\/20230730_1440_40682-1152x1536.jpg 1152w, https:\/\/wodys.net\/wp-content\/uploads\/2023\/08\/20230730_1440_40682-1536x2048.jpg 1536w, https:\/\/wodys.net\/wp-content\/uploads\/2023\/08\/20230730_1440_40682-1568x2091.jpg 1568w, https:\/\/wodys.net\/wp-content\/uploads\/2023\/08\/20230730_1440_40682-scaled.jpg 1920w\" sizes=\"auto, (max-width: 768px) 100vw, 768px\" \/><\/figure>\n\n\n\n<figure class=\"wp-block-image size-large is-style-twentytwentyone-image-frame\"><img loading=\"lazy\" decoding=\"async\" width=\"1024\" height=\"768\" data-id=\"2753\" src=\"https:\/\/wodys.net\/wp-content\/uploads\/2023\/08\/20230730_1520_41276-1024x768.jpg\" alt=\"\" class=\"wp-image-2753\" srcset=\"https:\/\/wodys.net\/wp-content\/uploads\/2023\/08\/20230730_1520_41276-1024x768.jpg 1024w, https:\/\/wodys.net\/wp-content\/uploads\/2023\/08\/20230730_1520_41276-300x225.jpg 300w, https:\/\/wodys.net\/wp-content\/uploads\/2023\/08\/20230730_1520_41276-150x113.jpg 150w, https:\/\/wodys.net\/wp-content\/uploads\/2023\/08\/20230730_1520_41276-768x576.jpg 768w, https:\/\/wodys.net\/wp-content\/uploads\/2023\/08\/20230730_1520_41276-1536x1152.jpg 1536w, https:\/\/wodys.net\/wp-content\/uploads\/2023\/08\/20230730_1520_41276-2048x1536.jpg 2048w, https:\/\/wodys.net\/wp-content\/uploads\/2023\/08\/20230730_1520_41276-1568x1176.jpg 1568w\" sizes=\"auto, (max-width: 1024px) 100vw, 1024px\" \/><\/figure>\n\n\n\n<figure class=\"wp-block-image size-large is-style-twentytwentyone-image-frame\"><img loading=\"lazy\" decoding=\"async\" width=\"1024\" height=\"768\" data-id=\"2752\" src=\"https:\/\/wodys.net\/wp-content\/uploads\/2023\/08\/20230730_1448_41262-1024x768.jpg\" alt=\"\" class=\"wp-image-2752\" srcset=\"https:\/\/wodys.net\/wp-content\/uploads\/2023\/08\/20230730_1448_41262-1024x768.jpg 1024w, https:\/\/wodys.net\/wp-content\/uploads\/2023\/08\/20230730_1448_41262-300x225.jpg 300w, https:\/\/wodys.net\/wp-content\/uploads\/2023\/08\/20230730_1448_41262-150x113.jpg 150w, https:\/\/wodys.net\/wp-content\/uploads\/2023\/08\/20230730_1448_41262-768x576.jpg 768w, https:\/\/wodys.net\/wp-content\/uploads\/2023\/08\/20230730_1448_41262-1536x1152.jpg 1536w, https:\/\/wodys.net\/wp-content\/uploads\/2023\/08\/20230730_1448_41262-2048x1536.jpg 2048w, https:\/\/wodys.net\/wp-content\/uploads\/2023\/08\/20230730_1448_41262-1568x1176.jpg 1568w\" sizes=\"auto, (max-width: 1024px) 100vw, 1024px\" \/><\/figure>\n<\/figure>\n\n\n\n<p>Da es schon sp\u00e4t war und die ersten Regentropfen herniederfielen, fuhren wir zum <strong>Brandenburger Tor<\/strong> um dort irgendwo einzukehren.<\/p>\n\n\n\n<p>Wir g\u00f6nnten uns ein Wiener Schnitzel mit Pfifferlingen und machten uns nach einem Gang durch das Brandenburger Tor auf den R\u00fcckweg zum Hotel.<\/p>\n\n\n\n<figure class=\"wp-block-gallery has-nested-images columns-default is-cropped wp-block-gallery-4 is-layout-flex wp-block-gallery-is-layout-flex\">\n<figure class=\"wp-block-image size-large is-style-twentytwentyone-image-frame\"><img loading=\"lazy\" decoding=\"async\" width=\"1024\" height=\"768\" data-id=\"2756\" src=\"https:\/\/wodys.net\/wp-content\/uploads\/2023\/08\/20230730_1804_41278-1024x768.jpg\" alt=\"\" class=\"wp-image-2756\" srcset=\"https:\/\/wodys.net\/wp-content\/uploads\/2023\/08\/20230730_1804_41278-1024x768.jpg 1024w, https:\/\/wodys.net\/wp-content\/uploads\/2023\/08\/20230730_1804_41278-300x225.jpg 300w, https:\/\/wodys.net\/wp-content\/uploads\/2023\/08\/20230730_1804_41278-150x113.jpg 150w, https:\/\/wodys.net\/wp-content\/uploads\/2023\/08\/20230730_1804_41278-768x576.jpg 768w, https:\/\/wodys.net\/wp-content\/uploads\/2023\/08\/20230730_1804_41278-1536x1152.jpg 1536w, https:\/\/wodys.net\/wp-content\/uploads\/2023\/08\/20230730_1804_41278-2048x1536.jpg 2048w, https:\/\/wodys.net\/wp-content\/uploads\/2023\/08\/20230730_1804_41278-1568x1176.jpg 1568w\" sizes=\"auto, (max-width: 1024px) 100vw, 1024px\" \/><\/figure>\n\n\n\n<figure class=\"wp-block-image size-large is-style-twentytwentyone-image-frame\"><img loading=\"lazy\" decoding=\"async\" width=\"768\" height=\"1024\" data-id=\"2755\" src=\"https:\/\/wodys.net\/wp-content\/uploads\/2023\/08\/20230730_1804_41282-768x1024.jpg\" alt=\"\" class=\"wp-image-2755\" srcset=\"https:\/\/wodys.net\/wp-content\/uploads\/2023\/08\/20230730_1804_41282-768x1024.jpg 768w, https:\/\/wodys.net\/wp-content\/uploads\/2023\/08\/20230730_1804_41282-225x300.jpg 225w, https:\/\/wodys.net\/wp-content\/uploads\/2023\/08\/20230730_1804_41282-113x150.jpg 113w, https:\/\/wodys.net\/wp-content\/uploads\/2023\/08\/20230730_1804_41282-1152x1536.jpg 1152w, https:\/\/wodys.net\/wp-content\/uploads\/2023\/08\/20230730_1804_41282-1536x2048.jpg 1536w, https:\/\/wodys.net\/wp-content\/uploads\/2023\/08\/20230730_1804_41282-1568x2091.jpg 1568w, https:\/\/wodys.net\/wp-content\/uploads\/2023\/08\/20230730_1804_41282-scaled.jpg 1920w\" sizes=\"auto, (max-width: 768px) 100vw, 768px\" \/><\/figure>\n<\/figure>\n\n\n\n<h3 class=\"wp-block-heading has-text-color\" style=\"color:#0d00ff\"><span style=\"text-decoration: underline;\"><span style=\"text-decoration: underline;\">Montag, 31. Juli 2023<\/span><\/span><\/h3>\n\n\n\n<h4 class=\"wp-block-heading has-black-color has-text-color\">Schl\u00f6ssertour und Freundschaftsinsel<\/h4>\n\n\n\n<p>Wir haben sp\u00e4t und lange gefr\u00fchst\u00fcckt. Da es drau\u00dfen immer noch regnete legten wir uns etwas hin und schlummerten noch einmal eine kurze Runde.<\/p>\n\n\n\n<p>Wir parkten am Bahnhof und g\u00f6nnten uns eine kleine Pizza als Zwischendurch-Snack im &#8222;Einkaufszentrum mit Bahnanschluss&#8220; bevor wir zum Hafen gingen, hier f\u00e4hrt die Wei\u00dfe Flotte ab, um mit der Sanssouci die <strong>Schl\u00f6ssertour<\/strong> anzutreten.<\/p>\n\n\n\n<p>Ich mag die Gelegenheit sich die Bauwerke und die Landschaft von der Wasserseite aus betrachten zu k\u00f6nnen. Die Fahrt dauert ca. 90 Minuten.<\/p>\n\n\n\n<p>Im Anschlu\u00df gingen wir noch \u00fcber die Lange Br\u00fccke in den Park auf der <strong>Freundschaftsinsel<\/strong>. Was f\u00fcr ein bl\u00fchender Ort der Ruhe. Stauden, Rittersporn, Lilien, Phlox, Rosen, Tagetes, &#8230;<\/p>\n\n\n\n<p>Zum Abendessen kehrten wir am Hafen in das &#8222;<strong>El Puerto<\/strong>&#8220; ein. Lohnenswert.<\/p>\n\n\n\n<h3 class=\"wp-block-heading has-text-color\" style=\"color:#0d00ff\"><span style=\"text-decoration: underline;\"><span style=\"text-decoration: underline;\"><span style=\"text-decoration: underline;\"><span style=\"text-decoration: underline;\">Dienstag, 01. August 2023<\/span><\/span><\/span><\/span><\/h3>\n\n\n\n<h4 class=\"wp-block-heading has-black-color has-text-color\">&#8222;Sorgenfrei&#8220; die zweite<\/h4>\n\n\n\n<p>Aufgrund einer l\u00e4nger andauernden Unp\u00e4sslichkeit verlie\u00dfen wir erst um 15:00 Uhr das Hotel. Nach langen Hin-und-Her fuhren wir zum Brandenburger Tor, wir parkten unterm <strong>Luisenplatz<\/strong> und machten uns auf den Weg zur <strong>Friedenskirche<\/strong> im <strong>Marlygarten<\/strong>.<\/p>\n\n\n\n<p>Nach dem Besuch der Friedenskirche gingen wir bis zu den Gartendirektionsgeb\u00e4uden. Von hieraus schaut man direkt auf die gro\u00dfe Fontaine im Schlosspark mit den Weinbergterrassen und dem <strong>Schloss Sanssouci<\/strong>. <\/p>\n\n\n\n<p>Kaum hatte ich drei Sicherheitsfotos gemacht, fing es an zu Grollen und die ersten Regentropfen fielen herab. Wir zogen unsere Jacken an und machten uns auf den Weg zur\u00fcck.<\/p>\n\n\n\n<p>Auf der Suche nach einem Restaurant liefen wir die Brandenburger Str. hoch und wieder runter, um zum Schluss am Tor in ein Steakhouse einzukehren.<\/p>\n\n\n\n<h3 class=\"wp-block-heading has-text-color\" style=\"color:#0d00ff\"><span style=\"text-decoration: underline;\"><span style=\"text-decoration: underline;\"><span style=\"text-decoration: underline;\"><span style=\"text-decoration: underline;\">Mittwoch, 02. August 2023<\/span><\/span><\/span><\/span><\/h3>\n\n\n\n<h4 class=\"wp-block-heading has-black-color has-text-color\">Sanssouci die dritte<\/h4>\n\n\n\n<p>Heute sind wir etwas fr\u00fcher los, da wir mit dem Bus zum Botanischen Garten wollten.<\/p>\n\n\n\n<p>Wir gingen bis zur Bushaltestelle Tornowstra\u00dfe, von hier ging es mit dem 394 Bus bis zum Bahnhof und mit dem  395 Bus zum <strong>Botanischen Garten<\/strong>. Der Eintritt f\u00fcr Erwachsene kostet 2 \u20ac, es gibt daneben auch verschiedene erm\u00e4\u00dfigte Tarife.<\/p>\n\n\n\n<p>Nachdem wir durch die verschiedenen Gew\u00e4chsh\u00e4user &#8211; au\u00dfer das Tropenhaus &#8211; gewandert waren, machten wir uns durch den Park Sanssouci auf den Weg zum <strong>Sizilianischen Garten<\/strong>, dann zu den <strong>Neuen Kammern<\/strong>, \u00fcber die Stra\u00dfe durch das <strong>Felsentor<\/strong> um uns dort im nahegelegenen Restaurant mit einem kleinen Snack zu st\u00e4rken.<\/p>\n\n\n\n<p>Ausgeruht und gest\u00e4rkt ging es nun die Anh\u00f6he entlang zum <strong>Orangerie Schloss<\/strong> und dann wieder hinab zum <strong>Paradiesgarten<\/strong>. auf der anderen Stra\u00dfenseite am Botanischen Garten ist die Bushaltestelle des 395 der uns wieder zur\u00fcck zum Bahnhof brachte, dort bekamen wir ca. 10 Minuten sp\u00e4ter auch den Anschlussbus nach Hermannswerder. von der Haltestelle Hoffbauer-Stiftung ging es dann per Pedes zur\u00fcck zum Hotel.<\/p>\n\n\n\n<p>Wir bestellten uns noch schnell einen Tisch f\u00fcr das Abendessen, ich g\u00f6nnte mir an der Bar noch ein kleines Radler bevor wir uns f\u00fcr das Abendessen frisch machen gingen.<\/p>\n\n\n\n<p>Bei Leberkn\u00f6deln und Matjes mit einem k\u00fchlen Radler lie\u00dfen wir den letzten Tag in Potsdam noch einmal Revue passieren und langsam ausklingen.<\/p>\n\n\n\n<h3 class=\"wp-block-heading has-text-color\" style=\"color:#0d00ff\"><span style=\"text-decoration: underline;\"><span style=\"text-decoration: underline;\"><span style=\"text-decoration: underline;\"><span style=\"text-decoration: underline;\">Donnerstag, 03. August 2023<\/span><\/span><\/span><\/span><\/h3>\n\n\n\n<h4 class=\"wp-block-heading has-black-color has-text-color\">R\u00fcckfahrt \u00fcber Sydow<\/h4>\n\n\n\n<p>F\u00fcr die R\u00fcckreise war Regenwetter angesagt, doch zuerst fuhren wir zum <strong>Bassingplatz<\/strong> um zur B\u00e4ckerei Braune zu gehen, doch die hatte Betriebsferien. So gingen wir zur\u00fcck zum Bassingplatz, da dort, vor der Kirche Peter und Paul, der t\u00e4gliche <strong>Wochenmarkt<\/strong> stattfindet. Hier deckten wir uns mit frischem Gem\u00fcse, Obst, Blumen und Brot ein.<\/p>\n\n\n\n<p><strong>Parkgeb\u00fchr<\/strong>: 50 Cent pro 10 Minuten<\/p>\n\n\n\n<p> Als erstes fuhren wir \u00fcber Land nach Sydow. Da es regnete machte ich nur schnell ein paar Schnappsch\u00fcsse vom Ortseingangschild und der Kirche von Sydow, mit den beiden Sandsteinbildern (wahrscheinlich Grabsteine) rechts und links vom Eingang.<\/p>\n\n\n\n<p>Danach fuhren wir hinter Burg auf die A 2 Richtung Heimat auf. Unsere gewohnte Snack-Pause in Oelde fiel leider aus, da kein einziger freier Tisch zu bekommen war. <\/p>\n\n\n\n<p><strong>Res\u00fcmee<\/strong>: Potsdam ist eine Reise Wert und bietet f\u00fcr viele Tage genug zum entdecken, verweilen und entspannen.<\/p>\n","protected":false},"excerpt":{"rendered":"<p>Hermannswerder Andere fahren in die Provence, wir fahren nach Potsdam. Schon vor l\u00e4ngerer Zeit stand Potsdam auf dem Wunschzettel, jetzt wird der Wunsch erf\u00fcllt. Ich habe uns eine 4**** Unterkunft mit Balkon und Fr\u00fchst\u00fcck gebucht und f\u00fcr den Tag der Anreise einen Tisch im Restaurant. Zus\u00e4tzlich habe ich einen illustrierten Stadtplan und das Buch &#8222;Gl\u00fccksorte [&hellip;]<\/p>\n","protected":false},"author":1,"featured_media":0,"parent":26,"menu_order":0,"comment_status":"closed","ping_status":"closed","template":"","meta":{"footnotes":""},"class_list":["post-2130","page","type-page","status-publish","hentry"],"_links":{"self":[{"href":"https:\/\/wodys.net\/index.php\/wp-json\/wp\/v2\/pages\/2130","targetHints":{"allow":["GET"]}}],"collection":[{"href":"https:\/\/wodys.net\/index.php\/wp-json\/wp\/v2\/pages"}],"about":[{"href":"https:\/\/wodys.net\/index.php\/wp-json\/wp\/v2\/types\/page"}],"author":[{"embeddable":true,"href":"https:\/\/wodys.net\/index.php\/wp-json\/wp\/v2\/users\/1"}],"replies":[{"embeddable":true,"href":"https:\/\/wodys.net\/index.php\/wp-json\/wp\/v2\/comments?post=2130"}],"version-history":[{"count":37,"href":"https:\/\/wodys.net\/index.php\/wp-json\/wp\/v2\/pages\/2130\/revisions"}],"predecessor-version":[{"id":2802,"href":"https:\/\/wodys.net\/index.php\/wp-json\/wp\/v2\/pages\/2130\/revisions\/2802"}],"up":[{"embeddable":true,"href":"https:\/\/wodys.net\/index.php\/wp-json\/wp\/v2\/pages\/26"}],"wp:attachment":[{"href":"https:\/\/wodys.net\/index.php\/wp-json\/wp\/v2\/media?parent=2130"}],"curies":[{"name":"wp","href":"https:\/\/api.w.org\/{rel}","templated":true}]}}