{"id":2679,"date":"2025-02-22T13:54:05","date_gmt":"2025-02-22T12:54:05","guid":{"rendered":"https:\/\/wodys.net\/?page_id=2679"},"modified":"2025-10-04T00:12:40","modified_gmt":"2025-10-03T22:12:40","slug":"2025-bayern","status":"publish","type":"page","link":"https:\/\/wodys.net\/index.php\/blog\/2025-bayern\/","title":{"rendered":"2025 Bayern"},"content":{"rendered":"\n<h4 class=\"wp-block-heading\">Scheidegg im Allg\u00e4u<\/h4>\n\n\n\n<p>Wir haben \u00fcber Airbnb unser Appartement gebucht.<\/p>\n\n\n\n<h5 class=\"wp-block-heading has-text-color\" style=\"color:#0d00ff\"><span style=\"text-decoration: underline;\">06. September 2025<\/span><\/h5>\n\n\n\n<h5 class=\"wp-block-heading has-black-color has-text-color\">Anreise<\/h5>\n\n\n\n<p>Mama, Lilly und ich sind gegen 7:30 Uhr losgefahren. Am Autohof Wertheim machten wir eine kleine Pause um uns zu st\u00e4rken.<br>Die Fahrstrecke betrug 689 km und wir waren 7:49 Stunden unterwegs. <\/p>\n\n\n\n<p>Nach der Ankunft in Lindenau hiess es ganz schnell das wichtigste aus dem Auto ausladen, K\u00fchlschrank in Betrieb nehmen und best\u00fccken, kurz frisch machen und zur\u00fcck nach Scheidegg, hier hatten wir uns zum Abendessen im Restaurant &#8222;Zum Hirschen&#8220; verabredet.<\/p>\n\n\n\n<p>Die M\u00e4dels kamen gegen 23:00 Uhr an, nach \u00fcber 18 Stunden fiel ich totm\u00fcde ins Bett.<\/p>\n\n\n\n<h5 class=\"wp-block-heading has-text-color\" style=\"color:#0d00ff\"><span style=\"text-decoration: underline;\"><span style=\"text-decoration: underline;\">07. September 2025<\/span><\/span><\/h5>\n\n\n\n<h5 class=\"wp-block-heading has-black-color has-text-color\">Lindau und eine Drei-L\u00e4nder-Rundfahrt<\/h5>\n\n\n\n<p><strong>Lindau<\/strong> wirbt mit: sch\u00f6nste Uferpromenade am Bodensee, tolles Alpenpanorama, charmante Altstadt mit romantische Gassen und historischen Geb\u00e4uden.<\/p>\n\n\n\n<figure class=\"wp-block-image size-large has-custom-border\"><img loading=\"lazy\" decoding=\"async\" width=\"1024\" height=\"492\" src=\"https:\/\/wodys.net\/wp-content\/uploads\/2025\/09\/2025-09-07-15.07.57-1024x492.jpg\" alt=\"\" class=\"has-border-color has-base-border-color wp-image-4895\" style=\"border-width:29px;box-shadow:var(--wp--preset--shadow--natural)\" srcset=\"https:\/\/wodys.net\/wp-content\/uploads\/2025\/09\/2025-09-07-15.07.57-1024x492.jpg 1024w, https:\/\/wodys.net\/wp-content\/uploads\/2025\/09\/2025-09-07-15.07.57-300x144.jpg 300w, https:\/\/wodys.net\/wp-content\/uploads\/2025\/09\/2025-09-07-15.07.57-150x72.jpg 150w, https:\/\/wodys.net\/wp-content\/uploads\/2025\/09\/2025-09-07-15.07.57-768x369.jpg 768w, https:\/\/wodys.net\/wp-content\/uploads\/2025\/09\/2025-09-07-15.07.57-1536x739.jpg 1536w, https:\/\/wodys.net\/wp-content\/uploads\/2025\/09\/2025-09-07-15.07.57-2048x985.jpg 2048w\" sizes=\"auto, (max-width: 1024px) 100vw, 1024px\" \/><\/figure>\n\n\n\n<p><br>Wir haben alle zusammen gefr\u00fchst\u00fcckt, sch\u00f6n mit frischen &#8211; auch glutenfreien &#8211; Br\u00f6tchen, weichen Eiern und Spiegeleiern. Danach ging es durch \u00d6sterreich nach Lindau.<\/p>\n\n\n\n<p>Wir buchten ein Familienticket und 4 Tickets f\u00fcr Erwachsene f\u00fcr die Drei-L\u00e4nder-Panorama-Fahrt. Da wir noch gen\u00fcgend Zeit hatten g\u00f6nnten wir uns in einem Caf\u00e9 Eis, Kuchen, Kaffee und Erfrischungsgetr\u00e4nken.<\/p>\n\n\n\n<p>Die Fahrt war kurzweilig und dank Sonnenschein an Deck nicht so kalt.<\/p>\n\n\n\n<div class=\"wp-block-columns is-layout-flex wp-container-core-columns-is-layout-28f84493 wp-block-columns-is-layout-flex\">\n<div class=\"wp-block-column is-layout-flow wp-block-column-is-layout-flow\" style=\"flex-basis:100%\">\n<figure class=\"wp-block-gallery has-nested-images columns-2 wp-block-gallery-1 is-layout-flex wp-block-gallery-is-layout-flex\">\n<figure class=\"wp-block-image size-large has-custom-border\"><img loading=\"lazy\" decoding=\"async\" width=\"768\" height=\"1024\" data-id=\"4865\" src=\"https:\/\/wodys.net\/wp-content\/uploads\/2025\/09\/2025-09-07-12.49.34-768x1024.jpg\" alt=\"\" class=\"has-border-color has-base-border-color wp-image-4865\" style=\"border-width:20px;box-shadow:var(--wp--preset--shadow--natural)\" srcset=\"https:\/\/wodys.net\/wp-content\/uploads\/2025\/09\/2025-09-07-12.49.34-768x1024.jpg 768w, https:\/\/wodys.net\/wp-content\/uploads\/2025\/09\/2025-09-07-12.49.34-225x300.jpg 225w, https:\/\/wodys.net\/wp-content\/uploads\/2025\/09\/2025-09-07-12.49.34-113x150.jpg 113w, https:\/\/wodys.net\/wp-content\/uploads\/2025\/09\/2025-09-07-12.49.34-1152x1536.jpg 1152w, https:\/\/wodys.net\/wp-content\/uploads\/2025\/09\/2025-09-07-12.49.34-1536x2048.jpg 1536w, https:\/\/wodys.net\/wp-content\/uploads\/2025\/09\/2025-09-07-12.49.34-scaled.jpg 1920w\" sizes=\"auto, (max-width: 768px) 100vw, 768px\" \/><\/figure>\n\n\n\n<figure class=\"wp-block-image size-large has-custom-border\"><img loading=\"lazy\" decoding=\"async\" width=\"768\" height=\"1024\" data-id=\"4859\" src=\"https:\/\/wodys.net\/wp-content\/uploads\/2025\/09\/2025-09-13-09.55.28-768x1024.jpg\" alt=\"Ticket Schifffahrt\" class=\"has-border-color has-base-border-color wp-image-4859\" style=\"border-width:20px;box-shadow:var(--wp--preset--shadow--natural)\" srcset=\"https:\/\/wodys.net\/wp-content\/uploads\/2025\/09\/2025-09-13-09.55.28-768x1024.jpg 768w, https:\/\/wodys.net\/wp-content\/uploads\/2025\/09\/2025-09-13-09.55.28-225x300.jpg 225w, https:\/\/wodys.net\/wp-content\/uploads\/2025\/09\/2025-09-13-09.55.28-113x150.jpg 113w, https:\/\/wodys.net\/wp-content\/uploads\/2025\/09\/2025-09-13-09.55.28-1152x1536.jpg 1152w, https:\/\/wodys.net\/wp-content\/uploads\/2025\/09\/2025-09-13-09.55.28-1536x2048.jpg 1536w, https:\/\/wodys.net\/wp-content\/uploads\/2025\/09\/2025-09-13-09.55.28-scaled.jpg 1920w\" sizes=\"auto, (max-width: 768px) 100vw, 768px\" \/><\/figure>\n\n\n\n<figure class=\"wp-block-image size-large has-custom-border\"><img loading=\"lazy\" decoding=\"async\" width=\"1024\" height=\"768\" data-id=\"4861\" src=\"https:\/\/wodys.net\/wp-content\/uploads\/2025\/09\/Foto-07.09.25-14-49-16-1024x768.jpg\" alt=\"Lindau Hafen\" class=\"has-border-color has-base-border-color wp-image-4861\" style=\"border-width:20px;box-shadow:var(--wp--preset--shadow--natural)\" srcset=\"https:\/\/wodys.net\/wp-content\/uploads\/2025\/09\/Foto-07.09.25-14-49-16-1024x768.jpg 1024w, https:\/\/wodys.net\/wp-content\/uploads\/2025\/09\/Foto-07.09.25-14-49-16-300x225.jpg 300w, https:\/\/wodys.net\/wp-content\/uploads\/2025\/09\/Foto-07.09.25-14-49-16-150x113.jpg 150w, https:\/\/wodys.net\/wp-content\/uploads\/2025\/09\/Foto-07.09.25-14-49-16-768x576.jpg 768w, https:\/\/wodys.net\/wp-content\/uploads\/2025\/09\/Foto-07.09.25-14-49-16-1536x1152.jpg 1536w, https:\/\/wodys.net\/wp-content\/uploads\/2025\/09\/Foto-07.09.25-14-49-16-2048x1536.jpg 2048w\" sizes=\"auto, (max-width: 1024px) 100vw, 1024px\" \/><\/figure>\n<\/figure>\n<\/div>\n<\/div>\n\n\n\n<p>Die M\u00e4dels fuhren zum Abendessen nach Scheidegg &#8222;Zum Hirschen&#8220;, Mama und ich machten uns Abendbrot und uns anschlie\u00dfend vor dem riesengro\u00dfen TV gem\u00fctlich.<\/p>\n\n\n\n<h5 class=\"wp-block-heading has-text-color\" style=\"color:#0d00ff\"><span style=\"text-decoration: underline;\"><span style=\"text-decoration: underline;\">08. September 2025<\/span><\/span><\/h5>\n\n\n\n<h5 class=\"wp-block-heading has-black-color has-text-color\">M\u00fcnchen<\/h5>\n\n\n\n<p>H\u00f6mma, heute f\u00fchrt uns unsere Reiselust nach M\u00fcnchen. Wir parkten am Altheimer Eck in der Pschorr Garage. Die M\u00e4dels und Lilly gingen shoppen, Mamutschika und ich liessen uns treiben.<\/p>\n\n\n\n<p>Erst um den Dom herum, dann in einen Buchladen, von dort auf Empfehlung ins Caf\u00e9 Kreutzkamm. Danach f\u00fchrte unser Weg zum Marienplatz und zur\u00fcck zum Dom. Diesmal gingen wir auch hinein. <\/p>\n\n\n\n<figure class=\"wp-block-gallery has-nested-images columns-2 is-cropped wp-block-gallery-2 is-layout-flex wp-block-gallery-is-layout-flex\">\n<figure class=\"wp-block-image size-large has-custom-border\"><img loading=\"lazy\" decoding=\"async\" width=\"768\" height=\"1024\" data-id=\"4900\" src=\"https:\/\/wodys.net\/wp-content\/uploads\/2025\/09\/2025-09-08-15.45.32-768x1024.jpg\" alt=\"\" class=\"has-border-color has-base-border-color wp-image-4900\" style=\"border-width:20px;box-shadow:var(--wp--preset--shadow--natural)\" srcset=\"https:\/\/wodys.net\/wp-content\/uploads\/2025\/09\/2025-09-08-15.45.32-768x1024.jpg 768w, https:\/\/wodys.net\/wp-content\/uploads\/2025\/09\/2025-09-08-15.45.32-225x300.jpg 225w, https:\/\/wodys.net\/wp-content\/uploads\/2025\/09\/2025-09-08-15.45.32-113x150.jpg 113w, https:\/\/wodys.net\/wp-content\/uploads\/2025\/09\/2025-09-08-15.45.32-1152x1536.jpg 1152w, https:\/\/wodys.net\/wp-content\/uploads\/2025\/09\/2025-09-08-15.45.32-1536x2048.jpg 1536w, https:\/\/wodys.net\/wp-content\/uploads\/2025\/09\/2025-09-08-15.45.32-scaled.jpg 1920w\" sizes=\"auto, (max-width: 768px) 100vw, 768px\" \/><\/figure>\n\n\n\n<figure class=\"wp-block-image size-large has-custom-border\"><img loading=\"lazy\" decoding=\"async\" width=\"768\" height=\"1024\" data-id=\"4901\" src=\"https:\/\/wodys.net\/wp-content\/uploads\/2025\/09\/2025-09-08-16.20.27-768x1024.jpg\" alt=\"\" class=\"has-border-color has-base-border-color wp-image-4901\" style=\"border-width:20px;box-shadow:var(--wp--preset--shadow--natural)\" srcset=\"https:\/\/wodys.net\/wp-content\/uploads\/2025\/09\/2025-09-08-16.20.27-768x1024.jpg 768w, https:\/\/wodys.net\/wp-content\/uploads\/2025\/09\/2025-09-08-16.20.27-225x300.jpg 225w, https:\/\/wodys.net\/wp-content\/uploads\/2025\/09\/2025-09-08-16.20.27-113x150.jpg 113w, https:\/\/wodys.net\/wp-content\/uploads\/2025\/09\/2025-09-08-16.20.27-1152x1536.jpg 1152w, https:\/\/wodys.net\/wp-content\/uploads\/2025\/09\/2025-09-08-16.20.27-1536x2048.jpg 1536w, https:\/\/wodys.net\/wp-content\/uploads\/2025\/09\/2025-09-08-16.20.27-scaled.jpg 1920w\" sizes=\"auto, (max-width: 768px) 100vw, 768px\" \/><\/figure>\n\n\n\n<figure class=\"wp-block-image size-large has-custom-border\"><img loading=\"lazy\" decoding=\"async\" width=\"768\" height=\"1024\" data-id=\"4904\" src=\"https:\/\/wodys.net\/wp-content\/uploads\/2025\/09\/2025-09-08-17.08.51-768x1024.jpg\" alt=\"\" class=\"has-border-color has-base-border-color wp-image-4904\" style=\"border-width:20px;box-shadow:var(--wp--preset--shadow--natural)\" srcset=\"https:\/\/wodys.net\/wp-content\/uploads\/2025\/09\/2025-09-08-17.08.51-768x1024.jpg 768w, https:\/\/wodys.net\/wp-content\/uploads\/2025\/09\/2025-09-08-17.08.51-225x300.jpg 225w, https:\/\/wodys.net\/wp-content\/uploads\/2025\/09\/2025-09-08-17.08.51-113x150.jpg 113w, https:\/\/wodys.net\/wp-content\/uploads\/2025\/09\/2025-09-08-17.08.51-1152x1536.jpg 1152w, https:\/\/wodys.net\/wp-content\/uploads\/2025\/09\/2025-09-08-17.08.51-1536x2048.jpg 1536w, https:\/\/wodys.net\/wp-content\/uploads\/2025\/09\/2025-09-08-17.08.51-scaled.jpg 1920w\" sizes=\"auto, (max-width: 768px) 100vw, 768px\" \/><\/figure>\n\n\n\n<figure class=\"wp-block-image size-large has-custom-border\" style=\"margin-top:0px;margin-bottom:0px\"><img loading=\"lazy\" decoding=\"async\" width=\"768\" height=\"1024\" data-id=\"4906\" src=\"https:\/\/wodys.net\/wp-content\/uploads\/2025\/09\/2025-09-08-16.24.16-768x1024.jpg\" alt=\"\" class=\"has-border-color has-base-border-color wp-image-4906\" style=\"border-width:20px;box-shadow:var(--wp--preset--shadow--natural)\" srcset=\"https:\/\/wodys.net\/wp-content\/uploads\/2025\/09\/2025-09-08-16.24.16-768x1024.jpg 768w, https:\/\/wodys.net\/wp-content\/uploads\/2025\/09\/2025-09-08-16.24.16-225x300.jpg 225w, https:\/\/wodys.net\/wp-content\/uploads\/2025\/09\/2025-09-08-16.24.16-113x150.jpg 113w, https:\/\/wodys.net\/wp-content\/uploads\/2025\/09\/2025-09-08-16.24.16-1152x1536.jpg 1152w, https:\/\/wodys.net\/wp-content\/uploads\/2025\/09\/2025-09-08-16.24.16-1536x2048.jpg 1536w, https:\/\/wodys.net\/wp-content\/uploads\/2025\/09\/2025-09-08-16.24.16-scaled.jpg 1920w\" sizes=\"auto, (max-width: 768px) 100vw, 768px\" \/><\/figure>\n<\/figure>\n\n\n\n<h5 class=\"wp-block-heading has-text-color\" style=\"color:#0d00ff\"><span style=\"text-decoration: underline;\"><span style=\"text-decoration: underline;\"><span style=\"text-decoration: underline;\">09. September 2025<\/span><\/span><\/span><\/h5>\n\n\n\n<h5 class=\"wp-block-heading has-black-color has-text-color\">Relaxen und Scheidegg<\/h5>\n\n\n\n<figure class=\"wp-block-gallery has-nested-images columns-2 is-cropped wp-block-gallery-3 is-layout-flex wp-block-gallery-is-layout-flex\">\n<figure class=\"wp-block-image size-large has-custom-border\"><img loading=\"lazy\" decoding=\"async\" width=\"768\" height=\"1024\" data-id=\"4869\" src=\"https:\/\/wodys.net\/wp-content\/uploads\/2025\/09\/2025-09-09-16.28.34-768x1024.jpg\" alt=\"\" class=\"has-border-color has-base-border-color wp-image-4869\" style=\"border-width:20px;box-shadow:var(--wp--preset--shadow--natural)\" srcset=\"https:\/\/wodys.net\/wp-content\/uploads\/2025\/09\/2025-09-09-16.28.34-768x1024.jpg 768w, https:\/\/wodys.net\/wp-content\/uploads\/2025\/09\/2025-09-09-16.28.34-225x300.jpg 225w, https:\/\/wodys.net\/wp-content\/uploads\/2025\/09\/2025-09-09-16.28.34-113x150.jpg 113w, https:\/\/wodys.net\/wp-content\/uploads\/2025\/09\/2025-09-09-16.28.34-1152x1536.jpg 1152w, https:\/\/wodys.net\/wp-content\/uploads\/2025\/09\/2025-09-09-16.28.34-1536x2048.jpg 1536w, https:\/\/wodys.net\/wp-content\/uploads\/2025\/09\/2025-09-09-16.28.34-scaled.jpg 1920w\" sizes=\"auto, (max-width: 768px) 100vw, 768px\" \/><figcaption class=\"wp-element-caption\">Scheidegg<\/figcaption><\/figure>\n\n\n\n<figure class=\"wp-block-image size-large has-custom-border\"><img loading=\"lazy\" decoding=\"async\" width=\"768\" height=\"1024\" data-id=\"4929\" src=\"https:\/\/wodys.net\/wp-content\/uploads\/2025\/10\/2025-09-09-10.19.43-768x1024.jpg\" alt=\"\" class=\"has-border-color has-base-border-color wp-image-4929\" style=\"border-width:20px;box-shadow:var(--wp--preset--shadow--natural)\" srcset=\"https:\/\/wodys.net\/wp-content\/uploads\/2025\/10\/2025-09-09-10.19.43-768x1024.jpg 768w, https:\/\/wodys.net\/wp-content\/uploads\/2025\/10\/2025-09-09-10.19.43-225x300.jpg 225w, https:\/\/wodys.net\/wp-content\/uploads\/2025\/10\/2025-09-09-10.19.43-113x150.jpg 113w, https:\/\/wodys.net\/wp-content\/uploads\/2025\/10\/2025-09-09-10.19.43-1152x1536.jpg 1152w, https:\/\/wodys.net\/wp-content\/uploads\/2025\/10\/2025-09-09-10.19.43-1536x2048.jpg 1536w, https:\/\/wodys.net\/wp-content\/uploads\/2025\/10\/2025-09-09-10.19.43-scaled.jpg 1920w\" sizes=\"auto, (max-width: 768px) 100vw, 768px\" \/><\/figure>\n\n\n\n<figure class=\"wp-block-image size-large has-custom-border\"><img loading=\"lazy\" decoding=\"async\" width=\"1024\" height=\"768\" data-id=\"4909\" src=\"https:\/\/wodys.net\/wp-content\/uploads\/2025\/09\/2025-09-09-17.40.09-1024x768.jpg\" alt=\"\" class=\"has-border-color has-base-border-color wp-image-4909\" style=\"border-width:20px;box-shadow:var(--wp--preset--shadow--natural)\" srcset=\"https:\/\/wodys.net\/wp-content\/uploads\/2025\/09\/2025-09-09-17.40.09-1024x768.jpg 1024w, https:\/\/wodys.net\/wp-content\/uploads\/2025\/09\/2025-09-09-17.40.09-300x225.jpg 300w, https:\/\/wodys.net\/wp-content\/uploads\/2025\/09\/2025-09-09-17.40.09-150x113.jpg 150w, https:\/\/wodys.net\/wp-content\/uploads\/2025\/09\/2025-09-09-17.40.09-768x576.jpg 768w, https:\/\/wodys.net\/wp-content\/uploads\/2025\/09\/2025-09-09-17.40.09-1536x1152.jpg 1536w, https:\/\/wodys.net\/wp-content\/uploads\/2025\/09\/2025-09-09-17.40.09-2048x1536.jpg 2048w\" sizes=\"auto, (max-width: 1024px) 100vw, 1024px\" \/><figcaption class=\"wp-element-caption\">Panoramablick<\/figcaption><\/figure>\n<\/figure>\n\n\n\n<p>AbsatzText<\/p>\n\n\n\n<h5 class=\"wp-block-heading has-text-color\" style=\"color:#0d00ff\"><span style=\"text-decoration: underline;\"><span style=\"text-decoration: underline;\"><span style=\"text-decoration: underline;\"><span style=\"text-decoration: underline;\"><span style=\"text-decoration: underline;\">10. September 2025<\/span><\/span><\/span><\/span><\/span><\/h5>\n\n\n\n<h5 class=\"wp-block-heading has-black-color has-text-color\">Bregenz<\/h5>\n\n\n\n<p>Nach einem relaxten Morgen fuhren wir nach Bregenz, schlenderten durch die Gassen, g\u00f6nnten uns einen Kaffee, Kuchen, Eis und genossen die Sonne am Bodensee.<\/p>\n\n\n\n<figure class=\"wp-block-gallery has-nested-images columns-4 is-cropped wp-block-gallery-4 is-layout-flex wp-block-gallery-is-layout-flex\">\n<figure class=\"wp-block-image size-large\"><img loading=\"lazy\" decoding=\"async\" width=\"768\" height=\"1024\" data-id=\"4921\" src=\"https:\/\/wodys.net\/wp-content\/uploads\/2025\/10\/2025-09-10-15.45.28-768x1024.jpg\" alt=\"\" class=\"wp-image-4921\" srcset=\"https:\/\/wodys.net\/wp-content\/uploads\/2025\/10\/2025-09-10-15.45.28-768x1024.jpg 768w, https:\/\/wodys.net\/wp-content\/uploads\/2025\/10\/2025-09-10-15.45.28-225x300.jpg 225w, https:\/\/wodys.net\/wp-content\/uploads\/2025\/10\/2025-09-10-15.45.28-113x150.jpg 113w, https:\/\/wodys.net\/wp-content\/uploads\/2025\/10\/2025-09-10-15.45.28-1152x1536.jpg 1152w, https:\/\/wodys.net\/wp-content\/uploads\/2025\/10\/2025-09-10-15.45.28-1536x2048.jpg 1536w, https:\/\/wodys.net\/wp-content\/uploads\/2025\/10\/2025-09-10-15.45.28-scaled.jpg 1920w\" sizes=\"auto, (max-width: 768px) 100vw, 768px\" \/><\/figure>\n\n\n\n<figure class=\"wp-block-image size-large\"><img loading=\"lazy\" decoding=\"async\" width=\"768\" height=\"1024\" data-id=\"4922\" src=\"https:\/\/wodys.net\/wp-content\/uploads\/2025\/10\/2025-09-10-16.55.09-768x1024.jpg\" alt=\"\" class=\"wp-image-4922\" srcset=\"https:\/\/wodys.net\/wp-content\/uploads\/2025\/10\/2025-09-10-16.55.09-768x1024.jpg 768w, https:\/\/wodys.net\/wp-content\/uploads\/2025\/10\/2025-09-10-16.55.09-225x300.jpg 225w, https:\/\/wodys.net\/wp-content\/uploads\/2025\/10\/2025-09-10-16.55.09-113x150.jpg 113w, https:\/\/wodys.net\/wp-content\/uploads\/2025\/10\/2025-09-10-16.55.09-1152x1536.jpg 1152w, https:\/\/wodys.net\/wp-content\/uploads\/2025\/10\/2025-09-10-16.55.09-1536x2048.jpg 1536w, https:\/\/wodys.net\/wp-content\/uploads\/2025\/10\/2025-09-10-16.55.09-scaled.jpg 1920w\" sizes=\"auto, (max-width: 768px) 100vw, 768px\" \/><\/figure>\n\n\n\n<figure class=\"wp-block-image size-large\"><img loading=\"lazy\" decoding=\"async\" width=\"768\" height=\"1024\" data-id=\"4923\" src=\"https:\/\/wodys.net\/wp-content\/uploads\/2025\/10\/2025-09-10-17.19.11-768x1024.jpg\" alt=\"\" class=\"wp-image-4923\" srcset=\"https:\/\/wodys.net\/wp-content\/uploads\/2025\/10\/2025-09-10-17.19.11-768x1024.jpg 768w, https:\/\/wodys.net\/wp-content\/uploads\/2025\/10\/2025-09-10-17.19.11-225x300.jpg 225w, https:\/\/wodys.net\/wp-content\/uploads\/2025\/10\/2025-09-10-17.19.11-113x150.jpg 113w, https:\/\/wodys.net\/wp-content\/uploads\/2025\/10\/2025-09-10-17.19.11-1152x1536.jpg 1152w, https:\/\/wodys.net\/wp-content\/uploads\/2025\/10\/2025-09-10-17.19.11-1536x2048.jpg 1536w, https:\/\/wodys.net\/wp-content\/uploads\/2025\/10\/2025-09-10-17.19.11-scaled.jpg 1920w\" sizes=\"auto, (max-width: 768px) 100vw, 768px\" \/><\/figure>\n\n\n\n<figure class=\"wp-block-image size-large\"><img loading=\"lazy\" decoding=\"async\" width=\"578\" height=\"1024\" data-id=\"4924\" src=\"https:\/\/wodys.net\/wp-content\/uploads\/2025\/10\/2025-09-10-17.41.54-578x1024.jpg\" alt=\"\" class=\"wp-image-4924\" srcset=\"https:\/\/wodys.net\/wp-content\/uploads\/2025\/10\/2025-09-10-17.41.54-578x1024.jpg 578w, https:\/\/wodys.net\/wp-content\/uploads\/2025\/10\/2025-09-10-17.41.54-169x300.jpg 169w, https:\/\/wodys.net\/wp-content\/uploads\/2025\/10\/2025-09-10-17.41.54-85x150.jpg 85w, https:\/\/wodys.net\/wp-content\/uploads\/2025\/10\/2025-09-10-17.41.54-768x1361.jpg 768w, https:\/\/wodys.net\/wp-content\/uploads\/2025\/10\/2025-09-10-17.41.54-867x1536.jpg 867w, https:\/\/wodys.net\/wp-content\/uploads\/2025\/10\/2025-09-10-17.41.54-1155x2048.jpg 1155w, https:\/\/wodys.net\/wp-content\/uploads\/2025\/10\/2025-09-10-17.41.54-scaled.jpg 1444w\" sizes=\"auto, (max-width: 578px) 100vw, 578px\" \/><\/figure>\n\n\n\n<figure class=\"wp-block-image size-large has-custom-border\"><img loading=\"lazy\" decoding=\"async\" width=\"1024\" height=\"518\" data-id=\"4925\" src=\"https:\/\/wodys.net\/wp-content\/uploads\/2025\/10\/2025-09-10-18.47.14-1-1024x518.jpg\" alt=\"\" class=\"has-border-color has-base-border-color wp-image-4925\" style=\"border-width:20px;box-shadow:var(--wp--preset--shadow--natural)\" srcset=\"https:\/\/wodys.net\/wp-content\/uploads\/2025\/10\/2025-09-10-18.47.14-1-1024x518.jpg 1024w, https:\/\/wodys.net\/wp-content\/uploads\/2025\/10\/2025-09-10-18.47.14-1-300x152.jpg 300w, https:\/\/wodys.net\/wp-content\/uploads\/2025\/10\/2025-09-10-18.47.14-1-150x76.jpg 150w, https:\/\/wodys.net\/wp-content\/uploads\/2025\/10\/2025-09-10-18.47.14-1-768x389.jpg 768w, https:\/\/wodys.net\/wp-content\/uploads\/2025\/10\/2025-09-10-18.47.14-1-1536x778.jpg 1536w, https:\/\/wodys.net\/wp-content\/uploads\/2025\/10\/2025-09-10-18.47.14-1-2048x1037.jpg 2048w\" sizes=\"auto, (max-width: 1024px) 100vw, 1024px\" \/><figcaption class=\"wp-element-caption\">Blick auf den Bodensee<\/figcaption><\/figure>\n<\/figure>\n\n\n\n<h5 class=\"wp-block-heading has-text-color\" style=\"color:#0d00ff\"><span style=\"text-decoration: underline;\"><span style=\"text-decoration: underline;\"><span style=\"text-decoration: underline;\"><span style=\"text-decoration: underline;\"><span style=\"text-decoration: underline;\">11. September 2025<\/span><\/span><\/span><\/span><\/span><\/h5>\n\n\n\n<h5 class=\"wp-block-heading has-black-color has-text-color\">Heimreise<\/h5>\n\n\n\n<p>Nach dem Fr\u00fchst\u00fcck hiess es puzzeln, aber es passte alles ins Auto rein. Gem\u00fctlich machten wir uns auf den Weg nach Scheidegg auf den Markt um Eier, Kartoffeln, Gem\u00fcse, Obst, Honig, Brot und K\u00e4se zu kaufen.<\/p>\n\n\n\n<p>Ich lieferte alle wohlbehalten zu Hause ab.<\/p>\n","protected":false},"excerpt":{"rendered":"<p>Scheidegg im Allg\u00e4u Wir haben \u00fcber Airbnb unser Appartement gebucht. 06. September 2025 Anreise Mama, Lilly und ich sind gegen 7:30 Uhr losgefahren. Am Autohof Wertheim machten wir eine kleine Pause um uns zu st\u00e4rken.Die Fahrstrecke betrug 689 km und wir waren 7:49 Stunden unterwegs. Nach der Ankunft in Lindenau hiess es ganz schnell das [&hellip;]<\/p>\n","protected":false},"author":1,"featured_media":0,"parent":26,"menu_order":0,"comment_status":"closed","ping_status":"closed","template":"vorlage-reiseorte","meta":{"footnotes":""},"class_list":["post-2679","page","type-page","status-publish","hentry"],"_links":{"self":[{"href":"https:\/\/wodys.net\/index.php\/wp-json\/wp\/v2\/pages\/2679","targetHints":{"allow":["GET"]}}],"collection":[{"href":"https:\/\/wodys.net\/index.php\/wp-json\/wp\/v2\/pages"}],"about":[{"href":"https:\/\/wodys.net\/index.php\/wp-json\/wp\/v2\/types\/page"}],"author":[{"embeddable":true,"href":"https:\/\/wodys.net\/index.php\/wp-json\/wp\/v2\/users\/1"}],"replies":[{"embeddable":true,"href":"https:\/\/wodys.net\/index.php\/wp-json\/wp\/v2\/comments?post=2679"}],"version-history":[{"count":61,"href":"https:\/\/wodys.net\/index.php\/wp-json\/wp\/v2\/pages\/2679\/revisions"}],"predecessor-version":[{"id":4934,"href":"https:\/\/wodys.net\/index.php\/wp-json\/wp\/v2\/pages\/2679\/revisions\/4934"}],"up":[{"embeddable":true,"href":"https:\/\/wodys.net\/index.php\/wp-json\/wp\/v2\/pages\/26"}],"wp:attachment":[{"href":"https:\/\/wodys.net\/index.php\/wp-json\/wp\/v2\/media?parent=2679"}],"curies":[{"name":"wp","href":"https:\/\/api.w.org\/{rel}","templated":true}]}}