{"id":4633,"date":"2025-04-06T16:03:33","date_gmt":"2025-04-06T14:03:33","guid":{"rendered":"https:\/\/wodys.net\/?page_id=4633"},"modified":"2025-10-11T17:36:22","modified_gmt":"2025-10-11T15:36:22","slug":"projekte","status":"publish","type":"page","link":"https:\/\/wodys.net\/index.php\/ueber-mich\/projekte\/","title":{"rendered":"Projekte"},"content":{"rendered":"\n<p>Als aktive Gewerkschafterin habe ich an verschiedenen Kulturprojekten mitwirken d\u00fcrfen. <\/p>\n\n\n\n<div class=\"wp-block-media-text alignwide is-stacked-on-mobile\" style=\"grid-template-columns:25% auto\"><figure class=\"wp-block-media-text__media\"><img loading=\"lazy\" decoding=\"async\" width=\"200\" height=\"258\" src=\"https:\/\/wodys.net\/wp-content\/uploads\/2021\/10\/19890909IGBE.jpg\" alt=\"\" class=\"wp-image-213 size-full\" srcset=\"https:\/\/wodys.net\/wp-content\/uploads\/2021\/10\/19890909IGBE.jpg 200w, https:\/\/wodys.net\/wp-content\/uploads\/2021\/10\/19890909IGBE-116x150.jpg 116w\" sizes=\"auto, (max-width: 200px) 100vw, 200px\" \/><\/figure><div class=\"wp-block-media-text__content\">\n<h4 class=\"wp-block-heading\"><strong><span style=\"color:#0a06e6\" class=\"has-inline-color\">1989<\/span><\/strong><\/h4>\n\n\n\n<p><strong>&#8222;ausgeklinkt&#8220;<\/strong> 100-Jahr-Feier der <strong>IG Bergbau und Energie<\/strong><br><strong>Thema<\/strong>: &#8222;<strong>Gewalt<\/strong>&#8220; &#8211; Diaprojektionen auf durchsichtigen Folien<strong><br>Projektleitung<\/strong>: Rainer Otten, Bildender K\u00fcnstler<\/p>\n<\/div><\/div>\n\n\n\n<div class=\"wp-block-media-text alignwide is-stacked-on-mobile\" style=\"grid-template-columns:25% auto\"><figure class=\"wp-block-media-text__media\"><img loading=\"lazy\" decoding=\"async\" width=\"200\" height=\"265\" src=\"https:\/\/wodys.net\/wp-content\/uploads\/2021\/10\/19891112_16tohuwa.jpg\" alt=\"\" class=\"wp-image-214 size-full\" srcset=\"https:\/\/wodys.net\/wp-content\/uploads\/2021\/10\/19891112_16tohuwa.jpg 200w, https:\/\/wodys.net\/wp-content\/uploads\/2021\/10\/19891112_16tohuwa-113x150.jpg 113w\" sizes=\"auto, (max-width: 200px) 100vw, 200px\" \/><\/figure><div class=\"wp-block-media-text__content\">\n<h4 class=\"wp-block-heading\"><strong><span style=\"color:#0a06e6\" class=\"has-inline-color\">16.-18.11.1989<\/span><\/strong><\/h4>\n\n\n\n<p>Recklinghausen &#8211; <strong>Festival Tohuwabohu<\/strong>,<br>Aufbau der Diaprojektionen zum Thema &#8222;<strong>Gewalt<\/strong>&#8222;<\/p>\n<\/div><\/div>\n\n\n\n<div class=\"wp-block-media-text alignwide is-stacked-on-mobile\" style=\"grid-template-columns:25% auto\"><figure class=\"wp-block-media-text__media\"><img loading=\"lazy\" decoding=\"async\" width=\"200\" height=\"266\" src=\"https:\/\/wodys.net\/wp-content\/uploads\/2021\/10\/19900416_0521skurril.jpg\" alt=\"\" class=\"wp-image-216 size-full\" srcset=\"https:\/\/wodys.net\/wp-content\/uploads\/2021\/10\/19900416_0521skurril.jpg 200w, https:\/\/wodys.net\/wp-content\/uploads\/2021\/10\/19900416_0521skurril-113x150.jpg 113w\" sizes=\"auto, (max-width: 200px) 100vw, 200px\" \/><\/figure><div class=\"wp-block-media-text__content\">\n<h4 class=\"wp-block-heading\"><strong><span style=\"color:#0a06e6\" class=\"has-inline-color\">21.04. &#8211; 12.05.1990<\/span><\/strong><\/h4>\n\n\n\n<p><strong>tats\u00e4chlich Skurril<\/strong><br>Diaprojektionen zum Thema <strong>Rechtsextremismus<\/strong><\/p>\n<\/div><\/div>\n\n\n\n<div class=\"wp-block-columns alignwide is-layout-flex wp-container-core-columns-is-layout-28f84493 wp-block-columns-is-layout-flex\">\n<div class=\"wp-block-column is-layout-flow wp-block-column-is-layout-flow\" style=\"flex-basis:42%\">\n<figure class=\"wp-block-image has-custom-border\"><a href=\"https:\/\/wodys.net\/index.php\/blog\/archiv\/1990-friedensfahrt\/\" target=\"_blank\" rel=\" noreferrer noopener\"><img loading=\"lazy\" decoding=\"async\" width=\"1024\" height=\"768\" src=\"https:\/\/wodys.net\/wp-content\/uploads\/2022\/04\/Foto-03.04.22-13-48-46-1024x768.jpg\" alt=\"\" class=\"has-border-color has-base-border-color wp-image-1375\" style=\"border-width:25px;box-shadow:var(--wp--preset--shadow--deep)\" srcset=\"https:\/\/wodys.net\/wp-content\/uploads\/2022\/04\/Foto-03.04.22-13-48-46-1024x768.jpg 1024w, https:\/\/wodys.net\/wp-content\/uploads\/2022\/04\/Foto-03.04.22-13-48-46-300x225.jpg 300w, https:\/\/wodys.net\/wp-content\/uploads\/2022\/04\/Foto-03.04.22-13-48-46-150x113.jpg 150w, https:\/\/wodys.net\/wp-content\/uploads\/2022\/04\/Foto-03.04.22-13-48-46-768x576.jpg 768w, https:\/\/wodys.net\/wp-content\/uploads\/2022\/04\/Foto-03.04.22-13-48-46-1536x1152.jpg 1536w, https:\/\/wodys.net\/wp-content\/uploads\/2022\/04\/Foto-03.04.22-13-48-46-2048x1536.jpg 2048w, https:\/\/wodys.net\/wp-content\/uploads\/2022\/04\/Foto-03.04.22-13-48-46-1568x1176.jpg 1568w\" sizes=\"auto, (max-width: 1024px) 100vw, 1024px\" \/><\/a><\/figure>\n<\/div>\n\n\n\n<div class=\"wp-block-column is-layout-flow wp-block-column-is-layout-flow\" style=\"flex-basis:58%\">\n<h4 class=\"wp-block-heading has-text-color\" style=\"color:#0a06e6\"><strong>1990<\/strong><\/h4>\n\n\n\n<p>Fotoausstellung in <strong>Donezk<\/strong> zum Thema &#8222;<em>Steinkohlebergbau<\/em>&#8222;,<br>sowie die Foto-Dokumentation des&nbsp;<br><strong>Jugendkulturausstausch Recklinghausen &#8211; Donezk<\/strong>&nbsp;(Ukraine)<\/p>\n<\/div>\n<\/div>\n\n\n\n<div class=\"wp-block-media-text alignwide is-stacked-on-mobile\" style=\"grid-template-columns:30% auto\"><figure class=\"wp-block-media-text__media\"><img loading=\"lazy\" decoding=\"async\" width=\"200\" height=\"285\" src=\"https:\/\/wodys.net\/wp-content\/uploads\/2021\/10\/19910812_16IBFG.jpg\" alt=\"\" class=\"wp-image-218 size-full\" srcset=\"https:\/\/wodys.net\/wp-content\/uploads\/2021\/10\/19910812_16IBFG.jpg 200w, https:\/\/wodys.net\/wp-content\/uploads\/2021\/10\/19910812_16IBFG-105x150.jpg 105w\" sizes=\"auto, (max-width: 200px) 100vw, 200px\" \/><\/figure><div class=\"wp-block-media-text__content\">\n<h4 class=\"wp-block-heading has-text-color\" style=\"color:#0a06e6\"><strong>1991<\/strong><\/h4>\n\n\n\n<p>Mitwirkung im&nbsp;<strong>Projekt &#8222;Network News&#8220;<\/strong> der IG BE zum IBFG-Weltjugendtreffen in Kingston\/Jamaika<br>Gro\u00dffotografien und Diapositive auf einer Stoffpyramide; in Zusammenarbeit mit J\u00fcrgen Spiler (Fotograf)<\/p>\n<\/div><\/div>\n\n\n\n<div class=\"wp-block-media-text alignwide is-stacked-on-mobile\" style=\"grid-template-columns:30% auto\"><figure class=\"wp-block-media-text__media\"><img loading=\"lazy\" decoding=\"async\" width=\"340\" height=\"255\" src=\"https:\/\/wodys.net\/wp-content\/uploads\/2021\/10\/IMG_4319.jpg\" alt=\"\" class=\"wp-image-217 size-full\" srcset=\"https:\/\/wodys.net\/wp-content\/uploads\/2021\/10\/IMG_4319.jpg 340w, https:\/\/wodys.net\/wp-content\/uploads\/2021\/10\/IMG_4319-300x225.jpg 300w, https:\/\/wodys.net\/wp-content\/uploads\/2021\/10\/IMG_4319-150x113.jpg 150w\" sizes=\"auto, (max-width: 340px) 100vw, 340px\" \/><\/figure><div class=\"wp-block-media-text__content\">\n<h4 class=\"wp-block-heading has-text-color\" style=\"color:#0a06e6\"><strong>2002<\/strong><\/h4>\n\n\n\n<p>IG BCE Bildungszentrum Kagel,&nbsp;<br>Fotoausstellung&nbsp;<strong>BEUS &#8222;Cuba &#8211; Impressionen&#8220;<\/strong><\/p>\n<\/div><\/div>\n\n\n\n<h4 class=\"wp-block-heading has-text-color\" style=\"color:#0a06e6\"><strong>2005<\/strong><\/h4>\n\n\n\n<p>Ver\u00f6ffentlichung eines Fotos in der Seminarbrosch\u00fcre der BWS f\u00fcr das Jahr 2006<\/p>\n\n\n\n<h4 class=\"wp-block-heading has-text-color\" style=\"color:#0a06e6\"><strong>2006<\/strong><\/h4>\n\n\n\n<p>Zwei Fotos in der Seminarbrosch\u00fcre der IG BCE f\u00fcr das Jahr 2007<\/p>\n\n\n\n<p>Der Einstieg in die Digitale Fotografie kam relativ sp\u00e4t, 2007 kam eine D80 ins Haus, 2014 dann eine D300 und sp\u00e4ter die D300s. Mittlerweile begleitet mich das Olympus System und &#8222;erleichtert&#8220; so manche Reise.<\/p>\n","protected":false},"excerpt":{"rendered":"<p>Als aktive Gewerkschafterin habe ich an verschiedenen Kulturprojekten mitwirken d\u00fcrfen. 1989 &#8222;ausgeklinkt&#8220; 100-Jahr-Feier der IG Bergbau und EnergieThema: &#8222;Gewalt&#8220; &#8211; Diaprojektionen auf durchsichtigen FolienProjektleitung: Rainer Otten, Bildender K\u00fcnstler 16.-18.11.1989 Recklinghausen &#8211; Festival Tohuwabohu,Aufbau der Diaprojektionen zum Thema &#8222;Gewalt&#8222; 21.04. &#8211; 12.05.1990 tats\u00e4chlich SkurrilDiaprojektionen zum Thema Rechtsextremismus 1990 Fotoausstellung in Donezk zum Thema &#8222;Steinkohlebergbau&#8222;,sowie die Foto-Dokumentation [&hellip;]<\/p>\n","protected":false},"author":1,"featured_media":0,"parent":24,"menu_order":0,"comment_status":"closed","ping_status":"closed","template":"","meta":{"footnotes":""},"class_list":["post-4633","page","type-page","status-publish","hentry"],"_links":{"self":[{"href":"https:\/\/wodys.net\/index.php\/wp-json\/wp\/v2\/pages\/4633","targetHints":{"allow":["GET"]}}],"collection":[{"href":"https:\/\/wodys.net\/index.php\/wp-json\/wp\/v2\/pages"}],"about":[{"href":"https:\/\/wodys.net\/index.php\/wp-json\/wp\/v2\/types\/page"}],"author":[{"embeddable":true,"href":"https:\/\/wodys.net\/index.php\/wp-json\/wp\/v2\/users\/1"}],"replies":[{"embeddable":true,"href":"https:\/\/wodys.net\/index.php\/wp-json\/wp\/v2\/comments?post=4633"}],"version-history":[{"count":7,"href":"https:\/\/wodys.net\/index.php\/wp-json\/wp\/v2\/pages\/4633\/revisions"}],"predecessor-version":[{"id":4970,"href":"https:\/\/wodys.net\/index.php\/wp-json\/wp\/v2\/pages\/4633\/revisions\/4970"}],"up":[{"embeddable":true,"href":"https:\/\/wodys.net\/index.php\/wp-json\/wp\/v2\/pages\/24"}],"wp:attachment":[{"href":"https:\/\/wodys.net\/index.php\/wp-json\/wp\/v2\/media?parent=4633"}],"curies":[{"name":"wp","href":"https:\/\/api.w.org\/{rel}","templated":true}]}}