{"id":543,"date":"2021-12-14T21:59:43","date_gmt":"2021-12-14T20:59:43","guid":{"rendered":"https:\/\/wodys.net\/?page_id=543"},"modified":"2024-11-24T21:35:59","modified_gmt":"2024-11-24T20:35:59","slug":"2019-porto","status":"publish","type":"page","link":"https:\/\/wodys.net\/index.php\/blog\/2019-porto\/","title":{"rendered":"2019 Porto"},"content":{"rendered":"\n<p>Melissa und ich wollen mal kurz raus, egal wohin. Nachdem unsere erste Idee, Kopenhagen, aufgrund zu hoher Kosten ad acta gelegt werden musste, blieb die Frage wohin. Porto, Barcelona, Lissabon, Malaga, Palermo, Madrid, Rom &#8230;?<\/p>\n\n\n\n<p>Porto hat sich durchgesetzt.&nbsp;<br>Hin- und R\u00fcckflug f\u00fcr 2 Personen: 175 Euro<br>Unterkunft mit Fr\u00fchst\u00fcck in einem Hostel: 129 Euro<br>3 Euro Maut f\u00fcr die Einfahrt auf das Flughafengel\u00e4nde<br>70 Euro Parkgeb\u00fchren f\u00fcr 4 Tage.<\/p>\n\n\n\n<h3 class=\"wp-block-heading\" id=\"mittwoch-20-02-2019\">Mittwoch, 20.02.2019<\/h3>\n\n\n\n<p><strong>Anreise Porto<\/strong><\/p>\n\n\n\n<p>Mein Wecker klingelt um 3:30 Uhr. Ich brauche gef\u00fchlt Stunden, bis ich wach bin. Im Badezimmerspiegel begr\u00fc\u00dft mich eine Bart Simpson Frisur, wie immer, wenn ich am Abend vorher duschen war und mit nassen Haaren zu Bett ging. In der K\u00fcche liegt noch eine k\u00fcmmerliche handbreit von einem Zwiebelbaguette, das sollte mein Fr\u00fchst\u00fcck sein. Um kurz vor 5:00 Uhr stehe ich bei Melissa vor der Haust\u00fcr, bis Weeze brauchen wir eine gute Stunde.<\/p>\n\n\n\n<p>Was ich seit Oktober wieder vergessen hatte, jeder bezahlt beim einfahren auf das Gel\u00e4nde <strong>3,00 Euro<\/strong> Stra\u00dfenmaut. Wir parken direkt vor dem Terminal. Am CheckIn Schalter geht es z\u00fcgig voran, die meisten Passagiere haben Priority gebucht, weil sie sonst ihre Trolleys nicht mit in die Kabine nehmen d\u00fcrfen.<\/p>\n\n\n\n<p>Der Flug ist nervig, da das Personal andauernd Kaffee, Getr\u00e4nke, Imbisse oder Geschenke verkaufen will, angek\u00fcndigt \u00fcber Lautsprecher, kurz vor der Landung im Porto werden sogar Lose verkauft. Wtf? Wo bin ich hier?<\/p>\n\n\n\n<p>Porto liegt eine Stunde hinter unserer (Winter-)Zeit, somit landen wir um ca. 10:00 Uhr dt. Zeit. Nachdem wir unsere Taschen vom Band geholt haben, geht es zur Metro Station. Eine Fahrt vom Flughafen bis zur <strong>Station Bolh\u00e3o <\/strong>kostet <em>2,60 Euro<\/em> pro Person. Wir fahren mit der Linie E. Die Linie E (violett) f\u00e4hrt vom Flughafen bis zur Station&nbsp; Est\u00e1dio do Drag\u00e3o. Die Fahrt bis Bolh\u00e3o dauerte ca. 30 Minuten.<br>F\u00fcr jede Person muss eine eigene Fahrkarte gekauft werden, diese wird dann mit der ben\u00f6tigten Anzahl der Fahrten aufgeladen.<\/p>\n\n\n\n<p>Die Anreiseinfo von unserem Hostel:<br>Take the line &#8222;E&#8220; Metro from the Airport and leave at &#8222;Bolh\u00e3o&#8220; station. From here is a 8 minutes walk to the hostel, down &#8222;Santa Catarina&#8220; street turn left at &#8222;Passos Manuel&#8220; Street until you find &#8222;Poveiros&#8220; square and the &#8222;S\u00e3o L\u00e1zaro&#8220; garden to the right. On the other side of the garden you&#8217;ll find Av. &#8222;Rodrigues de Freitas&#8220; our hostel is across the street to the right.<\/p>\n\n\n\n<p>Im Hostel deponierten wir unsere Taschen, erledigten die Anmeldeformalit\u00e4ten und machten uns auf den Weg zum S\u00fcdufer des Douro \u00fcber die <strong>Ponte Lu\u00eds I<\/strong>, auf die Seite von <strong>Gaia<\/strong> (Vila Nova de Gaia) um den Ausblick auf die historische Altstadt (<strong>Ribeira<\/strong>) von Porto zu geniessen. Dies taten wir im &#8222;<em><strong>Taberninha Do Manel<\/strong><\/em>&#8220; bei Port, K\u00e4se, Oliven, Brot und Garnelen.&nbsp;<\/p>\n\n\n\n<p>Zur\u00fcck ging es mit der Standseilbahn, dem &#8222;<strong>Funicular dos Guindais<\/strong>&#8222;. Die Fahrt kostet <em>2,50 Euro pro Erwachsenen<\/em> und bringt einem vom Fluss zum oberen Teil der Stadt zum Platz &#8222;Batalha&#8220; (hier f\u00e4hrt die Linie 18 der historischen Tram ab).&nbsp;<\/p>\n\n\n\n<p>Nachdem wir unser Zimmer bezogen hatten, legten wir uns erst einmal hin. Ich habe tief und fest geschnorchelt. Zum Abend hie\u00df es frisch machen und mal schauen wo wir was zum Abendessen bekommen k\u00f6nnen. Wir fanden ein nettes Lokal, das &#8222;<em><strong>E Le Be<\/strong><\/em>&#8222;, doch die \u00f6ffneten erst um 19:00 Uhr. Also reservierte Melissa f\u00fcr uns einen Tisch und wir schlenderten einmal kurz um den Block.<br>Das Essen, der Wein und der Service waren einfach himmlisch.&nbsp;<\/p>\n\n\n\n<p>Satt, m\u00fcde und Zufrieden lagen wir vor 22:00 Uhr in den Federn.<\/p>\n\n\n\n<h3 class=\"wp-block-heading\" id=\"donnerstag-21-02-2019\">Donnerstag, 21.02.2019<\/h3>\n\n\n\n<p><strong>Porto<\/strong><\/p>\n\n\n\n<p>Wir erkundeten die Seitengassen hinter dem Theater und fuhren dann mit der historischen Tram <strong>Linie 22<\/strong> von der Endhaltestelle <strong>Batalha-Guindais<\/strong> bis zur Haltestelle <strong>Carmo<\/strong>. Dort stiegen wir in die <strong>Linie 18<\/strong> um, die f\u00e4hrt bis zum <strong>Tram Depot<\/strong> und von dort aus ging es mit der <strong>Linie 1<\/strong> hinaus zum Meer.&nbsp;In <strong>Foz do Douro<\/strong> genossen wir auf einer Kaimauer die Sonne, sahen zu, wie sich die Wellen am Leuchtturm brachen und beobachteten die Menschen und Tiere am Strand.<\/p>\n\n\n\n<figure class=\"wp-block-image size-full is-style-twentytwentyone-image-frame\"><img loading=\"lazy\" decoding=\"async\" width=\"600\" height=\"301\" src=\"https:\/\/wodys.net\/wp-content\/uploads\/2021\/12\/20190221_1233_0133.jpg\" alt=\"\" class=\"wp-image-545\" srcset=\"https:\/\/wodys.net\/wp-content\/uploads\/2021\/12\/20190221_1233_0133.jpg 600w, https:\/\/wodys.net\/wp-content\/uploads\/2021\/12\/20190221_1233_0133-300x151.jpg 300w, https:\/\/wodys.net\/wp-content\/uploads\/2021\/12\/20190221_1233_0133-150x75.jpg 150w\" sizes=\"auto, (max-width: 600px) 100vw, 600px\" \/><figcaption><strong>Leuchtturm Felgueiras<\/strong><\/figcaption><\/figure>\n\n\n\n<p>In den Palmen, im angrenzenden Gr\u00fcnstreifen, tummelten sich Papageien, welche dort auch ihre Nisth\u00f6hlen haben. Kurz vor der Haltestelle&nbsp;<strong>Passeio Alegre<\/strong> kehrten wir ein und g\u00f6nnten uns ein paar Tapas und einen guten Port f\u00fcr den kleinen Hunger zwischen durch.<\/p>\n\n\n\n<p>Mit der Linie 1 fuhren wir in die Altstadt und genossen, die F\u00fc\u00dfe von der Kaimauer baumelnd, die Sonne und die Musik der Stra\u00dfenmusikanten. Wir setzten mit dem Wassertaxi \u00fcber und machten uns auf den Weg nach Sandeman, dort hatten wir eine Kellertour mit anschlie\u00dfender Verkostung von drei Portweinen gebucht.<\/p>\n\n\n\n<figure class=\"wp-block-gallery has-nested-images columns-default is-cropped wp-block-gallery-1 is-layout-flex wp-block-gallery-is-layout-flex\">\n<figure class=\"wp-block-image size-large\"><img loading=\"lazy\" decoding=\"async\" width=\"450\" height=\"600\" data-id=\"546\" src=\"https:\/\/wodys.net\/wp-content\/uploads\/2021\/12\/20190221_1640_0247.jpg\" alt=\"\" class=\"wp-image-546\" srcset=\"https:\/\/wodys.net\/wp-content\/uploads\/2021\/12\/20190221_1640_0247.jpg 450w, https:\/\/wodys.net\/wp-content\/uploads\/2021\/12\/20190221_1640_0247-225x300.jpg 225w, https:\/\/wodys.net\/wp-content\/uploads\/2021\/12\/20190221_1640_0247-113x150.jpg 113w\" sizes=\"auto, (max-width: 450px) 100vw, 450px\" \/><\/figure>\n\n\n\n<figure class=\"wp-block-image size-large\"><img loading=\"lazy\" decoding=\"async\" width=\"600\" height=\"450\" data-id=\"547\" src=\"https:\/\/wodys.net\/wp-content\/uploads\/2021\/12\/20190221_1642_0251.jpg\" alt=\"\" class=\"wp-image-547\" srcset=\"https:\/\/wodys.net\/wp-content\/uploads\/2021\/12\/20190221_1642_0251.jpg 600w, https:\/\/wodys.net\/wp-content\/uploads\/2021\/12\/20190221_1642_0251-300x225.jpg 300w, https:\/\/wodys.net\/wp-content\/uploads\/2021\/12\/20190221_1642_0251-150x113.jpg 150w\" sizes=\"auto, (max-width: 600px) 100vw, 600px\" \/><\/figure>\n\n\n\n<figure class=\"wp-block-image size-large\"><img loading=\"lazy\" decoding=\"async\" width=\"592\" height=\"600\" data-id=\"548\" src=\"https:\/\/wodys.net\/wp-content\/uploads\/2021\/12\/20190221_1649_0279.jpg\" alt=\"\" class=\"wp-image-548\" srcset=\"https:\/\/wodys.net\/wp-content\/uploads\/2021\/12\/20190221_1649_0279.jpg 592w, https:\/\/wodys.net\/wp-content\/uploads\/2021\/12\/20190221_1649_0279-296x300.jpg 296w, https:\/\/wodys.net\/wp-content\/uploads\/2021\/12\/20190221_1649_0279-148x150.jpg 148w\" sizes=\"auto, (max-width: 592px) 100vw, 592px\" \/><\/figure>\n<\/figure>\n\n\n\n<h3 class=\"wp-block-heading\" id=\"freitag-22-02-2019\">Freitag, 22.02.2019<\/h3>\n\n\n\n<p><strong>Porto<\/strong><\/p>\n\n\n\n<p>Nach dem Fr\u00fchst\u00fcck sind wir zum <strong>Bahnhof S\u00e3o Bento<\/strong> gelaufen. Die Bahnhofshalle ist mit den typischen blau bemalten, quadratischen Fliesen gestaltet.Es macht immer wieder Spass zu schauen, wie man die Fliesenbilder zwischen den quirligen, manchmal hektischen, Menschenscharen aufs Bild zu bannen.<\/p>\n\n\n\n<p>Nach dem Bahnhof liefen wir durch kleine Gassen bis zur <strong>Livraria Lello<\/strong>, der Buchhandlung mit dieser super, genialen Treppe. Dort war es proppevoll. Wir entschieden uns f\u00fcr ein Eis und machten es uns unter einem Olivenbaum im angrenzenden Park gem\u00fctlich, mit dem Blick auf dem Glockenturm der Kirche <strong>Igreja dos Cl\u00e9rigos<\/strong>.<\/p>\n\n\n\n<figure class=\"wp-block-image size-full is-style-twentytwentyone-image-frame\"><img loading=\"lazy\" decoding=\"async\" width=\"600\" height=\"450\" src=\"https:\/\/wodys.net\/wp-content\/uploads\/2021\/12\/20190222_1237_0767.jpg\" alt=\"\" class=\"wp-image-549\" srcset=\"https:\/\/wodys.net\/wp-content\/uploads\/2021\/12\/20190222_1237_0767.jpg 600w, https:\/\/wodys.net\/wp-content\/uploads\/2021\/12\/20190222_1237_0767-300x225.jpg 300w, https:\/\/wodys.net\/wp-content\/uploads\/2021\/12\/20190222_1237_0767-150x113.jpg 150w\" sizes=\"auto, (max-width: 600px) 100vw, 600px\" \/><figcaption>Pause<\/figcaption><\/figure>\n\n\n\n<p>Weiter ging es, durch kleine Gassen, hinab zum Duoro, hinauf zur Br\u00fccke Ponte Dom Lu\u00eds I. Diesmal liefen wir \u00fcber die oberste Ebene, hier f\u00e4hrt auch die Bahn, auf die andere Seite. \u00dcber die hinteren Gassen von Vila Nova de Gaia ging es wieder zum Fluss.<\/p>\n\n\n\n<p>Zum Abschluss des Tages fuhren wir noch mit der alten Bahn bis zum Depot und mit der letzten Bahn wieder retour.<\/p>\n\n\n\n<h3 class=\"wp-block-heading\" id=\"samstag-23-02-2019\">Samstag, 23.02.2019<\/h3>\n\n\n\n<p><strong>Porto<\/strong><\/p>\n\n\n\n<p>Nach dem Fr\u00fchst\u00fcck r\u00e4umten wir unser Zimmer und deponierten die Koffer an der Hostelrezeption. Wir liefen hinab zum Douro, genossen die Sonne und setzten wieder mit dem Wassertaxi ans andere Ufer \u00fcber. Dort kehrten wir auf &#8222;der&#8220; Dachterasse ein, bestellten uns Portwein und eine Kleinigkeit zu essen. Wir genossen die wunderbare Aussicht auf die Altstadt von Porto und genossen die letzten Stunden in Porto.<\/p>\n\n\n\n<p>Mit der Standseilbahn fuhren wir wieder hoch und holten unsere Taschen ab. Durch das gewusel in den Gassen machten wir uns auf den Weg zur U-Bahn um unsere Bahn zum Flughafen zu erreichen.<\/p>\n","protected":false},"excerpt":{"rendered":"<p>Melissa und ich wollen mal kurz raus, egal wohin. Nachdem unsere erste Idee, Kopenhagen, aufgrund zu hoher Kosten ad acta gelegt werden musste, blieb die Frage wohin. Porto, Barcelona, Lissabon, Malaga, Palermo, Madrid, Rom &#8230;? Porto hat sich durchgesetzt.&nbsp;Hin- und R\u00fcckflug f\u00fcr 2 Personen: 175 EuroUnterkunft mit Fr\u00fchst\u00fcck in einem Hostel: 129 Euro3 Euro Maut [&hellip;]<\/p>\n","protected":false},"author":1,"featured_media":693,"parent":26,"menu_order":0,"comment_status":"closed","ping_status":"closed","template":"","meta":{"footnotes":""},"class_list":["post-543","page","type-page","status-publish","has-post-thumbnail","hentry"],"_links":{"self":[{"href":"https:\/\/wodys.net\/index.php\/wp-json\/wp\/v2\/pages\/543","targetHints":{"allow":["GET"]}}],"collection":[{"href":"https:\/\/wodys.net\/index.php\/wp-json\/wp\/v2\/pages"}],"about":[{"href":"https:\/\/wodys.net\/index.php\/wp-json\/wp\/v2\/types\/page"}],"author":[{"embeddable":true,"href":"https:\/\/wodys.net\/index.php\/wp-json\/wp\/v2\/users\/1"}],"replies":[{"embeddable":true,"href":"https:\/\/wodys.net\/index.php\/wp-json\/wp\/v2\/comments?post=543"}],"version-history":[{"count":8,"href":"https:\/\/wodys.net\/index.php\/wp-json\/wp\/v2\/pages\/543\/revisions"}],"predecessor-version":[{"id":1572,"href":"https:\/\/wodys.net\/index.php\/wp-json\/wp\/v2\/pages\/543\/revisions\/1572"}],"up":[{"embeddable":true,"href":"https:\/\/wodys.net\/index.php\/wp-json\/wp\/v2\/pages\/26"}],"wp:featuredmedia":[{"embeddable":true,"href":"https:\/\/wodys.net\/index.php\/wp-json\/wp\/v2\/media\/693"}],"wp:attachment":[{"href":"https:\/\/wodys.net\/index.php\/wp-json\/wp\/v2\/media?parent=543"}],"curies":[{"name":"wp","href":"https:\/\/api.w.org\/{rel}","templated":true}]}}