{"id":582,"date":"2021-12-19T20:44:54","date_gmt":"2021-12-19T19:44:54","guid":{"rendered":"https:\/\/wodys.net\/?page_id=582"},"modified":"2025-03-23T21:18:29","modified_gmt":"2025-03-23T20:18:29","slug":"2018-wien","status":"publish","type":"page","link":"https:\/\/wodys.net\/index.php\/blog\/archiv\/2018-wien\/","title":{"rendered":"2018 Wien"},"content":{"rendered":"\n<h4 class=\"wp-block-heading\" id=\"planung\">Planung<\/h4>\n\n\n\n<p>Ich habe vorab die Tickets f\u00fcr das Schloss und Gloriette per Internet Shop bestellt.<\/p>\n\n\n\n<h4 class=\"wp-block-heading\" id=\"freitag-06-07-2018\">Freitag, 06.07.2018<\/h4>\n\n\n\n<h5 class=\"wp-block-heading\" id=\"naschmarkt-und-riesenrad\">Naschmarkt und Riesenrad<\/h5>\n\n\n\n<p>Wie immer, es ist nicht meine Zeit. Im Kalender steht:<\/p>\n\n\n\n<p>4:30 &#8211; 6:00 Uhr Anreise Flughafen Ich habe erst Mama abgeholt.<br>6:00 &#8211; 6:30 Uhr Wie immer, gebe ich den Wagen an <strong>K-parking<\/strong> ab. Direkte Abholung vor dem Terminal. Klasse Service.<br>Unser Flug geht um 7:20 Uhr, Landung in Wien um 8:50 Uhr.<\/p>\n\n\n\n<p>Wir fuhren zu unserem Hotel, um unsere Taschen abzugeben und die ersten Erkundungen zu unternehmen. Zuerst ging es zum <strong>Naschmarkt<\/strong>. Der lag den Berg runter, um die Ecke. Hier g\u00f6nnten wir uns einen kleinen Mittagssnack, Wein und einen Degestif. Wir schlenderten \u00fcber den Naschmarkt, g\u00f6nnten uns noch einen Kaffee &#8211; ach hier heisst der ja anders -also einen <strong>kleinen Braunen<\/strong>.<\/p>\n\n\n\n<p>Danach\u00a0 ging es retour zum Hotel unsere Zimmer beziehen, frisch machen und auf zu neuen Abenteuern. Wir wollen Riesenrad fahren. Also auf zum <strong>Prater<\/strong>.<br>Selbst Sylvia fasste sich ein Herz und fuhr mit, machte sogar Bilder vom Fenster aus. Hut ab und Gl\u00fcckwunsch zum Sprung \u00fcber die Angstkante.<\/p>\n\n\n\n<h4 class=\"wp-block-heading\" id=\"samstag-07-07-2018\">Samstag, 07.07.2018<\/h4>\n\n\n\n<h5 class=\"wp-block-heading\" id=\"schloss-schonbrunn-und-die-gloriette\">Schlo\u00df Sch\u00f6nbrunn und die Gloriette<\/h5>\n\n\n\n<p>Wir hatten uns schon im Vorfeld Karten f\u00fcr eine Schlo\u00dftour und f\u00fcr die Gloriette bestellt. Diese hatte ich zuhause vergessen. Also hatte ich am Abend vorher eine Mail an den Ticketshop geschickt. Am Morgen hatte ich eine nette Antwort und die Tickets als Handytickets mit dazu. Toller Service.<\/p>\n\n\n\n<p>Wir fuhren mit den \u00d6ffis bis zur Haltestelle Sch\u00f6nbrunn.<\/p>\n\n\n\n<p><strong>Die Imperial Tour<\/strong>: Zu Gast bei Kaiser Franz Joseph und seiner Gemahlin Elisabeth. Auf der Imperial Tour schlendert man durch 22 Rokoko-Repr\u00e4sentationsr\u00e4umen des Schlosses, sieht die verschwenderische Pracht der Gro\u00dfen Galerie, den fern\u00f6stlichen Charme der chinesischen Kabinette, aber auch die &#8222;erstaunliche Bescheidenheit&#8220;, mit der Kaiser Franz Joseph seine Privatgem\u00e4cher ausstatten lie\u00df.<\/p>\n\n\n\n<p>Auf der Internetseite des Schlosses steht zur Gloriette:<br>Der Bauk\u00f6rper setzt sich aus einem triumphbogenartigen Mittelteil mit luftigen rundbogigen Arkadenfl\u00fcgeln zusammen. Das <strong>Flachdach<\/strong> wird von einer Balustrade eingefasst und diente bereits zu Beginn des 19. Jahrhunderts als <strong>Aussichtsplattform<\/strong>, die bis heute \u00fcber Treppen begehbar ist. Genie\u00dfen Sie den imposanten Blick von der Aussichtsterrasse auf das Areal von Sch\u00f6nbrunn und weite Teile Wiens. Im verglasten Mittelteil befindet sich heute ein Caf\u00e9.<br>Die Gloriette bekr\u00f6nt den Sch\u00f6nbrunner Berg und bildet somit einen ad\u00e4quaten Abschluss der barocken Schlossanlage.<\/p>\n\n\n\n<p>Wir schlenderten nach unserer Imperial Tour durch den Garten hinauf zur Gloriette. Ich darf hier schon mal erw\u00e4hnen, das wir gar nicht auf der Aussichtsterrasse waren, aber wir haben eine kleine Pause im Caf\u00e9 bei Radler, Kaffee und Kuchen gemacht. Es war an diesem Tag br\u00fctend hei\u00df. Hinab lie\u00dfen wir uns mit der kleinen Bimmelbahn fahren.<\/p>\n\n\n\n<p>Wir nahmen die Bahn zur\u00fcck in die Stadt, schlenderten zum HRC und g\u00f6nnten uns dort, unter gro\u00dfen Sonnenschirmen einen Cocktail und teilten uns eine Portion Nachos.<\/p>\n\n\n\n<h4 class=\"wp-block-heading\" id=\"sonntag-08-07-2018\">Sonntag, 08.07.2018<\/h4>\n\n\n\n<h5 class=\"wp-block-heading\" id=\"ole-spanische-hofreitschule\">Ol\u00e9 &#8211; Spanische Hofreitschule<\/h5>\n\n\n\n<p>Heute ging es in die spanische Hofreitschule. Hier wurden uns ein Teil der Stuten mit ihren Nachwuchs vorgestellt, genauso wie die Hengste vor den Einsp\u00e4nner.<\/p>\n\n\n\n<h4 class=\"wp-block-heading\" id=\"montag-09-07-2018\">Montag, 09.07.2018<\/h4>\n\n\n\n<h5 class=\"wp-block-heading\" id=\"verstorbene-grossen-und-viakerfahrt\">Verstorbene Gr\u00f6\u00dfen und Viakerfahrt<\/h5>\n\n\n\n<p>Besuch des Wiener Hauptfriedhofs und im Anschluss eine entspannte Fahrt mit einem Viaker.<\/p>\n\n\n\n<h4 class=\"wp-block-heading\" id=\"dienstag-10-07-2018\">Dienstag, 10.07.2018<\/h4>\n\n\n\n<h5 class=\"wp-block-heading\" id=\"wien-kaffeehauskultur-und-demels-sacher\">Wien, Kaffeehauskultur und Demels Sacher<\/h5>\n\n\n\n<p>Unsere Sachertorte haben wir bei Demels gegessen. Sehr zu empfehlen.<\/p>\n\n\n\n<h4 class=\"wp-block-heading\" id=\"mittwoch-11-07-2018\">Mittwoch, 11.07.2018<\/h4>\n\n\n\n<h5 class=\"wp-block-heading\" id=\"heimflug\">Heimflug<\/h5>\n","protected":false},"excerpt":{"rendered":"<p>Planung Ich habe vorab die Tickets f\u00fcr das Schloss und Gloriette per Internet Shop bestellt. Freitag, 06.07.2018 Naschmarkt und Riesenrad Wie immer, es ist nicht meine Zeit. Im Kalender steht: 4:30 &#8211; 6:00 Uhr Anreise Flughafen Ich habe erst Mama abgeholt.6:00 &#8211; 6:30 Uhr Wie immer, gebe ich den Wagen an K-parking ab. Direkte Abholung [&hellip;]<\/p>\n","protected":false},"author":1,"featured_media":0,"parent":3205,"menu_order":0,"comment_status":"closed","ping_status":"closed","template":"","meta":{"footnotes":""},"class_list":["post-582","page","type-page","status-publish","hentry"],"_links":{"self":[{"href":"https:\/\/wodys.net\/index.php\/wp-json\/wp\/v2\/pages\/582","targetHints":{"allow":["GET"]}}],"collection":[{"href":"https:\/\/wodys.net\/index.php\/wp-json\/wp\/v2\/pages"}],"about":[{"href":"https:\/\/wodys.net\/index.php\/wp-json\/wp\/v2\/types\/page"}],"author":[{"embeddable":true,"href":"https:\/\/wodys.net\/index.php\/wp-json\/wp\/v2\/users\/1"}],"replies":[{"embeddable":true,"href":"https:\/\/wodys.net\/index.php\/wp-json\/wp\/v2\/comments?post=582"}],"version-history":[{"count":11,"href":"https:\/\/wodys.net\/index.php\/wp-json\/wp\/v2\/pages\/582\/revisions"}],"predecessor-version":[{"id":4525,"href":"https:\/\/wodys.net\/index.php\/wp-json\/wp\/v2\/pages\/582\/revisions\/4525"}],"up":[{"embeddable":true,"href":"https:\/\/wodys.net\/index.php\/wp-json\/wp\/v2\/pages\/3205"}],"wp:attachment":[{"href":"https:\/\/wodys.net\/index.php\/wp-json\/wp\/v2\/media?parent=582"}],"curies":[{"name":"wp","href":"https:\/\/api.w.org\/{rel}","templated":true}]}}